{"id":2486,"date":"2023-02-02T18:14:01","date_gmt":"2023-02-02T17:14:01","guid":{"rendered":"https:\/\/agora.xtec.cat\/cfa-martorell\/?page_id=2486"},"modified":"2023-11-17T11:29:22","modified_gmt":"2023-11-17T10:29:22","slug":"avaluacio-i-millora","status":"publish","type":"page","link":"https:\/\/agora.xtec.cat\/cfa-martorell\/estrategia-digital-de-centre\/avaluacio-i-millora\/","title":{"rendered":"Avaluaci\u00f3 i millora"},"content":{"rendered":"<p>L\u2019avaluaci\u00f3 es realitzar\u00e0 coincidint amb l\u2019avaluaci\u00f3 de la Programaci\u00f3 General Anual i quedar\u00e0 reflectida a la Mem\u00f2ria Anual.<\/p>\n<table style=\"border-collapse: collapse; width: 100%;\">\n<tbody>\n<tr style=\"background-color: #b0b0b0;\">\n<td style=\"width: 2.82814%;\" data-sheets-value=\"{&quot;1&quot;:2,&quot;2&quot;:&quot;id&quot;}\">\n<h4><strong>id<\/strong><\/h4>\n<\/td>\n<td style=\"width: 48.1508%;\" data-sheets-value=\"{&quot;1&quot;:2,&quot;2&quot;:&quot;Desplegament d'actuacions relacionades amb els objectius&quot;}\">\n<h4><strong>Desplegament d&#8217;actuacions relacionades amb els objectius<\/strong><\/h4>\n<\/td>\n<td style=\"width: 30.0943%;\" data-sheets-value=\"{&quot;1&quot;:2,&quot;2&quot;:&quot;Criteri&quot;}\">\n<h4><strong>Criteri<\/strong><\/h4>\n<\/td>\n<td style=\"width: 18.9268%;\" data-sheets-value=\"{&quot;1&quot;:2,&quot;2&quot;:&quot;Indicador&quot;}\">\n<h4><strong>Indicador<\/strong><\/h4>\n<\/td>\n<\/tr>\n<tr style=\"background-color: #cfcfcf;\">\n<td style=\"width: 2.82814%;\" data-sheets-value=\"{&quot;1&quot;:2,&quot;2&quot;:&quot;O1&quot;}\" data-sheets-numberformat=\"{&quot;1&quot;:2,&quot;2&quot;:&quot;0&quot;,&quot;3&quot;:1}\">\n<h6><strong>O1<\/strong><\/h6>\n<\/td>\n<td style=\"width: 48.1508%;\" data-sheets-value=\"{&quot;1&quot;:2,&quot;2&quot;:&quot;Utilitzar tecnologies digital per col\u00b7laborar amb altres organitzacions&quot;}\">\n<h6><strong>Utilitzar tecnologies digital per col\u00b7laborar amb altres organitzacions<\/strong><\/h6>\n<\/td>\n<td style=\"width: 30.0943%;\">\n<h6><\/h6>\n<\/td>\n<td style=\"width: 18.9268%;\">\n<h6><\/h6>\n<\/td>\n<\/tr>\n<tr>\n<td style=\"width: 2.82814%;\" data-sheets-value=\"{&quot;1&quot;:2,&quot;2&quot;:&quot;1.1&quot;}\" data-sheets-numberformat=\"{&quot;1&quot;:1}\">1.1<\/td>\n<td style=\"width: 48.1508%;\" data-sheets-value=\"{&quot;1&quot;:2,&quot;2&quot;:&quot;Recerca de projectes col\u00b7laboratius en l\u00ednia adients per a la participaci\u00f3 del nostre Centre.&quot;}\">Recerca de projectes col\u00b7laboratius en l\u00ednia adients per a la participaci\u00f3 del nostre Centre.<\/td>\n<td style=\"width: 30.0943%;\" data-sheets-value=\"{&quot;1&quot;:2,&quot;2&quot;:&quot;Fer la recerca de projectes&quot;}\">Fer la recerca de projectes<\/td>\n<td style=\"width: 18.9268%;\" data-sheets-value=\"{&quot;1&quot;:2,&quot;2&quot;:&quot;Selecci\u00f3 de projectes (m\u00ednim 1)&quot;}\">Selecci\u00f3 de projectes (m\u00ednim 1)<\/td>\n<\/tr>\n<tr>\n<td style=\"width: 2.82814%;\" data-sheets-value=\"{&quot;1&quot;:2,&quot;2&quot;:&quot;1.2&quot;}\" data-sheets-numberformat=\"{&quot;1&quot;:1}\">1.2<\/td>\n<td style=\"width: 48.1508%;\" data-sheets-value=\"{&quot;1&quot;:2,&quot;2&quot;:&quot;Revisi\u00f3 dels projectes seleccionats i tria del projecte a realitzar&quot;}\">Revisi\u00f3 dels projectes seleccionats i tria del projecte a realitzar<\/td>\n<td style=\"width: 30.0943%;\" data-sheets-value=\"{&quot;1&quot;:2,&quot;2&quot;:&quot;Creaci\u00f3 d'un document per la revisi\u00f3 i tria del projecte.&quot;}\">Creaci\u00f3 d&#8217;un document per la revisi\u00f3 i tria del projecte.<\/td>\n<td style=\"width: 18.9268%;\" data-sheets-value=\"{&quot;1&quot;:2,&quot;2&quot;:&quot;Si s'ha creat o no&quot;}\">Si s&#8217;ha creat o no<\/td>\n<\/tr>\n<tr>\n<td style=\"width: 2.82814%;\" data-sheets-value=\"{&quot;1&quot;:2,&quot;2&quot;:&quot;1.3&quot;}\" data-sheets-numberformat=\"{&quot;1&quot;:1}\">1.3<\/td>\n<td style=\"width: 48.1508%;\" data-sheets-value=\"{&quot;1&quot;:2,&quot;2&quot;:&quot;Selecci\u00f3 de l'alumnat i realitzatci\u00f3 del projecte&quot;}\">Selecci\u00f3 de l&#8217;alumnat i realitzatci\u00f3 del projecte<\/td>\n<td style=\"width: 30.0943%;\" data-sheets-value=\"{&quot;1&quot;:2,&quot;2&quot;:&quot;Realitzaci\u00f3 del projecte.&quot;}\">Realitzaci\u00f3 del projecte.<\/td>\n<td style=\"width: 18.9268%;\" data-sheets-value=\"{&quot;1&quot;:2,&quot;2&quot;:&quot;Si s'ha dut a terme o no.&quot;}\">Si s&#8217;ha dut a terme o no.<\/td>\n<\/tr>\n<tr style=\"background-color: #cfcfcf;\">\n<td style=\"width: 2.82814%;\" data-sheets-value=\"{&quot;1&quot;:2,&quot;2&quot;:&quot;O2&quot;}\">\n<h6><strong>O2<\/strong><\/h6>\n<\/td>\n<td style=\"width: 48.1508%;\" data-sheets-value=\"{&quot;1&quot;:2,&quot;2&quot;:&quot;Utilitzar tecnologies dgitals per a la coavaluaci\u00f3 entre l'alumnat&quot;}\">\n<h6><strong>Utilitzar tecnologies dgitals per a la coavaluaci\u00f3 entre l&#8217;alumnat<\/strong><\/h6>\n<\/td>\n<td style=\"width: 30.0943%;\">\n<h6><\/h6>\n<\/td>\n<td style=\"width: 18.9268%;\">\n<h6><\/h6>\n<\/td>\n<\/tr>\n<tr>\n<td style=\"width: 2.82814%;\" data-sheets-value=\"{&quot;1&quot;:2,&quot;2&quot;:&quot;2.1&quot;}\" data-sheets-numberformat=\"{&quot;1&quot;:1}\">2.1<\/td>\n<td style=\"width: 48.1508%;\" data-sheets-value=\"{&quot;1&quot;:2,&quot;2&quot;:&quot;Selecci\u00f3 de l'eina digital adequada per a la coavaluaci\u00f3&quot;}\">Selecci\u00f3 de l&#8217;eina digital adequada per a la coavaluaci\u00f3<\/td>\n<td style=\"width: 30.0943%;\" data-sheets-value=\"{&quot;1&quot;:2,&quot;2&quot;:&quot;Recerca i sel\u00b7lecci\u00f3 d'eines digitals per a la coavaluaci\u00f3.&quot;}\">Recerca i sel\u00b7lecci\u00f3 d&#8217;eines digitals per a la coavaluaci\u00f3.<\/td>\n<td style=\"width: 18.9268%;\" data-sheets-value=\"{&quot;1&quot;:2,&quot;2&quot;:&quot;M\u00ednim 1 eina.&quot;}\">M\u00ednim 1 eina.<\/td>\n<\/tr>\n<tr>\n<td style=\"width: 2.82814%;\" data-sheets-value=\"{&quot;1&quot;:2,&quot;2&quot;:&quot;2.2&quot;}\" data-sheets-numberformat=\"{&quot;1&quot;:1}\">2.2<\/td>\n<td style=\"width: 48.1508%;\" data-sheets-value=\"{&quot;1&quot;:2,&quot;2&quot;:&quot;Selecci\u00f3 de l'alumnat que realitzar\u00e0 les activitats de coavaluaci\u00f3&quot;}\">Selecci\u00f3 de l&#8217;alumnat que realitzar\u00e0 les activitats de coavaluaci\u00f3<\/td>\n<td style=\"width: 30.0943%;\" data-sheets-value=\"{&quot;1&quot;:2,&quot;2&quot;:&quot;Sel\u00b7lecci\u00f3 de grups que faran les activitats de coavaluaci\u00f3&quot;}\">Sel\u00b7lecci\u00f3 de grups que faran les activitats de coavaluaci\u00f3<\/td>\n<td style=\"width: 18.9268%;\" data-sheets-value=\"{&quot;1&quot;:2,&quot;2&quot;:&quot;M\u00ednim 4 grups.&quot;}\">M\u00ednim 4 grups.<\/td>\n<\/tr>\n<tr>\n<td style=\"width: 2.82814%;\" data-sheets-value=\"{&quot;1&quot;:2,&quot;2&quot;:&quot;2.3&quot;}\" data-sheets-numberformat=\"{&quot;1&quot;:1}\">2.3<\/td>\n<td style=\"width: 48.1508%;\" data-sheets-value=\"{&quot;1&quot;:2,&quot;2&quot;:&quot;Programaci\u00f3 i realitzaci\u00f3 de les activitats amb coavaluaci\u00f3.&quot;}\">Programaci\u00f3 i realitzaci\u00f3 de les activitats amb coavaluaci\u00f3.<\/td>\n<td style=\"width: 30.0943%;\" data-sheets-value=\"{&quot;1&quot;:2,&quot;2&quot;:&quot;Sel\u00b7lecci\u00f3 d'activitats adients per fer la coavaluaci\u00f3.&quot;}\">Sel\u00b7lecci\u00f3 d&#8217;activitats adients per fer la coavaluaci\u00f3.<\/td>\n<td style=\"width: 18.9268%;\" data-sheets-value=\"{&quot;1&quot;:2,&quot;2&quot;:&quot;Minim 4 activitats.&quot;}\">Minim 4 activitats.<\/td>\n<\/tr>\n<tr style=\"background-color: #cfcfcf;\">\n<td style=\"width: 2.82814%;\" data-sheets-value=\"{&quot;1&quot;:2,&quot;2&quot;:&quot;O3&quot;}\">\n<h6><strong>O3<\/strong><\/h6>\n<\/td>\n<td style=\"width: 48.1508%;\" data-sheets-value=\"{&quot;1&quot;:2,&quot;2&quot;:&quot;Crear un banc de r\u00fabriques compartit amb el professorat per a l'avaluaci\u00f3 de l'alumnat&quot;}\">\n<h6><strong>Crear un banc de r\u00fabriques compartit amb el professorat per a l&#8217;avaluaci\u00f3 de l&#8217;alumnat<\/strong><\/h6>\n<\/td>\n<td style=\"width: 30.0943%;\">\n<h6><\/h6>\n<\/td>\n<td style=\"width: 18.9268%;\">\n<h6><\/h6>\n<\/td>\n<\/tr>\n<tr>\n<td style=\"width: 2.82814%;\" data-sheets-value=\"{&quot;1&quot;:2,&quot;2&quot;:&quot;3.1&quot;}\" data-sheets-numberformat=\"{&quot;1&quot;:1}\">3.1<\/td>\n<td style=\"width: 48.1508%;\" data-sheets-value=\"{&quot;1&quot;:2,&quot;2&quot;:&quot;Creaci\u00f3 d'un banc de r\u00fabriques compartit a Google Classroom&quot;}\">Creaci\u00f3 d&#8217;un banc de r\u00fabriques compartit a Google Classroom<\/td>\n<td style=\"width: 30.0943%;\" data-sheets-value=\"{&quot;1&quot;:2,&quot;2&quot;:&quot;Banc de r\u00fabriques a Google Classroom&quot;}\">Banc de r\u00fabriques a Google Classroom<\/td>\n<td style=\"width: 18.9268%;\" data-sheets-value=\"{&quot;1&quot;:2,&quot;2&quot;:&quot;Si s'ha creat o no.&quot;}\">Si s&#8217;ha creat o no.<\/td>\n<\/tr>\n<tr>\n<td style=\"width: 2.82814%;\" data-sheets-value=\"{&quot;1&quot;:2,&quot;2&quot;:&quot;3.2&quot;}\" data-sheets-numberformat=\"{&quot;1&quot;:1}\">3.2<\/td>\n<td style=\"width: 48.1508%;\" data-sheets-value=\"{&quot;1&quot;:2,&quot;2&quot;:&quot;Creaci\u00f3 d'una guia per facilitar el trasp\u00e0s de r\u00fabriques entre Moodel i Google Classroom i a la inversa&quot;}\">Creaci\u00f3 d&#8217;una guia per facilitar el trasp\u00e0s de r\u00fabriques entre Moodel i Google Classroom i a la inversa<\/td>\n<td style=\"width: 30.0943%;\" data-sheets-value=\"{&quot;1&quot;:2,&quot;2&quot;:&quot;Elaboraci\u00f3 de la guia per intercanviar r\u00fabriques entre els EVA del centre.&quot;}\">Elaboraci\u00f3 de la guia per intercanviar r\u00fabriques entre els EVA del centre.<\/td>\n<td style=\"width: 18.9268%;\" data-sheets-value=\"{&quot;1&quot;:2,&quot;2&quot;:&quot;Si s'ha creat o no.&quot;}\">Si s&#8217;ha creat o no.<\/td>\n<\/tr>\n<tr style=\"background-color: #cfcfcf;\">\n<td style=\"width: 2.82814%;\" data-sheets-value=\"{&quot;1&quot;:2,&quot;2&quot;:&quot;O4&quot;}\">\n<h6><strong>O4<\/strong><\/h6>\n<\/td>\n<td style=\"width: 48.1508%;\" data-sheets-value=\"{&quot;1&quot;:2,&quot;2&quot;:&quot;Establir sessions de Claustre per compartir experi\u00e8ncies educatives amb tecnologies digitals entre el professorat del centre&quot;}\">\n<h6><strong>Establir sessions de Claustre per compartir experi\u00e8ncies educatives amb tecnologies digitals entre el professorat del centre<\/strong><\/h6>\n<\/td>\n<td style=\"width: 30.0943%;\">\n<h6><\/h6>\n<\/td>\n<td style=\"width: 18.9268%;\">\n<h6><\/h6>\n<\/td>\n<\/tr>\n<tr>\n<td style=\"width: 2.82814%;\" data-sheets-value=\"{&quot;1&quot;:2,&quot;2&quot;:&quot;4.1&quot;}\" data-sheets-numberformat=\"{&quot;1&quot;:1}\">4.1<\/td>\n<td style=\"width: 48.1508%;\" data-sheets-value=\"{&quot;1&quot;:2,&quot;2&quot;:&quot;Establiment del calendari de sessions de Claustre&quot;}\">Establiment del calendari de sessions de Claustre<\/td>\n<td style=\"width: 30.0943%;\" data-sheets-value=\"{&quot;1&quot;:2,&quot;2&quot;:&quot;Establir un calendari de sessions de Claustre per intercanviar experiencies&quot;}\">Establir un calendari de sessions de Claustre per intercanviar experiencies<\/td>\n<td style=\"width: 18.9268%;\" data-sheets-value=\"{&quot;1&quot;:2,&quot;2&quot;:&quot;Establir un m\u00ednim de 3 sessions per curs.&quot;}\">Establir un m\u00ednim de 3 sessions per curs.<\/td>\n<\/tr>\n<tr>\n<td style=\"width: 2.82814%;\" data-sheets-value=\"{&quot;1&quot;:2,&quot;2&quot;:&quot;4.2&quot;}\" data-sheets-numberformat=\"{&quot;1&quot;:1}\">4.2<\/td>\n<td style=\"width: 48.1508%;\" data-sheets-value=\"{&quot;1&quot;:2,&quot;2&quot;:&quot;Creaci\u00f3 d'un repositori d'experi\u00e8ncies educatives amb tecnologies digitals compartit amb el professorat.&quot;}\">Creaci\u00f3 d&#8217;un repositori d&#8217;experi\u00e8ncies educatives amb tecnologies digitals compartit amb el professorat.<\/td>\n<td style=\"width: 30.0943%;\" data-sheets-value=\"{&quot;1&quot;:2,&quot;2&quot;:&quot;Creaci\u00f3 d'un repositori&quot;}\">Creaci\u00f3 d&#8217;un repositori<\/td>\n<td style=\"width: 18.9268%;\" data-sheets-value=\"{&quot;1&quot;:2,&quot;2&quot;:&quot;Afegir un m\u00ednim de 10 experi\u00e8ncies per curs.&quot;}\">Afegir un m\u00ednim de 10 experi\u00e8ncies per curs.<\/td>\n<\/tr>\n<\/tbody>\n<\/table>\n","protected":false},"excerpt":{"rendered":"<p>L\u2019avaluaci\u00f3 es realitzar\u00e0 coincidint amb l\u2019avaluaci\u00f3 de la Programaci\u00f3 General Anual i quedar\u00e0 reflectida a la Mem\u00f2ria Anual.<\/p>\n<p>id<\/p>\n<p>Desplegament d&#8217;actuacions relacionades amb els objectius<\/p>\n<p>Criteri<\/p>\n<p>Indicador<\/p>\n<p>O1<\/p>\n<p>Utilitzar tecnologies digital per col\u00b7laborar amb altres organitzacions<\/p>\n<p>1.1<br \/>\nRecerca de projectes col\u00b7laboratius en l\u00ednia adients per a la participaci\u00f3 del nostre Centre.<br \/>\nFer la recerca&hellip;  <a href=\"https:\/\/agora.xtec.cat\/cfa-martorell\/estrategia-digital-de-centre\/avaluacio-i-millora\/\" title=\"Read Avaluaci\u00f3 i millora\">Llegeix m\u00e9s\u00bb<\/a><\/p>\n","protected":false},"author":1,"featured_media":0,"parent":2479,"menu_order":4,"comment_status":"closed","ping_status":"closed","template":"page-templates\/side-menu.php","meta":{"_bbp_topic_count":0,"_bbp_reply_count":0,"_bbp_total_topic_count":0,"_bbp_total_reply_count":0,"_bbp_voice_count":0,"_bbp_anonymous_reply_count":0,"_bbp_topic_count_hidden":0,"_bbp_reply_count_hidden":0,"_bbp_forum_subforum_count":0,"footnotes":""},"class_list":["post-2486","page","type-page","status-publish","hentry"],"post_mailing_queue_ids":[],"_links":{"self":[{"href":"https:\/\/agora.xtec.cat\/cfa-martorell\/wp-json\/wp\/v2\/pages\/2486","targetHints":{"allow":["GET"]}}],"collection":[{"href":"https:\/\/agora.xtec.cat\/cfa-martorell\/wp-json\/wp\/v2\/pages"}],"about":[{"href":"https:\/\/agora.xtec.cat\/cfa-martorell\/wp-json\/wp\/v2\/types\/page"}],"author":[{"embeddable":true,"href":"https:\/\/agora.xtec.cat\/cfa-martorell\/wp-json\/wp\/v2\/users\/1"}],"replies":[{"embeddable":true,"href":"https:\/\/agora.xtec.cat\/cfa-martorell\/wp-json\/wp\/v2\/comments?post=2486"}],"version-history":[{"count":3,"href":"https:\/\/agora.xtec.cat\/cfa-martorell\/wp-json\/wp\/v2\/pages\/2486\/revisions"}],"predecessor-version":[{"id":2658,"href":"https:\/\/agora.xtec.cat\/cfa-martorell\/wp-json\/wp\/v2\/pages\/2486\/revisions\/2658"}],"up":[{"embeddable":true,"href":"https:\/\/agora.xtec.cat\/cfa-martorell\/wp-json\/wp\/v2\/pages\/2479"}],"wp:attachment":[{"href":"https:\/\/agora.xtec.cat\/cfa-martorell\/wp-json\/wp\/v2\/media?parent=2486"}],"curies":[{"name":"wp","href":"https:\/\/api.w.org\/{rel}","templated":true}]}}