{"id":21,"date":"2014-09-17T16:14:14","date_gmt":"2014-09-17T16:14:14","guid":{"rendered":"http:\/\/agora.xtec.cat\/cfa-martorell\/?page_id=21"},"modified":"2024-01-21T06:55:24","modified_gmt":"2024-01-21T05:55:24","slug":"on-som","status":"publish","type":"page","link":"https:\/\/agora.xtec.cat\/cfa-martorell\/el-centre\/on-som\/","title":{"rendered":"Contacte \/ On som?"},"content":{"rendered":"<p>&nbsp;<\/p>\n<p><span style=\"color: #0000ff;\"><strong><span style=\"color: #339966;\">Contacte:<\/span><\/strong><\/span><\/p>\n<p><span style=\"color: #0000ff;\"><strong><span style=\"color: #339966;\">Tel\u00e8fon: <\/span><\/strong><span style=\"color: #000000;\">937754834<\/span><\/span><\/p>\n<p>Horari per contactar:<\/p>\n<p>&#8211; de dilluns a divendres de 10 a 14h.<\/p>\n<p style=\"text-align: left;\">&#8211; de dilluns a dimecres de 15 a 18h.<\/p>\n<p style=\"text-align: left;\"><span style=\"color: #0000ff;\"><strong><span style=\"color: #339966;\">Email :<\/span><\/strong><span style=\"color: #000000;\"> informacio<span class=\"atwho-query\">@cfamartorell.cat<\/span><\/span><\/span><\/p>\n<p>&nbsp;<\/p>\n<p>&nbsp;<\/p>\n<p><a href=\"https:\/\/goo.gl\/maps\/K6XS5CAdaxxNv6az6\" target=\"_blank\" rel=\"noopener noreferrer\"><span style=\"color: #0000ff;\"><strong><span style=\"color: #339966;\">On som?:\u00a0<\/span><\/strong><\/span><\/a><\/p>\n<p><a href=\"https:\/\/goo.gl\/maps\/K6XS5CAdaxxNv6az6\" target=\"_blank\" rel=\"noopener noreferrer\"><img loading=\"lazy\" decoding=\"async\" class=\"alignnone wp-image-1193 size-medium\" src=\"https:\/\/agora.xtec.cat\/cfa-martorell\/wp-content\/uploads\/usu1768\/2020\/04\/UbicacioXarxaAdults-300x194.png\" alt=\"\" width=\"300\" height=\"194\" srcset=\"https:\/\/agora.xtec.cat\/cfa-martorell\/wp-content\/uploads\/usu1768\/2020\/04\/UbicacioXarxaAdults-300x194.png 300w, https:\/\/agora.xtec.cat\/cfa-martorell\/wp-content\/uploads\/usu1768\/2020\/04\/UbicacioXarxaAdults-768x497.png 768w, https:\/\/agora.xtec.cat\/cfa-martorell\/wp-content\/uploads\/usu1768\/2020\/04\/UbicacioXarxaAdults.png 996w\" sizes=\"auto, (max-width: 300px) 100vw, 300px\" \/><\/a><\/p>\n<p><strong><span style=\"color: #0000ff;\"><span style=\"color: #339966;\">Acc\u00e9s amb transport p\u00fablic<\/span><span style=\"color: #000000;\">:<\/span><\/span><br \/>\n<\/strong><\/p>\n<ul>\n<li><a href=\"https:\/\/www.fgc.cat\/\" target=\"_blank\" rel=\"noopener noreferrer\"><span style=\"color: #339966;\"><strong>Ferrocarrils de la Generalitat de Catalunya<\/strong><\/span><\/a>: Estaci\u00f3 MARTORELL ENLLA\u00c7 &#8211; L\u00ednies R5 i R6, S4 i S8<\/li>\n<li><a href=\"http:\/\/rodalies.gencat.cat\/ca\/inici\" target=\"_blank\" rel=\"noopener noreferrer\"><span style=\"color: #339966;\"><strong>Rodalies RENFE<\/strong><\/span><\/a>: Estaci\u00f3 MARTORELL &#8211; L\u00ednies L\u00ednies <span style=\"color: #339966;\"><a style=\"color: #339966;\" href=\"http:\/\/rodalies.gencat.cat\/ca\/linies_estacions_i_trens\/index.html?linia=r4\" target=\"_blank\" rel=\"noopener noreferrer\">R4<\/a><\/span> i <span style=\"color: #339966;\"><a style=\"color: #339966;\" href=\"http:\/\/rodalies.gencat.cat\/ca\/linies_estacions_i_trens\/index.html?linia=r8\" target=\"_blank\" rel=\"noopener noreferrer\">R8<\/a><\/span><\/li>\n<\/ul>\n","protected":false},"excerpt":{"rendered":"<p>&nbsp;<br \/>\nContacte:<br \/>\nTel\u00e8fon: 937754834<br \/>\nHorari per contactar:<br \/>\n&#8211; de dilluns a divendres de 10 a 14h.<br \/>\n&#8211; de dilluns a dimecres de 15 a 18h.<br \/>\nEmail : informacio@cfamartorell.cat<br \/>\n&nbsp;<br \/>\n&nbsp;<br \/>\n<a href=\"https:\/\/goo.gl\/maps\/K6XS5CAdaxxNv6az6\" target=\"_blank\" rel=\"noopener noreferrer\">On som?:\u00a0<\/a><br \/>\n<a href=\"https:\/\/goo.gl\/maps\/K6XS5CAdaxxNv6az6\" target=\"_blank\" rel=\"noopener noreferrer\"><\/a><br \/>\nAcc\u00e9s amb transport p\u00fablic:<\/p>\n<ul>\n<li><a href=\"https:\/\/www.fgc.cat\/\" target=\"_blank\" rel=\"noopener noreferrer\">Ferrocarrils de la Generalitat de Catalunya<\/a>: Estaci\u00f3 MARTORELL&hellip;  <a href=\"https:\/\/agora.xtec.cat\/cfa-martorell\/el-centre\/on-som\/\" title=\"Read Contacte \/ On som?\">Llegeix m\u00e9s\u00bb<\/a><br \/>\n","protected":false},"author":1,"featured_media":0,"parent":261,"menu_order":5,"comment_status":"closed","ping_status":"closed","template":"page-templates\/side-menu.php","meta":{"_bbp_topic_count":0,"_bbp_reply_count":0,"_bbp_total_topic_count":0,"_bbp_total_reply_count":0,"_bbp_voice_count":0,"_bbp_anonymous_reply_count":0,"_bbp_topic_count_hidden":0,"_bbp_reply_count_hidden":0,"_bbp_forum_subforum_count":0,"footnotes":""},"class_list":["post-21","page","type-page","status-publish","hentry"],"post_mailing_queue_ids":[],"_links":{"self":[{"href":"https:\/\/agora.xtec.cat\/cfa-martorell\/wp-json\/wp\/v2\/pages\/21","targetHints":{"allow":["GET"]}}],"collection":[{"href":"https:\/\/agora.xtec.cat\/cfa-martorell\/wp-json\/wp\/v2\/pages"}],"about":[{"href":"https:\/\/agora.xtec.cat\/cfa-martorell\/wp-json\/wp\/v2\/types\/page"}],"author":[{"embeddable":true,"href":"https:\/\/agora.xtec.cat\/cfa-martorell\/wp-json\/wp\/v2\/users\/1"}],"replies":[{"embeddable":true,"href":"https:\/\/agora.xtec.cat\/cfa-martorell\/wp-json\/wp\/v2\/comments?post=21"}],"version-history":[{"count":6,"href":"https:\/\/agora.xtec.cat\/cfa-martorell\/wp-json\/wp\/v2\/pages\/21\/revisions"}],"predecessor-version":[{"id":2689,"href":"https:\/\/agora.xtec.cat\/cfa-martorell\/wp-json\/wp\/v2\/pages\/21\/revisions\/2689"}],"up":[{"embeddable":true,"href":"https:\/\/agora.xtec.cat\/cfa-martorell\/wp-json\/wp\/v2\/pages\/261"}],"wp:attachment":[{"href":"https:\/\/agora.xtec.cat\/cfa-martorell\/wp-json\/wp\/v2\/media?parent=21"}],"curies":[{"name":"wp","href":"https:\/\/api.w.org\/{rel}","templated":true}]}}