{"id":1498,"date":"2020-09-04T20:57:23","date_gmt":"2020-09-04T18:57:23","guid":{"rendered":"http:\/\/agora.xtec.cat\/cfa-martorell\/?page_id=1498"},"modified":"2025-11-05T17:18:07","modified_gmt":"2025-11-05T16:18:07","slug":"canals-de-comunicacio","status":"publish","type":"page","link":"https:\/\/agora.xtec.cat\/cfa-martorell\/el-centre\/canals-de-comunicacio\/","title":{"rendered":"Documents de l&#8217;alumnat"},"content":{"rendered":"<h4>Documentaci\u00f3 que li facilitar\u00e0 el tutor o tutora a la seva incorporaci\u00f3 al centre.<\/h4>\n<ul style=\"list-style-type: circle;\">\n<li style=\"list-style-type: none;\">\n<ul>\n<li style=\"list-style-type: none;\">\n<ul>\n<li><span style=\"font-weight: 400;\">AnnexNOFC.09.2.Justificant Falta Assist\u00e8ncia Alumnat.<\/span><\/li>\n<\/ul>\n<ul>\n<li style=\"font-weight: 400;\"><span style=\"font-weight: 400;\">AnnexNOFC.04.2. Model de sol\u00b7licitud.<\/span><\/li>\n<\/ul>\n<\/li>\n<\/ul>\n<ul>\n<li>Drets d&#8217;imatge.<\/li>\n<\/ul>\n<ul>\n<li><span style=\"font-weight: 400;\">AnnexNOFC.04.2.1. Carta de comprom\u00eds educatiu.<\/span><\/li>\n<li><span style=\"font-weight: 400;\">AnnexNOFC.04.2.2. Carta de comprom\u00eds educatiu (menors d&#8217;edat).<\/span><\/li>\n<\/ul>\n<ul>\n<li style=\"font-weight: 400;\"><span style=\"font-weight: 400;\">AnnexNOFC.13.3. Vaga Alumnat: explicaci\u00f3.<\/span><\/li>\n<li><span style=\"font-weight: 400;\">AnnexNOFC.13.3.a (vaga) =&gt; comunicaci\u00f3 a l\u2019equip directiu.<\/span><\/li>\n<li><span style=\"font-weight: 400;\">AnnexNOFC.13.3.b (vaga) =&gt; llistat alumnat.<\/span><\/li>\n<li><span style=\"font-weight: 400;\">AnnexNOFC.13.3.c (vaga) \u00a0 =&gt; menors.<\/span><\/li>\n<li><a href=\"https:\/\/prezi.com\/p\/m9vqetouw-pw\/prova-lliure-per-a-obtenir-leso-majors-de-18-anys\/\">Informaci\u00f3 sobre la prova lliure d&#8217;obtenci\u00f3 de l&#8217;ESO (per a majors de 18 anys)<\/a><\/li>\n<\/ul>\n<\/li>\n<\/ul>\n","protected":false},"excerpt":{"rendered":"<p>Documentaci\u00f3 que li facilitar\u00e0 el tutor o tutora a la seva incorporaci\u00f3 al centre.<\/p>\n<ul style=\"list-style-type: circle;\">\n<li style=\"list-style-type: none;\">\n<ul>\n<li style=\"list-style-type: none;\">\n<ul>\n<li>AnnexNOFC.09.2.Justificant Falta Assist\u00e8ncia Alumnat.<\/li>\n<\/ul>\n<ul>\n<li style=\"font-weight: 400;\">AnnexNOFC.04.2. Model de sol\u00b7licitud.<\/li>\n<\/ul>\n<\/li>\n<\/ul>\n<ul>\n<li>Drets d&#8217;imatge.<\/li>\n<\/ul>\n<ul>\n<li>AnnexNOFC.04.2.1. Carta de comprom\u00eds educatiu.<\/li>\n<li>AnnexNOFC.04.2.2. Carta de comprom\u00eds educatiu (menors d&#8217;edat).<\/li>\n<\/ul>\n<ul>\n<li style=\"font-weight: 400;\">AnnexNOFC.13.3. Vaga Alumnat: explicaci\u00f3.<\/li>\n<li>AnnexNOFC.13.3.a (vaga)&hellip;  <a href=\"https:\/\/agora.xtec.cat\/cfa-martorell\/el-centre\/canals-de-comunicacio\/\" title=\"Read Documents de l&#8217;alumnat\">Llegeix m\u00e9s\u00bb<\/a><br \/>\n","protected":false},"author":1,"featured_media":0,"parent":261,"menu_order":25,"comment_status":"closed","ping_status":"closed","template":"page-templates\/side-menu.php","meta":{"_bbp_topic_count":0,"_bbp_reply_count":0,"_bbp_total_topic_count":0,"_bbp_total_reply_count":0,"_bbp_voice_count":0,"_bbp_anonymous_reply_count":0,"_bbp_topic_count_hidden":0,"_bbp_reply_count_hidden":0,"_bbp_forum_subforum_count":0,"footnotes":""},"class_list":["post-1498","page","type-page","status-publish","hentry"],"post_mailing_queue_ids":[],"_links":{"self":[{"href":"https:\/\/agora.xtec.cat\/cfa-martorell\/wp-json\/wp\/v2\/pages\/1498","targetHints":{"allow":["GET"]}}],"collection":[{"href":"https:\/\/agora.xtec.cat\/cfa-martorell\/wp-json\/wp\/v2\/pages"}],"about":[{"href":"https:\/\/agora.xtec.cat\/cfa-martorell\/wp-json\/wp\/v2\/types\/page"}],"author":[{"embeddable":true,"href":"https:\/\/agora.xtec.cat\/cfa-martorell\/wp-json\/wp\/v2\/users\/1"}],"replies":[{"embeddable":true,"href":"https:\/\/agora.xtec.cat\/cfa-martorell\/wp-json\/wp\/v2\/comments?post=1498"}],"version-history":[{"count":6,"href":"https:\/\/agora.xtec.cat\/cfa-martorell\/wp-json\/wp\/v2\/pages\/1498\/revisions"}],"predecessor-version":[{"id":2915,"href":"https:\/\/agora.xtec.cat\/cfa-martorell\/wp-json\/wp\/v2\/pages\/1498\/revisions\/2915"}],"up":[{"embeddable":true,"href":"https:\/\/agora.xtec.cat\/cfa-martorell\/wp-json\/wp\/v2\/pages\/261"}],"wp:attachment":[{"href":"https:\/\/agora.xtec.cat\/cfa-martorell\/wp-json\/wp\/v2\/media?parent=1498"}],"curies":[{"name":"wp","href":"https:\/\/api.w.org\/{rel}","templated":true}]}}