{"id":67,"date":"2014-09-18T10:14:18","date_gmt":"2014-09-18T09:14:18","guid":{"rendered":"http:\/\/agora.xtec.cat\/cfa-lesbernardes-salt\/?page_id=67"},"modified":"2025-11-14T09:23:12","modified_gmt":"2025-11-14T08:23:12","slug":"acollida","status":"publish","type":"page","link":"https:\/\/agora.xtec.cat\/cfa-lesbernardes-salt\/acollida\/","title":{"rendered":"Acollida"},"content":{"rendered":"<h4>El servei d&#8217;acollida i informaci\u00f3 es fa durant tot el curs.<\/h4>\n<ol style=\"list-style-type: upper-alpha;\">\n<li><strong><span style=\"color: #008000;\"><em>L&#8217;horari per parlar amb la persona encarregada de CAS, Acc\u00e9s a la universitat, COMPETIC i Llengua Anglesa \u00e9s:<\/em><\/span><\/strong><\/li>\n<\/ol>\n<ul>\n<li><strong>Dimarts<\/strong>\n<ul>\n<li>de 09.30h a 11.30h<\/li>\n<\/ul>\n<\/li>\n<li><strong>Dilluns<\/strong>\n<ul>\n<li>de 17.00h a 18.30h<\/li>\n<\/ul>\n<\/li>\n<\/ul>\n<p><strong><span style=\"color: #008000;\"><em>B. L&#8217;horari d&#8217;acollida per als ensenyaments inicials \u00e9s:<\/em><\/span><\/strong><\/p>\n<ul>\n<li><strong>Dilluns <\/strong>de 9.30h a 11.45h<\/li>\n<li><strong>Dimarts i dijous <\/strong>de 18.00 h a 19.45 h<\/li>\n<\/ul>\n<p><strong><span style=\"color: #008000;\">C. L&#8217;horari per l&#8217;atenci\u00f3 a GES<\/span><\/strong><\/p>\n<ul>\n<li><strong>Dimarts<\/strong> d&#8217;11.00h a 13.00h<\/li>\n<\/ul>\n<p><strong><span style=\"color: #008000;\">D. L&#8217;horari d&#8217;atenci\u00f3 per l&#8217;assessorament d&#8217;acreditacions de compet\u00e8ncies \u00e9s:<\/span><\/strong><\/p>\n<ul>\n<li><strong>Amb cita pr\u00e8via<\/strong><\/li>\n<\/ul>\n<p>&nbsp;<\/p>\n","protected":false},"excerpt":{"rendered":"<p>El servei d&#8217;acollida i informaci\u00f3 es fa durant tot el curs. L&#8217;horari per parlar amb la persona encarregada de CAS, Acc\u00e9s a la universitat, COMPETIC i Llengua Anglesa \u00e9s: Dimarts de 09.30h a 11.30h Dilluns de 17.00h a 18.30h B. L&#8217;horari d&#8217;acollida per als ensenyaments inicials \u00e9s: Dilluns de 9.30h a 11.45h Dimarts i dijous [&hellip;]<\/p>\n","protected":false},"author":1,"featured_media":0,"parent":0,"menu_order":5,"comment_status":"closed","ping_status":"closed","template":"page-templates\/side-menu.php","meta":{"_bbp_topic_count":0,"_bbp_reply_count":0,"_bbp_total_topic_count":0,"_bbp_total_reply_count":0,"_bbp_voice_count":0,"_bbp_anonymous_reply_count":0,"_bbp_topic_count_hidden":0,"_bbp_reply_count_hidden":0,"_bbp_forum_subforum_count":0,"site-sidebar-layout":"default","site-content-layout":"","ast-site-content-layout":"","site-content-style":"default","site-sidebar-style":"default","ast-global-header-display":"","ast-banner-title-visibility":"","ast-main-header-display":"","ast-hfb-above-header-display":"","ast-hfb-below-header-display":"","ast-hfb-mobile-header-display":"","site-post-title":"","ast-breadcrumbs-content":"","ast-featured-img":"","footer-sml-layout":"","theme-transparent-header-meta":"","adv-header-id-meta":"","stick-header-meta":"","header-above-stick-meta":"","header-main-stick-meta":"","header-below-stick-meta":"","astra-migrate-meta-layouts":"default","ast-page-background-enabled":"default","ast-page-background-meta":{"desktop":{"background-color":"var(--ast-global-color-4)","background-image":"","background-repeat":"repeat","background-position":"center center","background-size":"auto","background-attachment":"scroll","background-type":"","background-media":"","overlay-type":"","overlay-color":"","overlay-opacity":"","overlay-gradient":""},"tablet":{"background-color":"","background-image":"","background-repeat":"repeat","background-position":"center center","background-size":"auto","background-attachment":"scroll","background-type":"","background-media":"","overlay-type":"","overlay-color":"","overlay-opacity":"","overlay-gradient":""},"mobile":{"background-color":"","background-image":"","background-repeat":"repeat","background-position":"center center","background-size":"auto","background-attachment":"scroll","background-type":"","background-media":"","overlay-type":"","overlay-color":"","overlay-opacity":"","overlay-gradient":""}},"ast-content-background-meta":{"desktop":{"background-color":"var(--ast-global-color-5)","background-image":"","background-repeat":"repeat","background-position":"center center","background-size":"auto","background-attachment":"scroll","background-type":"","background-media":"","overlay-type":"","overlay-color":"","overlay-opacity":"","overlay-gradient":""},"tablet":{"background-color":"var(--ast-global-color-5)","background-image":"","background-repeat":"repeat","background-position":"center center","background-size":"auto","background-attachment":"scroll","background-type":"","background-media":"","overlay-type":"","overlay-color":"","overlay-opacity":"","overlay-gradient":""},"mobile":{"background-color":"var(--ast-global-color-5)","background-image":"","background-repeat":"repeat","background-position":"center center","background-size":"auto","background-attachment":"scroll","background-type":"","background-media":"","overlay-type":"","overlay-color":"","overlay-opacity":"","overlay-gradient":""}},"footnotes":""},"class_list":["post-67","page","type-page","status-publish","hentry"],"post_mailing_queue_ids":[],"_links":{"self":[{"href":"https:\/\/agora.xtec.cat\/cfa-lesbernardes-salt\/wp-json\/wp\/v2\/pages\/67","targetHints":{"allow":["GET"]}}],"collection":[{"href":"https:\/\/agora.xtec.cat\/cfa-lesbernardes-salt\/wp-json\/wp\/v2\/pages"}],"about":[{"href":"https:\/\/agora.xtec.cat\/cfa-lesbernardes-salt\/wp-json\/wp\/v2\/types\/page"}],"author":[{"embeddable":true,"href":"https:\/\/agora.xtec.cat\/cfa-lesbernardes-salt\/wp-json\/wp\/v2\/users\/1"}],"replies":[{"embeddable":true,"href":"https:\/\/agora.xtec.cat\/cfa-lesbernardes-salt\/wp-json\/wp\/v2\/comments?post=67"}],"version-history":[{"count":6,"href":"https:\/\/agora.xtec.cat\/cfa-lesbernardes-salt\/wp-json\/wp\/v2\/pages\/67\/revisions"}],"predecessor-version":[{"id":1523,"href":"https:\/\/agora.xtec.cat\/cfa-lesbernardes-salt\/wp-json\/wp\/v2\/pages\/67\/revisions\/1523"}],"wp:attachment":[{"href":"https:\/\/agora.xtec.cat\/cfa-lesbernardes-salt\/wp-json\/wp\/v2\/media?parent=67"}],"curies":[{"name":"wp","href":"https:\/\/api.w.org\/{rel}","templated":true}]}}