{"id":375,"date":"2015-12-04T17:09:27","date_gmt":"2015-12-04T16:09:27","guid":{"rendered":"http:\/\/agora.xtec.cat\/cfa-lesbernardes-salt\/?page_id=375"},"modified":"2015-12-06T23:28:16","modified_gmt":"2015-12-06T21:28:16","slug":"ideari","status":"publish","type":"page","link":"https:\/\/agora.xtec.cat\/cfa-lesbernardes-salt\/el-centre\/ideari\/","title":{"rendered":"Ideari"},"content":{"rendered":"<p align=\"justify\"><em><strong><span class=\"Apple-style-span\">QUI SOM?<\/span><\/strong><\/em><\/p>\n<p>El Centre de Formaci\u00f3 d\u2019Adults Les Bernardes de Salt \u00e9s un centre p\u00fablic de formaci\u00f3 de persones Adultes dependent del Departament d\u2019Educaci\u00f3. Disposa d\u2019un equipament material i did\u00e0ctic idoni i d\u2019un equip de mestres amb experi\u00e8ncia i voluntat de servei al poble.<\/p>\n<div><\/div>\n<h4><span class=\"Apple-style-span\"><span class=\"Apple-style-span\"><span class=\"Apple-style-span\">EL NOSTRE IDEARI<\/span><\/span><\/span><\/h4>\n<div><\/div>\n<div><span class=\"Apple-style-span\"><strong> VALORS<\/strong><\/p>\n<p><\/span><\/div>\n<div align=\"justify\">\n<ul>\n<li>Ens comprometem en la cultura i la llengua catalana.<\/li>\n<li>Fomentem l\u2019esfor\u00e7 personal i l\u2019autosuperaci\u00f3.<\/li>\n<li>Ens destaquem pel respecte a les persones, la integraci\u00f3, l\u2019orientaci\u00f3, la professionalitat i el comprom\u00eds social en la lluita pel dret a l\u2019educaci\u00f3 de les persones adultes.<\/li>\n<\/ul>\n<\/div>\n<div><strong><span class=\"Apple-style-span\"><span class=\"Apple-tab-span\"><br \/>\n<\/span>MISSI\u00d3<\/span><\/strong><\/p>\n<\/div>\n<div align=\"justify\">\n<ul>\n<li>El Centre de Formaci\u00f3 d\u2019Adults Les Bernardes \u00e9s una escola p\u00fablica, catalana i plural, amb m\u00e9s de trenta-cinc anys d\u2019experi\u00e8ncia.<\/li>\n<li>Destaca pel treball rigor\u00f3s, professional i seri\u00f3s en l\u2019acollida, l\u2019orientaci\u00f3 i la formaci\u00f3 de persones adultes aut\u00f2ctones i estrangeres, afavorint la inclusi\u00f3 social i la formaci\u00f3 permanent, l\u2019acc\u00e9s a la formaci\u00f3 professional i la inserci\u00f3 i promoci\u00f3 laboral.<\/li>\n<\/ul>\n<\/div>\n<div><span class=\"Apple-style-span\"><br \/>\n<strong>VISI\u00d3<\/strong><\/p>\n<p><\/span><\/div>\n<ul>\n<li>Millorar per mantenir-se com a Centre de formaci\u00f3 de persones adultes referent a les comarques gironines.<\/li>\n<li>Consolidar un equip de mestres comprom\u00e8s i amb voluntat innovadora que continu\u00ef afavorint els bons resultats educatius.<\/li>\n<li>Adaptar-se a les demandes canviants de l&#8217;entorn per seguir essent un important instrument de cohesi\u00f3 social.<\/li>\n<li>Volem ser un Centre amb edifici propi amb espais i plantilla suficient per poder oferir una variada i completa oferta formativa.<\/li>\n<\/ul>\n","protected":false},"excerpt":{"rendered":"<p>QUI SOM? El Centre de Formaci\u00f3 d\u2019Adults Les Bernardes de Salt \u00e9s un centre p\u00fablic de formaci\u00f3 de persones Adultes dependent del Departament d\u2019Educaci\u00f3. Disposa d\u2019un equipament material i did\u00e0ctic idoni i d\u2019un equip de mestres amb experi\u00e8ncia i voluntat de servei al poble. EL NOSTRE IDEARI VALORS Ens comprometem en la cultura i la [&hellip;]<\/p>\n","protected":false},"author":1,"featured_media":0,"parent":261,"menu_order":0,"comment_status":"closed","ping_status":"closed","template":"","meta":{"_bbp_topic_count":0,"_bbp_reply_count":0,"_bbp_total_topic_count":0,"_bbp_total_reply_count":0,"_bbp_voice_count":0,"_bbp_anonymous_reply_count":0,"_bbp_topic_count_hidden":0,"_bbp_reply_count_hidden":0,"_bbp_forum_subforum_count":0,"site-sidebar-layout":"default","site-content-layout":"","ast-site-content-layout":"","site-content-style":"default","site-sidebar-style":"default","ast-global-header-display":"","ast-banner-title-visibility":"","ast-main-header-display":"","ast-hfb-above-header-display":"","ast-hfb-below-header-display":"","ast-hfb-mobile-header-display":"","site-post-title":"","ast-breadcrumbs-content":"","ast-featured-img":"","footer-sml-layout":"","theme-transparent-header-meta":"","adv-header-id-meta":"","stick-header-meta":"","header-above-stick-meta":"","header-main-stick-meta":"","header-below-stick-meta":"","astra-migrate-meta-layouts":"default","ast-page-background-enabled":"default","ast-page-background-meta":{"desktop":{"background-color":"var(--ast-global-color-4)","background-image":"","background-repeat":"repeat","background-position":"center center","background-size":"auto","background-attachment":"scroll","background-type":"","background-media":"","overlay-type":"","overlay-color":"","overlay-opacity":"","overlay-gradient":""},"tablet":{"background-color":"","background-image":"","background-repeat":"repeat","background-position":"center center","background-size":"auto","background-attachment":"scroll","background-type":"","background-media":"","overlay-type":"","overlay-color":"","overlay-opacity":"","overlay-gradient":""},"mobile":{"background-color":"","background-image":"","background-repeat":"repeat","background-position":"center center","background-size":"auto","background-attachment":"scroll","background-type":"","background-media":"","overlay-type":"","overlay-color":"","overlay-opacity":"","overlay-gradient":""}},"ast-content-background-meta":{"desktop":{"background-color":"var(--ast-global-color-5)","background-image":"","background-repeat":"repeat","background-position":"center center","background-size":"auto","background-attachment":"scroll","background-type":"","background-media":"","overlay-type":"","overlay-color":"","overlay-opacity":"","overlay-gradient":""},"tablet":{"background-color":"var(--ast-global-color-5)","background-image":"","background-repeat":"repeat","background-position":"center center","background-size":"auto","background-attachment":"scroll","background-type":"","background-media":"","overlay-type":"","overlay-color":"","overlay-opacity":"","overlay-gradient":""},"mobile":{"background-color":"var(--ast-global-color-5)","background-image":"","background-repeat":"repeat","background-position":"center center","background-size":"auto","background-attachment":"scroll","background-type":"","background-media":"","overlay-type":"","overlay-color":"","overlay-opacity":"","overlay-gradient":""}},"footnotes":""},"class_list":["post-375","page","type-page","status-publish","hentry"],"post_mailing_queue_ids":[],"_links":{"self":[{"href":"https:\/\/agora.xtec.cat\/cfa-lesbernardes-salt\/wp-json\/wp\/v2\/pages\/375","targetHints":{"allow":["GET"]}}],"collection":[{"href":"https:\/\/agora.xtec.cat\/cfa-lesbernardes-salt\/wp-json\/wp\/v2\/pages"}],"about":[{"href":"https:\/\/agora.xtec.cat\/cfa-lesbernardes-salt\/wp-json\/wp\/v2\/types\/page"}],"author":[{"embeddable":true,"href":"https:\/\/agora.xtec.cat\/cfa-lesbernardes-salt\/wp-json\/wp\/v2\/users\/1"}],"replies":[{"embeddable":true,"href":"https:\/\/agora.xtec.cat\/cfa-lesbernardes-salt\/wp-json\/wp\/v2\/comments?post=375"}],"version-history":[{"count":1,"href":"https:\/\/agora.xtec.cat\/cfa-lesbernardes-salt\/wp-json\/wp\/v2\/pages\/375\/revisions"}],"predecessor-version":[{"id":376,"href":"https:\/\/agora.xtec.cat\/cfa-lesbernardes-salt\/wp-json\/wp\/v2\/pages\/375\/revisions\/376"}],"up":[{"embeddable":true,"href":"https:\/\/agora.xtec.cat\/cfa-lesbernardes-salt\/wp-json\/wp\/v2\/pages\/261"}],"wp:attachment":[{"href":"https:\/\/agora.xtec.cat\/cfa-lesbernardes-salt\/wp-json\/wp\/v2\/media?parent=375"}],"curies":[{"name":"wp","href":"https:\/\/api.w.org\/{rel}","templated":true}]}}