{"id":305,"date":"2015-01-28T11:24:04","date_gmt":"2015-01-28T10:24:04","guid":{"rendered":"http:\/\/agora.xtec.cat\/cfa-lesbernardes-salt\/?page_id=305"},"modified":"2025-12-15T20:36:16","modified_gmt":"2025-12-15T19:36:16","slug":"curs-dacces-als-cicles-de-grau-mitja","status":"publish","type":"page","link":"https:\/\/agora.xtec.cat\/cfa-lesbernardes-salt\/serveis\/curs-dacces-als-cicles-de-grau-mitja\/","title":{"rendered":"Servei d&#8217;Informaci\u00f3 i orientaci\u00f3 del servei d&#8217;Acreditaci\u00f3 de compet\u00e8ncies professionals"},"content":{"rendered":"<p>El servei d\u2019Acreditaci\u00f3 de compet\u00e8ncies professionals \u00e9s un servei permanent de l\u2019Ag\u00e8ncia FPCAT que constitueix l\u2019oportunitat d\u2019aconseguir una certificaci\u00f3 oficial mitjan\u00e7ant la demostraci\u00f3 d\u2019all\u00f2 que la persona usu\u00e0ria \u00e9s capa\u00e7 de fer, a partir de la seva experi\u00e8ncia laboral, els serveis prestats mitjan\u00e7ant una beca o voluntariat, o la seva formaci\u00f3 no reconeguda oficialment.<br \/>La persona usu\u00e0ria s\u2019hi pot inscriure, sense cap cost, els 365 dies de l\u2019any i participar en un seguit d\u2019entrevistes, que preferentment s\u00f3n virtuals, en les quals ha de demostrar una s\u00e8rie de compet\u00e8ncies professionals.<br \/>En acabar el procediment, si la persona usu\u00e0ria demostra que ha adquirit les compet\u00e8ncies professionals objecte d\u2019acreditaci\u00f3, podr\u00e0 convalidar o completar la formaci\u00f3 d\u2019un certificat professional o un t\u00edtol de formaci\u00f3 professional.<\/p>\n<p><a href=\"https:\/\/agora.xtec.cat\/cfa-lesbernardes-salt\/wp-content\/uploads\/usu699\/2024\/09\/Banner-Acreditacio-775x450-1.png\"><img loading=\"lazy\" decoding=\"async\" class=\"aligncenter size-full wp-image-1429\" src=\"https:\/\/agora.xtec.cat\/cfa-lesbernardes-salt\/wp-content\/uploads\/usu699\/2024\/09\/Banner-Acreditacio-775x450-1.png\" alt=\"\" width=\"776\" height=\"451\" srcset=\"https:\/\/agora.xtec.cat\/cfa-lesbernardes-salt\/wp-content\/uploads\/usu699\/2024\/09\/Banner-Acreditacio-775x450-1.png 776w, https:\/\/agora.xtec.cat\/cfa-lesbernardes-salt\/wp-content\/uploads\/usu699\/2024\/09\/Banner-Acreditacio-775x450-1-300x174.png 300w, https:\/\/agora.xtec.cat\/cfa-lesbernardes-salt\/wp-content\/uploads\/usu699\/2024\/09\/Banner-Acreditacio-775x450-1-768x446.png 768w\" sizes=\"auto, (max-width: 776px) 100vw, 776px\" \/><\/a><\/p>\n<p><strong>Pots trucar per demanar cita al 972 241410.<\/strong><\/p>\n\n\n<p class=\"has-black-color has-text-color has-link-color has-x-large-font-size wp-elements-aa8016b93339da93cfe8f34a6be3100e\">Per m\u00e9s informaci\u00f3:\u00a0 <a href=\"https:\/\/fp.gencat.cat\/ca\/acreditacio\/em-vull-acreditar\/index.html\" target=\"_blank\" rel=\"noreferrer noopener\">Em vull acreditar<\/a><\/p>\n\n\n\n<p><\/p>\n","protected":false},"excerpt":{"rendered":"<p>El servei d\u2019Acreditaci\u00f3 de compet\u00e8ncies professionals \u00e9s un servei permanent de l\u2019Ag\u00e8ncia FPCAT que constitueix l\u2019oportunitat d\u2019aconseguir una certificaci\u00f3 oficial mitjan\u00e7ant la demostraci\u00f3 d\u2019all\u00f2 que la persona usu\u00e0ria \u00e9s capa\u00e7 de fer, a partir de la seva experi\u00e8ncia laboral, els serveis prestats mitjan\u00e7ant una beca o voluntariat, o la seva formaci\u00f3 no reconeguda oficialment.La persona [&hellip;]<\/p>\n","protected":false},"author":1,"featured_media":0,"parent":494,"menu_order":0,"comment_status":"closed","ping_status":"closed","template":"","meta":{"_bbp_topic_count":0,"_bbp_reply_count":0,"_bbp_total_topic_count":0,"_bbp_total_reply_count":0,"_bbp_voice_count":0,"_bbp_anonymous_reply_count":0,"_bbp_topic_count_hidden":0,"_bbp_reply_count_hidden":0,"_bbp_forum_subforum_count":0,"site-sidebar-layout":"default","site-content-layout":"","ast-site-content-layout":"default","site-content-style":"default","site-sidebar-style":"default","ast-global-header-display":"","ast-banner-title-visibility":"","ast-main-header-display":"","ast-hfb-above-header-display":"","ast-hfb-below-header-display":"","ast-hfb-mobile-header-display":"","site-post-title":"","ast-breadcrumbs-content":"","ast-featured-img":"","footer-sml-layout":"","theme-transparent-header-meta":"","adv-header-id-meta":"","stick-header-meta":"","header-above-stick-meta":"","header-main-stick-meta":"","header-below-stick-meta":"","astra-migrate-meta-layouts":"set","ast-page-background-enabled":"default","ast-page-background-meta":{"desktop":{"background-color":"var(--ast-global-color-4)","background-image":"","background-repeat":"repeat","background-position":"center center","background-size":"auto","background-attachment":"scroll","background-type":"","background-media":"","overlay-type":"","overlay-color":"","overlay-opacity":"","overlay-gradient":""},"tablet":{"background-color":"","background-image":"","background-repeat":"repeat","background-position":"center center","background-size":"auto","background-attachment":"scroll","background-type":"","background-media":"","overlay-type":"","overlay-color":"","overlay-opacity":"","overlay-gradient":""},"mobile":{"background-color":"","background-image":"","background-repeat":"repeat","background-position":"center center","background-size":"auto","background-attachment":"scroll","background-type":"","background-media":"","overlay-type":"","overlay-color":"","overlay-opacity":"","overlay-gradient":""}},"ast-content-background-meta":{"desktop":{"background-color":"var(--ast-global-color-5)","background-image":"","background-repeat":"repeat","background-position":"center center","background-size":"auto","background-attachment":"scroll","background-type":"","background-media":"","overlay-type":"","overlay-color":"","overlay-opacity":"","overlay-gradient":""},"tablet":{"background-color":"var(--ast-global-color-5)","background-image":"","background-repeat":"repeat","background-position":"center center","background-size":"auto","background-attachment":"scroll","background-type":"","background-media":"","overlay-type":"","overlay-color":"","overlay-opacity":"","overlay-gradient":""},"mobile":{"background-color":"var(--ast-global-color-5)","background-image":"","background-repeat":"repeat","background-position":"center center","background-size":"auto","background-attachment":"scroll","background-type":"","background-media":"","overlay-type":"","overlay-color":"","overlay-opacity":"","overlay-gradient":""}},"footnotes":""},"class_list":["post-305","page","type-page","status-publish","hentry"],"post_mailing_queue_ids":[],"_links":{"self":[{"href":"https:\/\/agora.xtec.cat\/cfa-lesbernardes-salt\/wp-json\/wp\/v2\/pages\/305","targetHints":{"allow":["GET"]}}],"collection":[{"href":"https:\/\/agora.xtec.cat\/cfa-lesbernardes-salt\/wp-json\/wp\/v2\/pages"}],"about":[{"href":"https:\/\/agora.xtec.cat\/cfa-lesbernardes-salt\/wp-json\/wp\/v2\/types\/page"}],"author":[{"embeddable":true,"href":"https:\/\/agora.xtec.cat\/cfa-lesbernardes-salt\/wp-json\/wp\/v2\/users\/1"}],"replies":[{"embeddable":true,"href":"https:\/\/agora.xtec.cat\/cfa-lesbernardes-salt\/wp-json\/wp\/v2\/comments?post=305"}],"version-history":[{"count":6,"href":"https:\/\/agora.xtec.cat\/cfa-lesbernardes-salt\/wp-json\/wp\/v2\/pages\/305\/revisions"}],"predecessor-version":[{"id":1643,"href":"https:\/\/agora.xtec.cat\/cfa-lesbernardes-salt\/wp-json\/wp\/v2\/pages\/305\/revisions\/1643"}],"up":[{"embeddable":true,"href":"https:\/\/agora.xtec.cat\/cfa-lesbernardes-salt\/wp-json\/wp\/v2\/pages\/494"}],"wp:attachment":[{"href":"https:\/\/agora.xtec.cat\/cfa-lesbernardes-salt\/wp-json\/wp\/v2\/media?parent=305"}],"curies":[{"name":"wp","href":"https:\/\/api.w.org\/{rel}","templated":true}]}}