{"id":274,"date":"2015-01-27T17:56:20","date_gmt":"2015-01-27T16:56:20","guid":{"rendered":"http:\/\/agora.xtec.cat\/cfa-lesbernardes-salt\/?page_id=274"},"modified":"2022-06-17T10:18:53","modified_gmt":"2022-06-17T08:18:53","slug":"ensenyaments","status":"publish","type":"page","link":"https:\/\/agora.xtec.cat\/cfa-lesbernardes-salt\/ensenyaments\/","title":{"rendered":"Ensenyaments"},"content":{"rendered":"<h4>Ensenyaments inicials i formaci\u00f3 b\u00e0sica<\/h4>\n<ul>\n<li><a href=\"https:\/\/drive.google.com\/file\/d\/1G7ELQeKIJ_aWo-MA05IzihshzEgqYSXh\/view?usp=sharing\" target=\"_blank\" rel=\"noopener\">Llengua catalana<\/a><\/li>\n<li><a href=\"https:\/\/drive.google.com\/file\/d\/1Q677nULxVBubwlS0v_2NW1GQG8EDxH8l\/view?usp=sharing\" target=\"_blank\" rel=\"noopener\">Llengua castellana<\/a><\/li>\n<li><a href=\"https:\/\/drive.google.com\/file\/d\/19GfesgOZoIN8jPHjPw8WUH00hC9obBnd\/view?usp=sharing\" target=\"_blank\" rel=\"noopener\">Formaci\u00f3 instrumental<\/a><\/li>\n<li><a href=\"https:\/\/drive.google.com\/file\/d\/1AvFa6LCSgEV6lg6dudO45DU9ZD70EOL2\/view?usp=sharing\" target=\"_blank\" rel=\"noopener\">Graduat en educaci\u00f3 secund\u00e0ria per a persones adultes (GESO)<\/a><\/li>\n<\/ul>\n<h4>Ensenyaments transprofessionals<\/h4>\n<ul>\n<li><a href=\"https:\/\/drive.google.com\/file\/d\/1WjBRjRE6LChI8ngZWvCQpfoLaAMTomyY\/view?usp=sharing\" target=\"_blank\" rel=\"noopener\">Llengua anglesa.<\/a><\/li>\n<li><a href=\"https:\/\/drive.google.com\/file\/d\/1N7VkvLDgn76_N494ZDXJ2BljH6NS8XQQ\/view?usp=sharing\" target=\"_blank\" rel=\"noopener\">Compet\u00e8ncia digital COMPETIC<\/a><\/li>\n<\/ul>\n<h4>Ensenyament per a la preparaci\u00f3 de proves d\u2019acc\u00e9s<\/h4>\n<ul>\n<li><a href=\"https:\/\/drive.google.com\/file\/d\/1DHO3OuRCqH4G6DmzFHaHj53di-Ju9lDw\/view?usp=sharing\" target=\"_blank\" rel=\"noopener\">Curs espec\u00edfic d&#8217;acc\u00e9s als cicles de grau mitj\u00e0 (CAM)<\/a><\/li>\n<li><a href=\"https:\/\/drive.google.com\/file\/d\/1veDZ4DPinWX9MNKnuSZofIHQuCktg6dp\/view?usp=sharing\" target=\"_blank\" rel=\"noopener\">A cicles formatius de grau superior<\/a><\/li>\n<li><a href=\"https:\/\/drive.google.com\/file\/d\/18lqIyTcPSzZl3K2-72HX9nSn4TCa4fMG\/view?usp=sharing\" target=\"_blank\" rel=\"noopener\">A la universitat per a majors de 25 anys<\/a><\/li>\n<\/ul>\n","protected":false},"excerpt":{"rendered":"<p>Ensenyaments inicials i formaci\u00f3 b\u00e0sica Llengua catalana Llengua castellana Formaci\u00f3 instrumental Graduat en educaci\u00f3 secund\u00e0ria per a persones adultes (GESO) Ensenyaments transprofessionals Llengua anglesa. Compet\u00e8ncia digital COMPETIC Ensenyament per a la preparaci\u00f3 de proves d\u2019acc\u00e9s Curs espec\u00edfic d&#8217;acc\u00e9s als cicles de grau mitj\u00e0 (CAM) A cicles formatius de grau superior A la universitat per a [&hellip;]<\/p>\n","protected":false},"author":1,"featured_media":0,"parent":0,"menu_order":0,"comment_status":"closed","ping_status":"closed","template":"page-templates\/side-menu.php","meta":{"_bbp_topic_count":0,"_bbp_reply_count":0,"_bbp_total_topic_count":0,"_bbp_total_reply_count":0,"_bbp_voice_count":0,"_bbp_anonymous_reply_count":0,"_bbp_topic_count_hidden":0,"_bbp_reply_count_hidden":0,"_bbp_forum_subforum_count":0,"site-sidebar-layout":"default","site-content-layout":"","ast-site-content-layout":"","site-content-style":"default","site-sidebar-style":"default","ast-global-header-display":"","ast-banner-title-visibility":"","ast-main-header-display":"","ast-hfb-above-header-display":"","ast-hfb-below-header-display":"","ast-hfb-mobile-header-display":"","site-post-title":"","ast-breadcrumbs-content":"","ast-featured-img":"","footer-sml-layout":"","theme-transparent-header-meta":"","adv-header-id-meta":"","stick-header-meta":"","header-above-stick-meta":"","header-main-stick-meta":"","header-below-stick-meta":"","astra-migrate-meta-layouts":"default","ast-page-background-enabled":"default","ast-page-background-meta":{"desktop":{"background-color":"var(--ast-global-color-4)","background-image":"","background-repeat":"repeat","background-position":"center center","background-size":"auto","background-attachment":"scroll","background-type":"","background-media":"","overlay-type":"","overlay-color":"","overlay-opacity":"","overlay-gradient":""},"tablet":{"background-color":"","background-image":"","background-repeat":"repeat","background-position":"center center","background-size":"auto","background-attachment":"scroll","background-type":"","background-media":"","overlay-type":"","overlay-color":"","overlay-opacity":"","overlay-gradient":""},"mobile":{"background-color":"","background-image":"","background-repeat":"repeat","background-position":"center center","background-size":"auto","background-attachment":"scroll","background-type":"","background-media":"","overlay-type":"","overlay-color":"","overlay-opacity":"","overlay-gradient":""}},"ast-content-background-meta":{"desktop":{"background-color":"var(--ast-global-color-5)","background-image":"","background-repeat":"repeat","background-position":"center center","background-size":"auto","background-attachment":"scroll","background-type":"","background-media":"","overlay-type":"","overlay-color":"","overlay-opacity":"","overlay-gradient":""},"tablet":{"background-color":"var(--ast-global-color-5)","background-image":"","background-repeat":"repeat","background-position":"center center","background-size":"auto","background-attachment":"scroll","background-type":"","background-media":"","overlay-type":"","overlay-color":"","overlay-opacity":"","overlay-gradient":""},"mobile":{"background-color":"var(--ast-global-color-5)","background-image":"","background-repeat":"repeat","background-position":"center center","background-size":"auto","background-attachment":"scroll","background-type":"","background-media":"","overlay-type":"","overlay-color":"","overlay-opacity":"","overlay-gradient":""}},"footnotes":""},"class_list":["post-274","page","type-page","status-publish","hentry"],"post_mailing_queue_ids":[],"_links":{"self":[{"href":"https:\/\/agora.xtec.cat\/cfa-lesbernardes-salt\/wp-json\/wp\/v2\/pages\/274","targetHints":{"allow":["GET"]}}],"collection":[{"href":"https:\/\/agora.xtec.cat\/cfa-lesbernardes-salt\/wp-json\/wp\/v2\/pages"}],"about":[{"href":"https:\/\/agora.xtec.cat\/cfa-lesbernardes-salt\/wp-json\/wp\/v2\/types\/page"}],"author":[{"embeddable":true,"href":"https:\/\/agora.xtec.cat\/cfa-lesbernardes-salt\/wp-json\/wp\/v2\/users\/1"}],"replies":[{"embeddable":true,"href":"https:\/\/agora.xtec.cat\/cfa-lesbernardes-salt\/wp-json\/wp\/v2\/comments?post=274"}],"version-history":[{"count":3,"href":"https:\/\/agora.xtec.cat\/cfa-lesbernardes-salt\/wp-json\/wp\/v2\/pages\/274\/revisions"}],"predecessor-version":[{"id":1119,"href":"https:\/\/agora.xtec.cat\/cfa-lesbernardes-salt\/wp-json\/wp\/v2\/pages\/274\/revisions\/1119"}],"wp:attachment":[{"href":"https:\/\/agora.xtec.cat\/cfa-lesbernardes-salt\/wp-json\/wp\/v2\/media?parent=274"}],"curies":[{"name":"wp","href":"https:\/\/api.w.org\/{rel}","templated":true}]}}