{"id":27,"date":"2014-09-17T16:24:03","date_gmt":"2014-09-17T16:24:03","guid":{"rendered":"http:\/\/agora.xtec.cat\/cfa-lesbernardes-salt\/?page_id=27"},"modified":"2015-12-06T20:36:07","modified_gmt":"2015-12-06T19:36:07","slug":"historia","status":"publish","type":"page","link":"https:\/\/agora.xtec.cat\/cfa-lesbernardes-salt\/el-centre\/historia\/","title":{"rendered":"Hist\u00f2ria"},"content":{"rendered":"<p>&nbsp;<\/p>\n<div align=\"justify\">\n<p><strong>L&#8217;Escola d&#8217;Adults de Salt<\/strong> neix durant la transici\u00f3 democr\u00e0tica, al febrer de 1976, de la m\u00e0 de l&#8217;organitzaci\u00f3 popular. L&#8217;Associaci\u00f3 de ve\u00efns de Salt va iniciar unes classes gratu\u00eftes i nocturnes dirigides als joves i adults del poble que van ser pioneres en l&#8217;educaci\u00f3 de les persones adultes i van donar peu a la posterior creaci\u00f3 de les escoles d&#8217;adults arreu de les comarques gironines.<\/p>\n<p>El m\u00e8tode educatiu es va inspirar en Paulo Freire i la lluita militant pel dret de tothom a l\u2019educaci\u00f3. A partir d\u2019aquest moment es promouen multitud d\u2019activitats en el camp de la formaci\u00f3 i recerca: s\u2019organitzen cursos i activitats formatives per a mestres, es participa en diverses Escoles d\u2019Estiu, s\u2019elaboren i publiquen diferents materials.<br \/>\nPer\u00f2 patim una extraordin\u00e0ria precarietat: manca de mestres per atendre tota la demanda, manca de locals, manca de recursos materials, deixadesa per part de les administracions&#8230;<\/p>\n<p>El febrer de 1986 amb la commemoraci\u00f3 del 10\u00e8 aniversari de l\u2019escola, el llavors conseller d\u2019Ensenyament, Sr. Joan Guitart, anunci\u00e0 la creaci\u00f3 d\u2019un Centre P\u00fablic d\u2019Educaci\u00f3 d\u2019Adults a Salt. El Decret 232\/1989, de 28 d\u2019agost crea definitivament el Centre \u201cLa Cooperativa\u201d, esdevenint el primer i \u00fanic Centre P\u00fablic d\u2019Educaci\u00f3 d\u2019Adults de les comarques gironines.<\/p>\n<p>Cinc anys m\u00e9s tard, coincidint amb el 15\u00e8 aniversari de l\u2019escola, s\u2019elabora un Projecte Educatiu que contempla una nova etapa: \u201cPropugnem i treballem per una escola p\u00fablica, laica, pluralista, catalana i integradora. I m\u00e9s espec\u00edficament per una Formaci\u00f3 Permanent dels Treballadors amb totes les caracter\u00edstiques de l\u2019Escola p\u00fablica citada i arrelada al m\u00f3n dels adults.\u201d<\/p>\n<p>El curs 86\/87 s\u2019inicien les classes de preparaci\u00f3 per a les proves d\u2019acc\u00e9s a la universitat per a majors de 25 anys i es porta a terme un ric programa d\u2019activitats complement\u00e0ries.<\/p>\n<p>La Resoluci\u00f3, de 4 de gener de 1994, disposa el canvi de denominaci\u00f3 i ubicaci\u00f3 del nostre Centre. A partir d\u2019aquesta resoluci\u00f3, som \u201cel Centre de Formaci\u00f3 d\u2019Adults Les Bernardes\u201d i ens ubiquem en l\u2019equipament Les Bernardes del carrer Sant Dion\u00eds, n\u00famero 42.<\/p>\n<p>El curs 96\/97 es crea el Centre d\u2019Autoformaci\u00f3 \u201cMestre Rafael Farr\u00e9\u201d integrat al Centre.<\/p>\n<p>El curs 2000\/01 celebrem el nostre 25\u00e8 aniversari sota el lema \u201c25 anys al servei del poble\u201d. Els principals actes commemoratius van ser una exposici\u00f3 de diferents cartells editats pel centre, una emotiva lli\u00e7\u00f3 inaugural i l\u2019edici\u00f3 de la revista \u201c La Cooperativa\u201d que en aquests moments ja t\u00e9 nou exemplars, un per curs, que es presenta el dia de Sant Jordi.<\/p>\n<p>El mateix any l\u2019escola rep dues condecoracions: el premi \u201cTres de Mar\u00e7\u201d que concedeix l\u2019Ajuntament de Salt i el premi \u201cMestres 68\u201d que reb\u00e9 el mestre Sebas Parra (en aquell moment director del centre) per la seva traject\u00f2ria docent.<\/p>\n<p>El 18 d\u2019octubre del 2002 el Departament de Benestar Social, l\u2019Ajuntament de Salt i la Universitat de Girona signaven un conveni que posaria en marxa el Pla local de formaci\u00f3 d\u2019adults de Salt \u201cFem un Salt solidari\u201d que va permetre a centenars de persones immigrades i joves facilitadors voluntaris participar en cercles de conversa i editar materials did\u00e0ctics de gran v\u00e0lua. Va ser un projecte molt enriquidor.<\/p>\n<p>El curs 2006\/2007 celebr\u00e0rem els 30 anys amb l\u2019edici\u00f3 del llibre \u201c30 anys al servei del poble\u201d que pret\u00e9n ser una mem\u00f2ria de l\u2019escola i el poble de Salt durant tots aquests anys. Aquest curs va ser especialment dif\u00edcil: un seguit de problemes amb l\u2019administraci\u00f3 que arrosseg\u00e0vem des de feia temps provoquen, el mes de mar\u00e7, la dimissi\u00f3 del director i cofundador del centre, Sr. Sebas Parra. Aquest esdeveniment tanca una etapa, per\u00f2 el nou equip directiu continua treballant amb tenacitat per mantenir el que sempre ha estat aquesta escola.<\/p>\n<p>Al llarg dels anys hem viscut canvis de tota mena que s\u2019han tradu\u00eft en noves demandes que sempre hem procurat respondre. Darrerament, sobretot de persones nouvingudes que necessiten aprendre la llengua catalana per a desenvolupar-se en la societat d\u2019acollida. Tamb\u00e9 hem consolidat el GES i els Cicles Formatius de Grau Mitj\u00e0 i Superior i continuem impartint classes d\u2019Acc\u00e9s a la universitat. Hem at\u00e8s la creixent demanda d\u2019alfabetitzaci\u00f3 digital (inform\u00e0tica inicial, b\u00e0sica i ofim\u00e0tica) aix\u00ed com la iniciaci\u00f3 a la llengua anglesa.<\/p>\n<p>El mes de Gener del 2011 vam signar un conveni amb l&#8217;Ajuntament per posar en marxa el Pla Pilot d&#8217;alfabetitzaci\u00f3 finan\u00e7at pel &#8220;Fondo Europeo para la Integraci\u00f3n&#8221;. S&#8217;incorporen al centre dues persones (una jornada i mitja de treball) que atenen la llista d&#8217;espera d&#8217;alfabetitzaci\u00f3 que no pot atendre l&#8217;escola i aix\u00ed podem arribar a totes les persones interessades. En principi aquest conveni \u00e9s per 1 any (des de l&#8217;1 de febrer a 31 de desembre).<\/p>\n<p>El 2 de juny del 2011, l&#8217;escola va rebre el premi &#8220;Salvador Sunyer i Aimeric&#8221; concedit per la fundaci\u00f3 Valvi de Girona. Aquest premi reconeix la nostra traject\u00f2ria professional.<\/p>\n<p>El nostre tarann\u00e0 \u00e9s treballar per estar oberts al poble i difondre la igualtat i la solidaritat.<\/p>\n<\/div>\n<div align=\"center\">\n<h1>&#8220;L&#8217;EDUCACI\u00d3 \u00c9S UN DRET PER A TOTHOM&#8221;<\/h1>\n<\/div>\n<p>&nbsp;<\/p>\n<p><a href=\"http:\/\/agora.xtec.cat\/cfa-lesbernardes-salt\/wp-content\/uploads\/usu699\/2015\/12\/escola-031.jpg\"><img loading=\"lazy\" decoding=\"async\" class=\"  wp-image-381 aligncenter\" src=\"http:\/\/agora.xtec.cat\/cfa-lesbernardes-salt\/wp-content\/uploads\/usu699\/2015\/12\/escola-031-1024x768.jpg\" alt=\"escola 031\" width=\"394\" height=\"296\" \/><\/a><\/p>\n<p>&nbsp;<\/p>\n","protected":false},"excerpt":{"rendered":"<p>&nbsp; L&#8217;Escola d&#8217;Adults de Salt neix durant la transici\u00f3 democr\u00e0tica, al febrer de 1976, de la m\u00e0 de l&#8217;organitzaci\u00f3 popular. L&#8217;Associaci\u00f3 de ve\u00efns de Salt va iniciar unes classes gratu\u00eftes i nocturnes dirigides als joves i adults del poble que van ser pioneres en l&#8217;educaci\u00f3 de les persones adultes i van donar peu a la [&hellip;]<\/p>\n","protected":false},"author":1,"featured_media":0,"parent":261,"menu_order":20,"comment_status":"closed","ping_status":"closed","template":"page-templates\/side-menu.php","meta":{"_bbp_topic_count":0,"_bbp_reply_count":0,"_bbp_total_topic_count":0,"_bbp_total_reply_count":0,"_bbp_voice_count":0,"_bbp_anonymous_reply_count":0,"_bbp_topic_count_hidden":0,"_bbp_reply_count_hidden":0,"_bbp_forum_subforum_count":0,"site-sidebar-layout":"default","site-content-layout":"","ast-site-content-layout":"","site-content-style":"default","site-sidebar-style":"default","ast-global-header-display":"","ast-banner-title-visibility":"","ast-main-header-display":"","ast-hfb-above-header-display":"","ast-hfb-below-header-display":"","ast-hfb-mobile-header-display":"","site-post-title":"","ast-breadcrumbs-content":"","ast-featured-img":"","footer-sml-layout":"","theme-transparent-header-meta":"","adv-header-id-meta":"","stick-header-meta":"","header-above-stick-meta":"","header-main-stick-meta":"","header-below-stick-meta":"","astra-migrate-meta-layouts":"default","ast-page-background-enabled":"default","ast-page-background-meta":{"desktop":{"background-color":"var(--ast-global-color-4)","background-image":"","background-repeat":"repeat","background-position":"center center","background-size":"auto","background-attachment":"scroll","background-type":"","background-media":"","overlay-type":"","overlay-color":"","overlay-opacity":"","overlay-gradient":""},"tablet":{"background-color":"","background-image":"","background-repeat":"repeat","background-position":"center center","background-size":"auto","background-attachment":"scroll","background-type":"","background-media":"","overlay-type":"","overlay-color":"","overlay-opacity":"","overlay-gradient":""},"mobile":{"background-color":"","background-image":"","background-repeat":"repeat","background-position":"center center","background-size":"auto","background-attachment":"scroll","background-type":"","background-media":"","overlay-type":"","overlay-color":"","overlay-opacity":"","overlay-gradient":""}},"ast-content-background-meta":{"desktop":{"background-color":"var(--ast-global-color-5)","background-image":"","background-repeat":"repeat","background-position":"center center","background-size":"auto","background-attachment":"scroll","background-type":"","background-media":"","overlay-type":"","overlay-color":"","overlay-opacity":"","overlay-gradient":""},"tablet":{"background-color":"var(--ast-global-color-5)","background-image":"","background-repeat":"repeat","background-position":"center center","background-size":"auto","background-attachment":"scroll","background-type":"","background-media":"","overlay-type":"","overlay-color":"","overlay-opacity":"","overlay-gradient":""},"mobile":{"background-color":"var(--ast-global-color-5)","background-image":"","background-repeat":"repeat","background-position":"center center","background-size":"auto","background-attachment":"scroll","background-type":"","background-media":"","overlay-type":"","overlay-color":"","overlay-opacity":"","overlay-gradient":""}},"footnotes":""},"class_list":["post-27","page","type-page","status-publish","hentry"],"post_mailing_queue_ids":[],"_links":{"self":[{"href":"https:\/\/agora.xtec.cat\/cfa-lesbernardes-salt\/wp-json\/wp\/v2\/pages\/27","targetHints":{"allow":["GET"]}}],"collection":[{"href":"https:\/\/agora.xtec.cat\/cfa-lesbernardes-salt\/wp-json\/wp\/v2\/pages"}],"about":[{"href":"https:\/\/agora.xtec.cat\/cfa-lesbernardes-salt\/wp-json\/wp\/v2\/types\/page"}],"author":[{"embeddable":true,"href":"https:\/\/agora.xtec.cat\/cfa-lesbernardes-salt\/wp-json\/wp\/v2\/users\/1"}],"replies":[{"embeddable":true,"href":"https:\/\/agora.xtec.cat\/cfa-lesbernardes-salt\/wp-json\/wp\/v2\/comments?post=27"}],"version-history":[{"count":4,"href":"https:\/\/agora.xtec.cat\/cfa-lesbernardes-salt\/wp-json\/wp\/v2\/pages\/27\/revisions"}],"predecessor-version":[{"id":1527,"href":"https:\/\/agora.xtec.cat\/cfa-lesbernardes-salt\/wp-json\/wp\/v2\/pages\/27\/revisions\/1527"}],"up":[{"embeddable":true,"href":"https:\/\/agora.xtec.cat\/cfa-lesbernardes-salt\/wp-json\/wp\/v2\/pages\/261"}],"wp:attachment":[{"href":"https:\/\/agora.xtec.cat\/cfa-lesbernardes-salt\/wp-json\/wp\/v2\/media?parent=27"}],"curies":[{"name":"wp","href":"https:\/\/api.w.org\/{rel}","templated":true}]}}