{"id":265,"date":"2015-01-27T17:28:56","date_gmt":"2015-01-27T16:28:56","guid":{"rendered":"http:\/\/agora.xtec.cat\/cfa-lesbernardes-salt\/?page_id=265"},"modified":"2025-11-14T09:28:30","modified_gmt":"2025-11-14T08:28:30","slug":"organitzacio-interna","status":"publish","type":"page","link":"https:\/\/agora.xtec.cat\/cfa-lesbernardes-salt\/el-centre\/organitzacio-interna\/","title":{"rendered":"Organitzaci\u00f3 interna"},"content":{"rendered":"<p><strong><em>EQUIP DIRECTIU<\/em><\/strong><\/p>\n<p>Ester Vall (Directora)<br \/>\nMaria Granell (Cap d\u2019Estudis)<br \/>\nTarek Arafeh (Secretari)<\/p>\n<p><strong><em>PROFESSORAT (Curs 2025-26)<\/em><\/strong><\/p>\n<table style=\"border-collapse: collapse; width: 57.3012%;\">\n<tbody>\n<tr>\n<td style=\"width: 29.5732%;\">\n<h4><strong>Nom i cognoms<\/strong><\/h4>\n<\/td>\n<td style=\"width: 37.5122%;\">\n<h4><strong>Contacte<\/strong><\/h4>\n<\/td>\n<td style=\"width: 53.6463%;\">\n<h4><strong>C\u00e0rrec<\/strong><\/h4>\n<\/td>\n<\/tr>\n<tr>\n<td style=\"width: 29.5732%;\">Ester Vall Mercad\u00e9<\/td>\n<td style=\"width: 37.5122%;\">estervm@cfalesbernardes.cat<\/td>\n<td style=\"width: 53.6463%;\">Directora<\/td>\n<\/tr>\n<tr>\n<td style=\"width: 29.5732%;\">Maria Granell Espadaler<\/td>\n<td style=\"width: 37.5122%;\">mariage@cfalesbernardes.cat<\/td>\n<td style=\"width: 53.6463%;\">Cap d&#8217;estudis<\/td>\n<\/tr>\n<tr>\n<td style=\"width: 29.5732%;\">Tarek Arafeh Dalmau<\/td>\n<td style=\"width: 37.5122%;\">tarekad@cfalesbernardes.cat<\/td>\n<td style=\"width: 53.6463%;\">Secretari<\/td>\n<\/tr>\n<tr>\n<td style=\"width: 29.5732%;\">Miquel Arg\u00fcelles Mart\u00ed<\/td>\n<td style=\"width: 37.5122%;\">miquelam@cfalesbernardes.cat<\/td>\n<td style=\"width: 53.6463%;\">Coordinador LIC<\/td>\n<\/tr>\n<tr>\n<td style=\"width: 29.5732%;\">Llu\u00eds Arilla G\u00f3mez<\/td>\n<td style=\"width: 37.5122%;\">lluisag@cfalesbernardes.cat<\/td>\n<td style=\"width: 53.6463%;\"><\/td>\n<\/tr>\n<tr>\n<td style=\"width: 29.5732%;\">Montse Pont Serra<\/td>\n<td style=\"width: 37.5122%;\">montseps@cfalesbernardes.cat<\/td>\n<td style=\"width: 53.6463%;\"><\/td>\n<\/tr>\n<tr>\n<td style=\"width: 29.5732%;\">Amanda Baqu\u00e9 Subir\u00f3s<\/td>\n<td style=\"width: 37.5122%;\"><span data-sheets-root=\"1\">amandabs@cfalesbernardes.cat<\/span><\/td>\n<td style=\"width: 53.6463%;\">Coordinadora proves acc\u00e9s<\/td>\n<\/tr>\n<tr>\n<td style=\"width: 29.5732%;\">Jorge Tom\u00e0s Bas<\/td>\n<td style=\"width: 37.5122%;\">jorgetb@cfalesbernardes.cat<\/td>\n<td style=\"width: 53.6463%;\">Coordinador GES<\/td>\n<\/tr>\n<tr>\n<td style=\"width: 29.5732%;\">Fatima Arana Alcantara<\/td>\n<td style=\"width: 37.5122%;\">fatimaaa@cfalesbernardes.cat<\/td>\n<td style=\"width: 53.6463%;\">Coordinadora Formaci\u00f3 Instrumental<\/td>\n<\/tr>\n<tr>\n<td style=\"width: 29.5732%;\">Carles Villacampa Ballet<\/td>\n<td style=\"width: 37.5122%;\">carlesvb@cfalesbernardes.cat<\/td>\n<td style=\"width: 53.6463%;\">Coordinador Digital<\/td>\n<\/tr>\n<tr>\n<td style=\"width: 29.5732%;\">Mireia Van-Leeuwen Bernat<\/td>\n<td style=\"width: 37.5122%;\">mireiavlb@cfalesbernardes.cat<\/td>\n<td style=\"width: 53.6463%;\">Coordinadora Catal\u00e0 i Angl\u00e8s<\/td>\n<\/tr>\n<tr>\n<td style=\"width: 29.5732%;\">M\u00f2nica Sabat\u00e9s Alsina<\/td>\n<td style=\"width: 37.5122%;\">monicasa@cfalesbernardes.cat<\/td>\n<td style=\"width: 53.6463%;\">Coordinadora Riscos Laborals<\/td>\n<\/tr>\n<tr>\n<td style=\"width: 29.5732%;\">Pilar Marco Rojo<\/td>\n<td style=\"width: 37.5122%;\">pilarmr@cfalesbernardes.cat<\/td>\n<td style=\"width: 53.6463%;\">Coordinadora Castell\u00e0 i CoCoBe<\/td>\n<\/tr>\n<tr>\n<td style=\"width: 29.5732%;\">David Carrillo L\u00f3pez<\/td>\n<td style=\"width: 37.5122%;\">davidcl@cfalesbernardes.cat<\/td>\n<td style=\"width: 53.6463%;\">Tutor de menors<\/td>\n<\/tr>\n<tr>\n<td style=\"width: 29.5732%;\">Anna Busquets Mas\u00f3<\/td>\n<td style=\"width: 37.5122%;\"><span data-sheets-root=\"1\">annabm@cfalesbernardes.cat<\/span><\/td>\n<td style=\"width: 53.6463%;\"><\/td>\n<\/tr>\n<tr>\n<td style=\"width: 29.5732%;\">Laura Oriol Vila<\/td>\n<td style=\"width: 37.5122%;\">lauraov@cfalesbernardes.cat<\/td>\n<td style=\"width: 53.6463%;\"><\/td>\n<\/tr>\n<tr>\n<td style=\"width: 29.5732%;\">Montserrat G\u00f3mez Yeste<\/td>\n<td style=\"width: 37.5122%;\"><span data-sheets-root=\"1\">montserratgy@cfalesbernardes.cat<\/span><\/td>\n<td style=\"width: 53.6463%;\"><\/td>\n<\/tr>\n<tr>\n<td style=\"width: 29.5732%;\">N\u00faria Crous Guillaumes<\/td>\n<td style=\"width: 37.5122%;\">nuriacg@cfalesbernardes.cat<\/td>\n<td style=\"width: 53.6463%;\"><\/td>\n<\/tr>\n<tr>\n<td style=\"width: 29.5732%;\">Diana Santre Ten<\/td>\n<td style=\"width: 37.5122%;\"><span data-sheets-root=\"1\">dianast@cfalesbernardes.cat<\/span><\/td>\n<td style=\"width: 53.6463%;\"><\/td>\n<\/tr>\n<tr>\n<td style=\"width: 29.5732%;\">Josep Bellveh\u00ed Casadell\u00e0<\/td>\n<td style=\"width: 37.5122%;\"><span data-sheets-root=\"1\">josepbc@cfalesbernardes.cat<\/span><\/td>\n<td style=\"width: 53.6463%;\"><\/td>\n<\/tr>\n<tr>\n<td style=\"width: 29.5732%;\"><\/td>\n<td style=\"width: 37.5122%;\"><\/td>\n<td style=\"width: 53.6463%;\"><\/td>\n<\/tr>\n<\/tbody>\n<\/table>\n<p><strong><em>ADMINISTRACI\u00d3 I SERVEIS<\/em><\/strong><\/p>\n<p>Antoni Pulido L\u00e1zaro (Conserge)<br \/>\nMontserrat S\u00e1nchez Llapart (Administrativa)<\/p>\n","protected":false},"excerpt":{"rendered":"<p>EQUIP DIRECTIU Ester Vall (Directora) Maria Granell (Cap d\u2019Estudis) Tarek Arafeh (Secretari) PROFESSORAT (Curs 2025-26) Nom i cognoms Contacte C\u00e0rrec Ester Vall Mercad\u00e9 estervm@cfalesbernardes.cat Directora Maria Granell Espadaler mariage@cfalesbernardes.cat Cap d&#8217;estudis Tarek Arafeh Dalmau tarekad@cfalesbernardes.cat Secretari Miquel Arg\u00fcelles Mart\u00ed miquelam@cfalesbernardes.cat Coordinador LIC Llu\u00eds Arilla G\u00f3mez lluisag@cfalesbernardes.cat Montse Pont Serra montseps@cfalesbernardes.cat Amanda Baqu\u00e9 Subir\u00f3s amandabs@cfalesbernardes.cat Coordinadora [&hellip;]<\/p>\n","protected":false},"author":1,"featured_media":0,"parent":261,"menu_order":40,"comment_status":"closed","ping_status":"closed","template":"page-templates\/side-menu.php","meta":{"_bbp_topic_count":0,"_bbp_reply_count":0,"_bbp_total_topic_count":0,"_bbp_total_reply_count":0,"_bbp_voice_count":0,"_bbp_anonymous_reply_count":0,"_bbp_topic_count_hidden":0,"_bbp_reply_count_hidden":0,"_bbp_forum_subforum_count":0,"site-sidebar-layout":"default","site-content-layout":"","ast-site-content-layout":"","site-content-style":"default","site-sidebar-style":"default","ast-global-header-display":"","ast-banner-title-visibility":"","ast-main-header-display":"","ast-hfb-above-header-display":"","ast-hfb-below-header-display":"","ast-hfb-mobile-header-display":"","site-post-title":"","ast-breadcrumbs-content":"","ast-featured-img":"","footer-sml-layout":"","theme-transparent-header-meta":"","adv-header-id-meta":"","stick-header-meta":"","header-above-stick-meta":"","header-main-stick-meta":"","header-below-stick-meta":"","astra-migrate-meta-layouts":"default","ast-page-background-enabled":"default","ast-page-background-meta":{"desktop":{"background-color":"var(--ast-global-color-4)","background-image":"","background-repeat":"repeat","background-position":"center center","background-size":"auto","background-attachment":"scroll","background-type":"","background-media":"","overlay-type":"","overlay-color":"","overlay-opacity":"","overlay-gradient":""},"tablet":{"background-color":"","background-image":"","background-repeat":"repeat","background-position":"center center","background-size":"auto","background-attachment":"scroll","background-type":"","background-media":"","overlay-type":"","overlay-color":"","overlay-opacity":"","overlay-gradient":""},"mobile":{"background-color":"","background-image":"","background-repeat":"repeat","background-position":"center center","background-size":"auto","background-attachment":"scroll","background-type":"","background-media":"","overlay-type":"","overlay-color":"","overlay-opacity":"","overlay-gradient":""}},"ast-content-background-meta":{"desktop":{"background-color":"var(--ast-global-color-5)","background-image":"","background-repeat":"repeat","background-position":"center center","background-size":"auto","background-attachment":"scroll","background-type":"","background-media":"","overlay-type":"","overlay-color":"","overlay-opacity":"","overlay-gradient":""},"tablet":{"background-color":"var(--ast-global-color-5)","background-image":"","background-repeat":"repeat","background-position":"center center","background-size":"auto","background-attachment":"scroll","background-type":"","background-media":"","overlay-type":"","overlay-color":"","overlay-opacity":"","overlay-gradient":""},"mobile":{"background-color":"var(--ast-global-color-5)","background-image":"","background-repeat":"repeat","background-position":"center center","background-size":"auto","background-attachment":"scroll","background-type":"","background-media":"","overlay-type":"","overlay-color":"","overlay-opacity":"","overlay-gradient":""}},"footnotes":""},"class_list":["post-265","page","type-page","status-publish","hentry"],"post_mailing_queue_ids":[],"_links":{"self":[{"href":"https:\/\/agora.xtec.cat\/cfa-lesbernardes-salt\/wp-json\/wp\/v2\/pages\/265","targetHints":{"allow":["GET"]}}],"collection":[{"href":"https:\/\/agora.xtec.cat\/cfa-lesbernardes-salt\/wp-json\/wp\/v2\/pages"}],"about":[{"href":"https:\/\/agora.xtec.cat\/cfa-lesbernardes-salt\/wp-json\/wp\/v2\/types\/page"}],"author":[{"embeddable":true,"href":"https:\/\/agora.xtec.cat\/cfa-lesbernardes-salt\/wp-json\/wp\/v2\/users\/1"}],"replies":[{"embeddable":true,"href":"https:\/\/agora.xtec.cat\/cfa-lesbernardes-salt\/wp-json\/wp\/v2\/comments?post=265"}],"version-history":[{"count":7,"href":"https:\/\/agora.xtec.cat\/cfa-lesbernardes-salt\/wp-json\/wp\/v2\/pages\/265\/revisions"}],"predecessor-version":[{"id":1524,"href":"https:\/\/agora.xtec.cat\/cfa-lesbernardes-salt\/wp-json\/wp\/v2\/pages\/265\/revisions\/1524"}],"up":[{"embeddable":true,"href":"https:\/\/agora.xtec.cat\/cfa-lesbernardes-salt\/wp-json\/wp\/v2\/pages\/261"}],"wp:attachment":[{"href":"https:\/\/agora.xtec.cat\/cfa-lesbernardes-salt\/wp-json\/wp\/v2\/media?parent=265"}],"curies":[{"name":"wp","href":"https:\/\/api.w.org\/{rel}","templated":true}]}}