{"id":1650,"date":"2026-02-23T17:46:39","date_gmt":"2026-02-23T16:46:39","guid":{"rendered":"https:\/\/agora.xtec.cat\/cfa-lesbernardes-salt\/?page_id=1650"},"modified":"2026-02-23T19:33:40","modified_gmt":"2026-02-23T18:33:40","slug":"erasmus","status":"publish","type":"page","link":"https:\/\/agora.xtec.cat\/cfa-lesbernardes-salt\/erasmus\/","title":{"rendered":"Erasmus+"},"content":{"rendered":"\n<figure class=\"wp-block-image is-resized\"><img decoding=\"async\" src=\"https:\/\/www.protocoloimep.com\/app\/uploads\/2018\/03\/EU-flag-Erasmus.png\" alt=\"Erasmus - Protocolo IMEP\" style=\"width:330px;height:auto\"\/><\/figure>\n\n\n\n<p>Els projectes de mobilitat Erasmus+ permeten que l\u2019alumnat i professorat visquin<strong> experi\u00e8ncies formatives a la UE<\/strong> i <strong>utilitzin la llengua estrangera en un context real<\/strong> dins i fora de l\u2019aula mentre adquireixen noves destreses.<\/p>\n\n\n\n<p>Des de l CFA Les Bernardes apostem per un ensenyament de qualitat per a tothom i en totes les etapes educatives, un proc\u00e9s participatiu i obert a l\u2019exterior. L\u2019escola ha apostat per la internacionalitzaci\u00f3, el curs 2026-2027 disposarem de les <strong>acreditacions Erasmus+ del SEPIE<\/strong> (Servicio Espa\u00f1ol para la Internacionalizaci\u00f3n de la Educaci\u00f3n) per a tots el nostre alumnat.&nbsp;<\/p>\n\n\n\n<p>Pel que fa als valors, entenem l\u2019educaci\u00f3 com un <strong>proc\u00e9s integrador i representatiu de la societat on vivim<\/strong>. Acompanyem aquesta idea amb els projectes de<strong> Mobilitat Erasmus+,&nbsp;<\/strong><\/p>\n\n\n\n<p><strong>Amb la internacionalitzaci\u00f3 pretenen:&nbsp;<\/strong><\/p>\n\n\n\n<ul class=\"wp-block-list\">\n<li>Millorar l\u2019assoliment de les compet\u00e8ncies i capacitats personals i socials de desenvolupament personal dels nostres alumnes<\/li>\n\n\n\n<li>Impulsar projectes d\u2019inclusi\u00f3 i diversitat<\/li>\n\n\n\n<li>Millorar l\u2019\u00fas i aprenentatge de les lleng\u00fces estrangeres<\/li>\n<\/ul>\n\n\n\n<p>Al llarg de l\u2019acreditaci\u00f3 del programa&nbsp; Erasmus l\u2019escola vol desenvolupar:<\/p>\n\n\n\n<p><strong>Objectiu 1<\/strong><strong><br><\/strong>Oferir a l\u2019alumnat i al professorat l\u2019oportunitat de participar en experi\u00e8ncies de mobilitat internacional com a eina de transformaci\u00f3 personal, millora de compet\u00e8ncies clau i refor\u00e7 del sentiment de pertinen\u00e7a a l\u2019espai europeu.<\/p>\n\n\n\n<p><strong>Objectiu 2<\/strong><strong><br><\/strong>Millorar la compet\u00e8ncia ling\u00fc\u00edstica dels participants, amb especial \u00e8mfasi en l\u2019angl\u00e8s, considerant-lo un instrument fonamental per a la internacionalitzaci\u00f3, el desenvolupament professional i la millora de l\u2019ocupabilitat.<\/p>\n\n\n\n<p><strong>Objectiu 3<\/strong><strong><br><\/strong>Promoure la integraci\u00f3 social, cultural i c\u00edvica de l\u2019alumnat adult mitjan\u00e7ant el coneixement progressiu, actiu i cr\u00edtic de l\u2019entorn local, auton\u00f2mic, estatal i europeu.<\/p>\n\n\n\n<p><strong>Objectiu 4<\/strong><strong><br><\/strong>Impulsar la compet\u00e8ncia digital i la innovaci\u00f3 metodol\u00f2gica tant del professorat com de l\u2019alumnat a trav\u00e9s de la implementaci\u00f3 d\u2019una r\u00e0dio escolar com a eina de comunicaci\u00f3, cohesi\u00f3 social i inclusi\u00f3 educativa.<\/p>\n\n\n\n<p><strong>Objectiu 5<\/strong><strong><br><\/strong>Fomentar el desenvolupament de compet\u00e8ncies clau per a l\u2019aprenentatge aut\u00f2nom i al llarg de la vida, especialment entre l\u2019alumnat en situaci\u00f3 de vulnerabilitat educativa.<\/p>\n\n\n\n<p><strong>Com participar-hi?<\/strong><\/p>\n\n\n\n<p>Contestant e<strong>l formulari<\/strong> Google que es publica a la web del centre i presentant-te a l\u2019entrevista quan siguis convocat. Si tens dubtes, envia un correu electr\u00f2nic a l\u2019adre\u00e7a del centre jorgetb@cfalesbernardes.cat. Aquests s\u00f3n els criteris de selecci\u00f3 per a l\u2019alumnat.&nbsp;<\/p>\n\n\n\n<p><strong>Criteris selecci\u00f3 alumnat 26-27<\/strong><\/p>\n\n\n\n<p><strong>Criteris selecci\u00f3 professorat 26-27<\/strong><\/p>\n\n\n\n<p>&nbsp;<strong>Acreditaci\u00f3 Erasmus Alumnat&nbsp; KA-121-ADU-FCC64009<\/strong><\/p>\n\n\n\n<p>Al llarg del curs 2026-2027 es portaran a terme dues mobilitats amb alumnat.&nbsp;<\/p>\n\n\n\n<p><strong>Primera mobilitat.<\/strong> M\u00e9s informaci\u00f3 aqu\u00ed<\/p>\n\n\n\n<p><strong>Segona mobilitat.<\/strong> M\u00e9s informaci\u00f3 aqu\u00ed&nbsp;<\/p>\n\n\n\n<p><strong>Acreditaci\u00f3 Erasmus+ Professorat i personal PAS&nbsp; KA-121-ADU-FCC64009<\/strong><\/p>\n\n\n\n<p>&nbsp;&nbsp;&nbsp;Pel curs 2026-2027 volem qu\u00e8 tan el professorat com el personal PAS gaudeixin de mobilitats de formaci\u00f3. Per portar-ho a terme es presentaran un total de 5 cursos de formaci\u00f3 per un total de 15 participant.&nbsp;<\/p>\n\n\n\n<ul class=\"wp-block-list\">\n<li>Primera mobilitat<\/li>\n\n\n\n<li>Segona mobilitat<\/li>\n\n\n\n<li>Tercera mobilitat<\/li>\n\n\n\n<li>Quarta mobilitat<\/li>\n\n\n\n<li>Cinquena mobilitat PAS<\/li>\n<\/ul>\n\n\n\n<hr class=\"wp-block-separator has-alpha-channel-opacity\"\/>\n\n\n\n<p><strong>Contacte<\/strong><\/p>\n\n\n\n<p>972 24 14 10 \u00a0 \u00a0 jorgetb@cfalesbernardes.cat\u00a0\u00a0<\/p>\n\n\n\n<hr class=\"wp-block-separator has-alpha-channel-opacity\"\/>\n\n\n\n<p><strong>ENGLISH VERSION<\/strong><\/p>\n\n\n\n<p>Erasmus+ mobility projects allow students and teachers to take part in training experiences within the European Union and use a foreign language in real-life contexts, both inside and outside the classroom, while acquiring new skills.<\/p>\n\n\n\n<p>At CFA Les Bernardes, we are committed to providing quality education for everyone at all educational stages, through a participatory process that is open to the outside world. The school has embraced internationalisation, and in the 2026\u20132027 academic year we will hold Erasmus+ accreditations from the Spanish Service for the Internationalisation of Education (SEPIE) for all our students.<\/p>\n\n\n\n<p>Regarding our values, we understand education as an inclusive process that reflects the society in which we live. We support this vision through Erasmus+ mobility projects.<\/p>\n\n\n\n<p><strong>Through internationalisation, we aim to:<\/strong><\/p>\n\n\n\n<ul class=\"wp-block-list\">\n<li>Improve the development of key competencies and personal and social skills of our students<\/li>\n\n\n\n<li>Promote inclusion and diversity projects<\/li>\n\n\n\n<li>Enhance the use and learning of foreign languages<\/li>\n<\/ul>\n\n\n\n<p><strong>Throughout the Erasmus accreditation period, the school aims to develop the following objectives:<\/strong><\/p>\n\n\n\n<p><strong>Objective 1<\/strong><strong><br><\/strong>To offer students and teachers the opportunity to participate in international mobility experiences as a tool for personal transformation, the development of key competences, and the strengthening of a sense of belonging to the European space.<\/p>\n\n\n\n<p><strong>Objective 2<\/strong><strong><br><\/strong>To improve participants\u2019 language competence, with a special emphasis on English, considering it a key tool for internationalisation, professional development, and employability.<\/p>\n\n\n\n<p><strong>Objective 3<\/strong><strong><br><\/strong>To promote the social, cultural, and civic integration of adult learners through a progressive, active, and critical understanding of the local, regional, national, and European environment.<\/p>\n\n\n\n<p><strong>Objective 4<\/strong><strong><br><\/strong>To foster digital competence and methodological innovation among both teachers and students through the implementation of a school radio as a tool for communication, social cohesion, and inclusion.<\/p>\n\n\n\n<p><strong>Objective 5<\/strong><strong><br><\/strong>To promote the development of key competences for autonomous and lifelong learning, especially among students in situations of educational vulnerability.<\/p>\n\n\n\n<p><strong>How to participate?<\/strong><strong><br><\/strong>By completing the Google form published on the school\u2019s website and attending an interview when invited. If you have any questions, you can send an email to: jorgetb@cfalesbernardes.cat.<\/p>\n\n\n\n<p><strong>These are the selection criteria for students:<\/strong><\/p>\n\n\n\n<ul class=\"wp-block-list\">\n<li><strong>Student selection criteria 2026\u20132027<\/strong><\/li>\n\n\n\n<li><strong>Staff selection criteria 2026\u20132027<\/strong><\/li>\n<\/ul>\n\n\n\n<p><strong>Erasmus Accreditation \u2013 Students<\/strong><strong><br><\/strong><strong>KA-121-ADU-FCC64009<\/strong><\/p>\n\n\n\n<p><strong>During the 2026\u20132027 academic year, two student mobilities will take place:<\/strong><\/p>\n\n\n\n<ul class=\"wp-block-list\">\n<li><strong>First mobility \u2013 More information here<\/strong><\/li>\n\n\n\n<li><strong>Second mobility \u2013 More information here<\/strong><\/li>\n<\/ul>\n\n\n\n<p><strong>Erasmus+ Accreditation \u2013 Teachers and Administrative Staff (PAS)<\/strong><strong><br><\/strong><strong>KA-121-ADU-FCC64009<\/strong><\/p>\n\n\n\n<p>For the 2026\u20132027 academic year, we aim for both teaching staff and administrative staff to take part in training mobilities. To achieve this, a total of 5 training courses will be organised for 15 participants.<\/p>\n\n\n\n<ul class=\"wp-block-list\">\n<li><strong>First mobility<\/strong><\/li>\n\n\n\n<li><strong>Second mobility<\/strong><\/li>\n\n\n\n<li><strong>Third mobility<\/strong><\/li>\n\n\n\n<li><strong>Fourth mobility<\/strong><\/li>\n\n\n\n<li><strong>Fifth mobility (administrative staff)<\/strong><\/li>\n<\/ul>\n\n\n\n<hr class=\"wp-block-separator has-alpha-channel-opacity\"\/>\n\n\n\n<p><strong>Contact<\/strong><strong><br><\/strong><strong>972 24 14 10<\/strong><strong><br><\/strong><strong>jorgetb@cfalesbernardes.cat<\/strong><\/p>\n\n\n\n<hr class=\"wp-block-separator has-alpha-channel-opacity\"\/>\n","protected":false},"excerpt":{"rendered":"<p>Els projectes de mobilitat Erasmus+ permeten que l\u2019alumnat i professorat visquin experi\u00e8ncies formatives a la UE i utilitzin la llengua estrangera en un context real dins i fora de l\u2019aula mentre adquireixen noves destreses. Des de l CFA Les Bernardes apostem per un ensenyament de qualitat per a tothom i en totes les etapes educatives, [&hellip;]<\/p>\n","protected":false},"author":1,"featured_media":0,"parent":0,"menu_order":0,"comment_status":"closed","ping_status":"close","template":"","meta":{"_bbp_topic_count":0,"_bbp_reply_count":0,"_bbp_total_topic_count":0,"_bbp_total_reply_count":0,"_bbp_voice_count":0,"_bbp_anonymous_reply_count":0,"_bbp_topic_count_hidden":0,"_bbp_reply_count_hidden":0,"_bbp_forum_subforum_count":0,"site-sidebar-layout":"default","site-content-layout":"","ast-site-content-layout":"default","site-content-style":"default","site-sidebar-style":"default","ast-global-header-display":"","ast-banner-title-visibility":"","ast-main-header-display":"","ast-hfb-above-header-display":"","ast-hfb-below-header-display":"","ast-hfb-mobile-header-display":"","site-post-title":"disabled","ast-breadcrumbs-content":"","ast-featured-img":"","footer-sml-layout":"","theme-transparent-header-meta":"","adv-header-id-meta":"","stick-header-meta":"","header-above-stick-meta":"","header-main-stick-meta":"","header-below-stick-meta":"","astra-migrate-meta-layouts":"set","ast-page-background-enabled":"default","ast-page-background-meta":{"desktop":{"background-color":"var(--ast-global-color-4)","background-image":"","background-repeat":"repeat","background-position":"center center","background-size":"auto","background-attachment":"scroll","background-type":"","background-media":"","overlay-type":"","overlay-color":"","overlay-opacity":"","overlay-gradient":""},"tablet":{"background-color":"","background-image":"","background-repeat":"repeat","background-position":"center center","background-size":"auto","background-attachment":"scroll","background-type":"","background-media":"","overlay-type":"","overlay-color":"","overlay-opacity":"","overlay-gradient":""},"mobile":{"background-color":"","background-image":"","background-repeat":"repeat","background-position":"center center","background-size":"auto","background-attachment":"scroll","background-type":"","background-media":"","overlay-type":"","overlay-color":"","overlay-opacity":"","overlay-gradient":""}},"ast-content-background-meta":{"desktop":{"background-color":"var(--ast-global-color-5)","background-image":"","background-repeat":"repeat","background-position":"center center","background-size":"auto","background-attachment":"scroll","background-type":"","background-media":"","overlay-type":"","overlay-color":"","overlay-opacity":"","overlay-gradient":""},"tablet":{"background-color":"var(--ast-global-color-5)","background-image":"","background-repeat":"repeat","background-position":"center center","background-size":"auto","background-attachment":"scroll","background-type":"","background-media":"","overlay-type":"","overlay-color":"","overlay-opacity":"","overlay-gradient":""},"mobile":{"background-color":"var(--ast-global-color-5)","background-image":"","background-repeat":"repeat","background-position":"center center","background-size":"auto","background-attachment":"scroll","background-type":"","background-media":"","overlay-type":"","overlay-color":"","overlay-opacity":"","overlay-gradient":""}},"footnotes":""},"class_list":["post-1650","page","type-page","status-publish","hentry"],"post_mailing_queue_ids":[],"_links":{"self":[{"href":"https:\/\/agora.xtec.cat\/cfa-lesbernardes-salt\/wp-json\/wp\/v2\/pages\/1650","targetHints":{"allow":["GET"]}}],"collection":[{"href":"https:\/\/agora.xtec.cat\/cfa-lesbernardes-salt\/wp-json\/wp\/v2\/pages"}],"about":[{"href":"https:\/\/agora.xtec.cat\/cfa-lesbernardes-salt\/wp-json\/wp\/v2\/types\/page"}],"author":[{"embeddable":true,"href":"https:\/\/agora.xtec.cat\/cfa-lesbernardes-salt\/wp-json\/wp\/v2\/users\/1"}],"replies":[{"embeddable":true,"href":"https:\/\/agora.xtec.cat\/cfa-lesbernardes-salt\/wp-json\/wp\/v2\/comments?post=1650"}],"version-history":[{"count":4,"href":"https:\/\/agora.xtec.cat\/cfa-lesbernardes-salt\/wp-json\/wp\/v2\/pages\/1650\/revisions"}],"predecessor-version":[{"id":1658,"href":"https:\/\/agora.xtec.cat\/cfa-lesbernardes-salt\/wp-json\/wp\/v2\/pages\/1650\/revisions\/1658"}],"wp:attachment":[{"href":"https:\/\/agora.xtec.cat\/cfa-lesbernardes-salt\/wp-json\/wp\/v2\/media?parent=1650"}],"curies":[{"name":"wp","href":"https:\/\/api.w.org\/{rel}","templated":true}]}}