{"id":39,"date":"2014-09-17T16:36:44","date_gmt":"2014-09-17T16:36:44","guid":{"rendered":"http:\/\/agora.xtec.cat\/cfa-garrosa\/?page_id=39"},"modified":"2017-05-31T16:12:27","modified_gmt":"2017-05-31T14:12:27","slug":"instal%c2%b7lacions","status":"publish","type":"page","link":"https:\/\/agora.xtec.cat\/cfa-garrosa\/el-centre\/instal%c2%b7lacions\/","title":{"rendered":"Instal\u00b7lacions"},"content":{"rendered":"<p>Les instal\u00b7lacions del centre s\u00f3n les seg\u00fcents:<\/p>\n<ul>\n<li>4 aules a la segona planta, 4 aules m\u00e9s a la primera planta (d\u2019aquestes \u00a03 s\u00f3n de dimensions redu\u00efdes amb una capacitat m\u00e0xima de 12-15 persones)<\/li>\n<li>Sala d\u2019estudi a la planta baixa, dotada de 6 ordinadors a la planta baixa<\/li>\n<li>Secretaria i despatx \u00a0de direcci\u00f3 a la planta baixa<\/li>\n<li>Arxiu del centre a la planta baixa<\/li>\n<li>2\u00a0 aules d&#8217;inform\u00e0tica a la segona planta, totes dues petites, amb una capacitat m\u00e0xima de 13 persones<\/li>\n<li>Aula m\u00f2bil (\u00fas de port\u00e0tils a les aules convencionals)<\/li>\n<li>Sala de professors a la segona planta<\/li>\n<li>Magatzem de neteja<\/li>\n<\/ul>\n<p>&nbsp;<\/p>\n<p>&nbsp;<\/p>\n<p>&nbsp;<\/p>\n<p>&nbsp;<\/p>\n<p>&nbsp;<\/p>\n<p>El centre ha participat al projecte &#8220;Heura&#8221;, la qual cosa l&#8217;ha dotat de cablejat integral i acc\u00e9s wi-fi a tots els espais.<\/p>\n","protected":false},"excerpt":{"rendered":"<p>Les instal\u00b7lacions del centre s\u00f3n les seg\u00fcents:<\/p>\n<ul>\n<li>4 aules a la segona planta, 4 aules m\u00e9s a la primera planta (d\u2019aquestes \u00a03 s\u00f3n de dimensions redu\u00efdes amb una capacitat m\u00e0xima de 12-15 persones)<\/li>\n<li>Sala d\u2019estudi a la planta baixa, dotada de 6 ordinadors a la planta baixa<\/li>\n<li>Secretaria&hellip;  <a href=\"https:\/\/agora.xtec.cat\/cfa-garrosa\/el-centre\/instal%c2%b7lacions\/\" title=\"Read Instal\u00b7lacions\">Llegeix m\u00e9s\u00bb<\/a><br \/>\n","protected":false},"author":1,"featured_media":0,"parent":261,"menu_order":30,"comment_status":"closed","ping_status":"closed","template":"page-templates\/side-menu.php","meta":{"_bbp_topic_count":0,"_bbp_reply_count":0,"_bbp_total_topic_count":0,"_bbp_total_reply_count":0,"_bbp_voice_count":0,"_bbp_anonymous_reply_count":0,"_bbp_topic_count_hidden":0,"_bbp_reply_count_hidden":0,"_bbp_forum_subforum_count":0,"footnotes":""},"class_list":["post-39","page","type-page","status-publish","hentry"],"post_mailing_queue_ids":[],"_links":{"self":[{"href":"https:\/\/agora.xtec.cat\/cfa-garrosa\/wp-json\/wp\/v2\/pages\/39","targetHints":{"allow":["GET"]}}],"collection":[{"href":"https:\/\/agora.xtec.cat\/cfa-garrosa\/wp-json\/wp\/v2\/pages"}],"about":[{"href":"https:\/\/agora.xtec.cat\/cfa-garrosa\/wp-json\/wp\/v2\/types\/page"}],"author":[{"embeddable":true,"href":"https:\/\/agora.xtec.cat\/cfa-garrosa\/wp-json\/wp\/v2\/users\/1"}],"replies":[{"embeddable":true,"href":"https:\/\/agora.xtec.cat\/cfa-garrosa\/wp-json\/wp\/v2\/comments?post=39"}],"version-history":[{"count":3,"href":"https:\/\/agora.xtec.cat\/cfa-garrosa\/wp-json\/wp\/v2\/pages\/39\/revisions"}],"predecessor-version":[{"id":667,"href":"https:\/\/agora.xtec.cat\/cfa-garrosa\/wp-json\/wp\/v2\/pages\/39\/revisions\/667"}],"up":[{"embeddable":true,"href":"https:\/\/agora.xtec.cat\/cfa-garrosa\/wp-json\/wp\/v2\/pages\/261"}],"wp:attachment":[{"href":"https:\/\/agora.xtec.cat\/cfa-garrosa\/wp-json\/wp\/v2\/media?parent=39"}],"curies":[{"name":"wp","href":"https:\/\/api.w.org\/{rel}","templated":true}]}}