{"id":339,"date":"2015-01-28T12:22:56","date_gmt":"2015-01-28T11:22:56","guid":{"rendered":"http:\/\/agora.xtec.cat\/cfa-garrosa\/?page_id=339"},"modified":"2024-04-17T19:08:46","modified_gmt":"2024-04-17T17:08:46","slug":"contacte","status":"publish","type":"page","link":"https:\/\/agora.xtec.cat\/cfa-garrosa\/contacte\/","title":{"rendered":"Contacte"},"content":{"rendered":"<p><span style=\"color: #000000;\"><strong>Correu electr\u00f2nic<\/strong><\/span><\/p>\n<p style=\"padding-left: 40px;\"><span style=\"color: #000000;\"><a style=\"color: #000000;\" href=\"mailto:a8055440@xtec.cat\">a8055440@xtec.cat<\/a><\/span><\/p>\n<p><span style=\"color: #000000;\"><strong>Adre\u00e7a<\/strong><\/span><\/p>\n<p style=\"padding-left: 40px;\"><span style=\"color: #000000;\"><strong>CFA Garrosa<\/strong><\/span><\/p>\n<p style=\"padding-left: 40px;\"><span style=\"color: #000000;\">Passatge Pau Vila 7<\/span><\/p>\n<p style=\"padding-left: 40px;\"><span style=\"color: #000000;\">08620-Sant Vicen\u00e7 dels Horts<\/span><\/p>\n<p><span style=\"color: #000000;\"><strong>AV\u00cdS: Aquest Passatge est\u00e0 sota el pont de la via del tren que creua el carrer Rafael Casanova, cantonada amb carrer Anselm Clav\u00e9 i carrer Sant Miquel.<\/strong><\/span><\/p>\n<p><span style=\"color: #000000;\"><strong>Tel\u00e8fon<\/strong><\/span><\/p>\n<p style=\"padding-left: 40px;\"><span style=\"color: #000000;\">Tel 936 566 951<\/span><\/p>\n<p><strong>Xarxes<\/strong><\/p>\n<p style=\"padding-left: 40px;\"><strong>Instagram:<\/strong> <a href=\"https:\/\/www.instagram.com\/cfagarrosa\/\">https:\/\/www.instagram.com\/cfagarrosa\/<\/a><\/p>\n<p style=\"padding-left: 40px;\"><strong>Facebook:<\/strong> <a href=\"https:\/\/www.facebook.com\/profile.php?id=100011051738997\">https:\/\/www.facebook.com\/profile.php?id=100011051738997<\/a><\/p>\n<p>&nbsp;<\/p>\n<p><strong>\u00a0<\/strong><\/p>\n","protected":false},"excerpt":{"rendered":"<p>Correu electr\u00f2nic<br \/>\n<a style=\"color: #000000;\" href=\"mailto:a8055440@xtec.cat\">a8055440@xtec.cat<\/a><br \/>\nAdre\u00e7a<br \/>\nCFA Garrosa<br \/>\nPassatge Pau Vila 7<br \/>\n08620-Sant Vicen\u00e7 dels Horts<br \/>\nAV\u00cdS: Aquest Passatge est\u00e0 sota el pont de la via del tren que creua el carrer Rafael Casanova, cantonada amb carrer Anselm Clav\u00e9 i carrer Sant Miquel.<br \/>\nTel\u00e8fon<br \/>\nTel 936 566 951<br \/>\nXarxes<br \/>\nInstagram: <a href=\"https:\/\/www.instagram.com\/cfagarrosa\/\">https:\/\/www.instagram.com\/cfagarrosa\/<\/a><br \/>\nFacebook: <a href=\"https:\/\/www.facebook.com\/profile.php?id=100011051738997\">https:\/\/www.facebook.com\/profile.php?id=100011051738997<\/a><br \/>\n&nbsp;<br \/>\n\u00a0<\/p>\n","protected":false},"author":1,"featured_media":0,"parent":0,"menu_order":0,"comment_status":"closed","ping_status":"closed","template":"","meta":{"_bbp_topic_count":0,"_bbp_reply_count":0,"_bbp_total_topic_count":0,"_bbp_total_reply_count":0,"_bbp_voice_count":0,"_bbp_anonymous_reply_count":0,"_bbp_topic_count_hidden":0,"_bbp_reply_count_hidden":0,"_bbp_forum_subforum_count":0,"footnotes":""},"class_list":["post-339","page","type-page","status-publish","hentry"],"post_mailing_queue_ids":[],"_links":{"self":[{"href":"https:\/\/agora.xtec.cat\/cfa-garrosa\/wp-json\/wp\/v2\/pages\/339","targetHints":{"allow":["GET"]}}],"collection":[{"href":"https:\/\/agora.xtec.cat\/cfa-garrosa\/wp-json\/wp\/v2\/pages"}],"about":[{"href":"https:\/\/agora.xtec.cat\/cfa-garrosa\/wp-json\/wp\/v2\/types\/page"}],"author":[{"embeddable":true,"href":"https:\/\/agora.xtec.cat\/cfa-garrosa\/wp-json\/wp\/v2\/users\/1"}],"replies":[{"embeddable":true,"href":"https:\/\/agora.xtec.cat\/cfa-garrosa\/wp-json\/wp\/v2\/comments?post=339"}],"version-history":[{"count":6,"href":"https:\/\/agora.xtec.cat\/cfa-garrosa\/wp-json\/wp\/v2\/pages\/339\/revisions"}],"predecessor-version":[{"id":2250,"href":"https:\/\/agora.xtec.cat\/cfa-garrosa\/wp-json\/wp\/v2\/pages\/339\/revisions\/2250"}],"wp:attachment":[{"href":"https:\/\/agora.xtec.cat\/cfa-garrosa\/wp-json\/wp\/v2\/media?parent=339"}],"curies":[{"name":"wp","href":"https:\/\/api.w.org\/{rel}","templated":true}]}}