{"id":320,"date":"2015-01-28T11:35:13","date_gmt":"2015-01-28T10:35:13","guid":{"rendered":"http:\/\/agora.xtec.cat\/cfa-garrosa\/?page_id=320"},"modified":"2021-05-24T12:10:13","modified_gmt":"2021-05-24T10:10:13","slug":"a-cicles-formatius-de-grau-superior","status":"publish","type":"page","link":"https:\/\/agora.xtec.cat\/cfa-garrosa\/ensenyaments\/ensenyaments-per-a-la-preparacio-de-proves-dacces\/a-cicles-formatius-de-grau-superior\/","title":{"rendered":"A cicles formatius de grau superior"},"content":{"rendered":"<p><span class=\"hps\">La prova<\/span>\u00a0<span class=\"hps\">d\u2019acc\u00e9s a tots<\/span>\u00a0<span class=\"hps\">els<\/span>\u00a0<span class=\"hps\">Cicles<\/span>\u00a0<span class=\"hps\">Formatius<\/span>\u00a0<span class=\"hps\">de grau<\/span>\u00a0<span class=\"hps\">superior est\u00e0<\/span>\u00a0<span class=\"hps\">estructurada en dues<\/span>\u00a0<span class=\"hps\">parts<\/span>\u00a0<span class=\"hps\">i<\/span>\u00a0<span class=\"hps\">tindr\u00e0 per objecte<\/span>\u00a0<span class=\"hps\">acreditar que l\u2019alumne<\/span>\u00a0<span class=\"hps\">posseeix la<\/span>\u00a0<span class=\"hps\">maduresa<\/span>\u00a0<span class=\"hps\">necess\u00e0ria en<\/span>\u00a0<span class=\"hps\">relaci\u00f3<\/span>\u00a0<span class=\"hps\">amb<\/span>\u00a0<span class=\"hps\">els<\/span>\u00a0<span class=\"hps\">objectius del<\/span>\u00a0<span class=\"hps\">batxillerat, aix\u00ed<\/span>\u00a0<span class=\"hps\">com<\/span>\u00a0<span class=\"hps\">els<\/span>\u00a0<span class=\"hps\">coneixements<\/span>\u00a0<span class=\"hps\">espec\u00edfics que <\/span><span class=\"hps\">es requereixin per al<\/span>\u00a0<span class=\"hps\">cicle a qu\u00e8<\/span>\u00a0<span class=\"hps\">vol accedir. \u00c9s un curs presencial.<\/span><\/p>\n<ul>\n<li>Requisits:\u00a0Per poder fer la prova d\u2019acc\u00e9s cal tenir\u00a0<strong>19 anys<\/strong> o m\u00e9s.<\/li>\n<\/ul>\n<ul>\n<li>Durada: el curs comen\u00e7a el setembre i acaba al maig.<\/li>\n<\/ul>\n<ul>\n<li>Organitzaci\u00f3: El curs de preparaci\u00f3 compr\u00e8n les mat\u00e8ries de la part comuna de la prova (llengua catalana, llengua castellana, angl\u00e8s i matem\u00e0tiques) i les mat\u00e8ries espec\u00edfiques. Al centre es poden cursar Ci\u00e8ncies de la Terra, F\u00edsica, Geografia i Psicologia, la resta d&#8217;assignatures espec\u00edfiques es poden cursar al IOC.<\/li>\n<\/ul>\n<ul>\n<li>Avaluaci\u00f3: Trimestral.<\/li>\n<\/ul>\n<ul>\n<li>Obtenci\u00f3 de certificaci\u00f3: caldr\u00e0 haver assistit a un m\u00ednim del 80% de les hores del curs per tenir dret al certificat. Tindr\u00e0 certificat qui superi el curs de formaci\u00f3. El certificat d\u00f3na dret a punts extra del resultat final positiu de l&#8217;examen oficial.<\/li>\n<\/ul>\n<p>&nbsp;<\/p>\n","protected":false},"excerpt":{"rendered":"<p>La prova\u00a0d\u2019acc\u00e9s a tots\u00a0els\u00a0Cicles\u00a0Formatius\u00a0de grau\u00a0superior est\u00e0\u00a0estructurada en dues\u00a0parts\u00a0i\u00a0tindr\u00e0 per objecte\u00a0acreditar que l\u2019alumne\u00a0posseeix la\u00a0maduresa\u00a0necess\u00e0ria en\u00a0relaci\u00f3\u00a0amb\u00a0els\u00a0objectius del\u00a0batxillerat, aix\u00ed\u00a0com\u00a0els\u00a0coneixements\u00a0espec\u00edfics que es requereixin per al\u00a0cicle a qu\u00e8\u00a0vol accedir. \u00c9s un curs presencial.<\/p>\n<ul>\n<li>Requisits:\u00a0Per poder fer la prova d\u2019acc\u00e9s cal tenir\u00a019 anys o m\u00e9s.<\/li>\n<\/ul>\n<ul>\n<li>Durada: el curs comen\u00e7a el setembre i acaba&hellip;  <a href=\"https:\/\/agora.xtec.cat\/cfa-garrosa\/ensenyaments\/ensenyaments-per-a-la-preparacio-de-proves-dacces\/a-cicles-formatius-de-grau-superior\/\" title=\"Read A cicles formatius de grau superior\">Llegeix m\u00e9s\u00bb<\/a><br \/>\n","protected":false},"author":1,"featured_media":0,"parent":288,"menu_order":0,"comment_status":"closed","ping_status":"closed","template":"page-templates\/side-menu.php","meta":{"_bbp_topic_count":0,"_bbp_reply_count":0,"_bbp_total_topic_count":0,"_bbp_total_reply_count":0,"_bbp_voice_count":0,"_bbp_anonymous_reply_count":0,"_bbp_topic_count_hidden":0,"_bbp_reply_count_hidden":0,"_bbp_forum_subforum_count":0,"footnotes":""},"class_list":["post-320","page","type-page","status-publish","hentry"],"post_mailing_queue_ids":[],"_links":{"self":[{"href":"https:\/\/agora.xtec.cat\/cfa-garrosa\/wp-json\/wp\/v2\/pages\/320","targetHints":{"allow":["GET"]}}],"collection":[{"href":"https:\/\/agora.xtec.cat\/cfa-garrosa\/wp-json\/wp\/v2\/pages"}],"about":[{"href":"https:\/\/agora.xtec.cat\/cfa-garrosa\/wp-json\/wp\/v2\/types\/page"}],"author":[{"embeddable":true,"href":"https:\/\/agora.xtec.cat\/cfa-garrosa\/wp-json\/wp\/v2\/users\/1"}],"replies":[{"embeddable":true,"href":"https:\/\/agora.xtec.cat\/cfa-garrosa\/wp-json\/wp\/v2\/comments?post=320"}],"version-history":[{"count":4,"href":"https:\/\/agora.xtec.cat\/cfa-garrosa\/wp-json\/wp\/v2\/pages\/320\/revisions"}],"predecessor-version":[{"id":1329,"href":"https:\/\/agora.xtec.cat\/cfa-garrosa\/wp-json\/wp\/v2\/pages\/320\/revisions\/1329"}],"up":[{"embeddable":true,"href":"https:\/\/agora.xtec.cat\/cfa-garrosa\/wp-json\/wp\/v2\/pages\/288"}],"wp:attachment":[{"href":"https:\/\/agora.xtec.cat\/cfa-garrosa\/wp-json\/wp\/v2\/media?parent=320"}],"curies":[{"name":"wp","href":"https:\/\/api.w.org\/{rel}","templated":true}]}}