{"id":316,"date":"2015-01-28T11:33:51","date_gmt":"2015-01-28T10:33:51","guid":{"rendered":"http:\/\/agora.xtec.cat\/cfa-garrosa\/?page_id=316"},"modified":"2021-05-24T12:08:17","modified_gmt":"2021-05-24T10:08:17","slug":"competencia-digital-competic","status":"publish","type":"page","link":"https:\/\/agora.xtec.cat\/cfa-garrosa\/ensenyaments\/ensenyaments-transprofessionals\/competencia-digital-competic\/","title":{"rendered":"Compet\u00e8ncia digital COMPETIC"},"content":{"rendered":"<p><a href=\"http:\/\/agora.xtec.cat\/cfa-garrosa\/wp-content\/uploads\/usu662\/2015\/01\/0001.jpg\"><img loading=\"lazy\" decoding=\"async\" class=\"alignnone wp-image-597 size-large\" src=\"https:\/\/agora.xtec.cat\/cfa-garrosa\/wp-content\/uploads\/usu662\/2015\/01\/0001-e1621850833751-1024x924.jpg\" alt=\"0001\" width=\"1024\" height=\"924\" srcset=\"https:\/\/agora.xtec.cat\/cfa-garrosa\/wp-content\/uploads\/usu662\/2015\/01\/0001-e1621850833751-1024x924.jpg 1024w, https:\/\/agora.xtec.cat\/cfa-garrosa\/wp-content\/uploads\/usu662\/2015\/01\/0001-e1621850833751-300x271.jpg 300w, https:\/\/agora.xtec.cat\/cfa-garrosa\/wp-content\/uploads\/usu662\/2015\/01\/0001-e1621850833751-768x693.jpg 768w\" sizes=\"auto, (max-width: 1024px) 100vw, 1024px\" \/><\/a><\/p>\n<p>&nbsp;<\/p>\n<p>Els ensenyaments d\u2019inform\u00e0tica tenen com a objectiu facilitar l\u2019adquisici\u00f3 de la <span style=\"color: #ff6600;\">compet\u00e8ncia digital,<\/span> entesa com la combinaci\u00f3 de coneixements, habilitats i actituds en l\u2019\u00e0mbit de les tecnologies de la informaci\u00f3 i la comunicaci\u00f3 (TIC) per desenvolupar-se en la societat actual. S\u2019imparteixen en quatre nivells: COMPETIC Inicial, 1, 2 i 3.<\/p>\n<ul>\n<li>Nivells\n<ul>\n<li><span style=\"color: #ffcc99;\">COMPETIC INICIAL<\/span>\n<ul>\n<li>El nivell inicial d\u2019inform\u00e0tica (COMPETIC inicial) s\u2019adre\u00e7a a les persones adultes que volen assolir un domini b\u00e0sic de les tecnologies de la informaci\u00f3 i la comunicaci\u00f3 (TIC).<\/li>\n<\/ul>\n<\/li>\n<li><span style=\"color: #ffcc99;\">COMPETIC 1<\/span>\n<ul>\n<li>El curs COMPETIC 1 va adre\u00e7at a persones que han superat el curs de COMPETIC Inicial o que tenen o poden acreditar uns coneixements elementals del funcionament de l\u2019ordinador, del tractament de textos, de l\u2019\u00fas del correu electr\u00f2nic, del full de c\u00e0lcul, de l\u2019edici\u00f3 d\u2019imatges i de l\u2019\u00fas dels blocs aix\u00ed com \u00a0de la recerca d\u2019informaci\u00f3 per Internet.<\/li>\n<\/ul>\n<\/li>\n<li><span style=\"color: #ff6600;\">COMPETIC 2<\/span>\n<ul>\n<li>El curs COMPETIC 2 va adre\u00e7at a persones que han superat el curs de COMPETIC1 o que tenen o poden acreditar un domini elemental en l\u2019\u00fas de les TIC; s\u00f3n usuaris d\u2019aquestes tecnologies, amb capacitat per con\u00e8ixer i aplicar-les. Treballem els continguts anteriors m\u00e9s les presentacionsi les bases de dades.<\/li>\n<\/ul>\n<\/li>\n<li><span style=\"color: #993300;\">COMPETIC 3<\/span>\n<ul>\n<li>El curs COMPETIC 3 va adre\u00e7at a persones que han superat el curs de COMPETIC 2 o tenen el certificat ACTIC mitj\u00e0 o poden acreditar un domini efectiu en l\u2019\u00fas de les TIC; usuaris que gaudeixen d\u2019autonomia i capacitat cr\u00edtica envers l\u2019\u00fas d\u2019aquestes tecnologies.<\/li>\n<\/ul>\n<\/li>\n<\/ul>\n<\/li>\n<\/ul>\n<p>&nbsp;<\/p>\n","protected":false},"excerpt":{"rendered":"<p><a href=\"http:\/\/agora.xtec.cat\/cfa-garrosa\/wp-content\/uploads\/usu662\/2015\/01\/0001.jpg\"><\/a><br \/>\n&nbsp;<br \/>\nEls ensenyaments d\u2019inform\u00e0tica tenen com a objectiu facilitar l\u2019adquisici\u00f3 de la compet\u00e8ncia digital, entesa com la combinaci\u00f3 de coneixements, habilitats i actituds en l\u2019\u00e0mbit de les tecnologies de la informaci\u00f3 i la comunicaci\u00f3 (TIC) per desenvolupar-se en la societat actual. S\u2019imparteixen en quatre nivells:&hellip;  <a href=\"https:\/\/agora.xtec.cat\/cfa-garrosa\/ensenyaments\/ensenyaments-transprofessionals\/competencia-digital-competic\/\" title=\"Read Compet\u00e8ncia digital COMPETIC\">Llegeix m\u00e9s\u00bb<\/a><\/p>\n","protected":false},"author":1,"featured_media":0,"parent":286,"menu_order":0,"comment_status":"closed","ping_status":"closed","template":"page-templates\/side-menu.php","meta":{"_bbp_topic_count":0,"_bbp_reply_count":0,"_bbp_total_topic_count":0,"_bbp_total_reply_count":0,"_bbp_voice_count":0,"_bbp_anonymous_reply_count":0,"_bbp_topic_count_hidden":0,"_bbp_reply_count_hidden":0,"_bbp_forum_subforum_count":0,"footnotes":""},"class_list":["post-316","page","type-page","status-publish","hentry"],"post_mailing_queue_ids":[],"_links":{"self":[{"href":"https:\/\/agora.xtec.cat\/cfa-garrosa\/wp-json\/wp\/v2\/pages\/316","targetHints":{"allow":["GET"]}}],"collection":[{"href":"https:\/\/agora.xtec.cat\/cfa-garrosa\/wp-json\/wp\/v2\/pages"}],"about":[{"href":"https:\/\/agora.xtec.cat\/cfa-garrosa\/wp-json\/wp\/v2\/types\/page"}],"author":[{"embeddable":true,"href":"https:\/\/agora.xtec.cat\/cfa-garrosa\/wp-json\/wp\/v2\/users\/1"}],"replies":[{"embeddable":true,"href":"https:\/\/agora.xtec.cat\/cfa-garrosa\/wp-json\/wp\/v2\/comments?post=316"}],"version-history":[{"count":3,"href":"https:\/\/agora.xtec.cat\/cfa-garrosa\/wp-json\/wp\/v2\/pages\/316\/revisions"}],"predecessor-version":[{"id":1328,"href":"https:\/\/agora.xtec.cat\/cfa-garrosa\/wp-json\/wp\/v2\/pages\/316\/revisions\/1328"}],"up":[{"embeddable":true,"href":"https:\/\/agora.xtec.cat\/cfa-garrosa\/wp-json\/wp\/v2\/pages\/286"}],"wp:attachment":[{"href":"https:\/\/agora.xtec.cat\/cfa-garrosa\/wp-json\/wp\/v2\/media?parent=316"}],"curies":[{"name":"wp","href":"https:\/\/api.w.org\/{rel}","templated":true}]}}