{"id":301,"date":"2015-01-28T11:21:46","date_gmt":"2015-01-28T10:21:46","guid":{"rendered":"http:\/\/agora.xtec.cat\/cfa-garrosa\/?page_id=301"},"modified":"2021-05-24T11:42:43","modified_gmt":"2021-05-24T09:42:43","slug":"formacio-instrumental","status":"publish","type":"page","link":"https:\/\/agora.xtec.cat\/cfa-garrosa\/ensenyaments\/ensenyaments-inicials-i-formacio-basica\/formacio-instrumental\/","title":{"rendered":"Formaci\u00f3 instrumental"},"content":{"rendered":"<p>La formaci\u00f3 instrumental\u00a0est\u00e0 dividida en tres nivells:<\/p>\n<ul>\n<li><span style=\"text-decoration: underline;\"><strong><span style=\"color: #99ccff; text-decoration: underline;\">Nivell 1 Alfabetitzaci\u00f3<\/span><\/strong><\/span>: En aquest nivell es comen\u00e7a amb l&#8217;aprenentatge de la lecto-escriptura i lectura i escriptura de n\u00fameros.<\/li>\n<\/ul>\n<ul>\n<li><span style=\"text-decoration: underline;\"><span style=\"color: #00ccff; text-decoration: underline;\"><strong>Nivell 2 Neolectors<\/strong><\/span>:<\/span>\u00a0En aquest nivell els alumnes milloren el seu nivell de lectura treballant l&#8217;entonaci\u00f3, el ritme i la comprensi\u00f3\u00a0lectora, elaborant petits textos escrits,\u00a0practicant l&#8217;ortografia i comen\u00e7ant a realitzar operacions matem\u00e0tiques b\u00e0siques. Tots aquests coneixements s&#8217;aprenen tot aplicant-los a situacions reals de la vida quotidiana.<\/li>\n<\/ul>\n<ul>\n<li><span style=\"color: #3366ff;\"><strong><span style=\"text-decoration: underline;\">Nivell 3 Certificat:<\/span>\u00a0<\/strong><\/span>En aquest nivell els alumnes milloren la\u00a0flu\u00efdesa\u00a0lectora i el domini de l&#8217;escriptura\u00a0i de les quatre operacions b\u00e0siques, aix\u00ed com la seva aplicaci\u00f3 a situacions reals de la vida \u00a0quotidiana\u00a0.<\/li>\n<\/ul>\n<p>&nbsp;<\/p>\n","protected":false},"excerpt":{"rendered":"<p>La formaci\u00f3 instrumental\u00a0est\u00e0 dividida en tres nivells:<\/p>\n<ul>\n<li>Nivell 1 Alfabetitzaci\u00f3: En aquest nivell es comen\u00e7a amb l&#8217;aprenentatge de la lecto-escriptura i lectura i escriptura de n\u00fameros.<\/li>\n<\/ul>\n<ul>\n<li>Nivell 2 Neolectors:\u00a0En aquest nivell els alumnes milloren el seu nivell de lectura treballant l&#8217;entonaci\u00f3, el ritme i la comprensi\u00f3\u00a0lectora, elaborant&hellip;  <a href=\"https:\/\/agora.xtec.cat\/cfa-garrosa\/ensenyaments\/ensenyaments-inicials-i-formacio-basica\/formacio-instrumental\/\" title=\"Read Formaci\u00f3 instrumental\">Llegeix m\u00e9s\u00bb<\/a><br \/>\n","protected":false},"author":1,"featured_media":0,"parent":283,"menu_order":0,"comment_status":"closed","ping_status":"closed","template":"page-templates\/side-menu.php","meta":{"_bbp_topic_count":0,"_bbp_reply_count":0,"_bbp_total_topic_count":0,"_bbp_total_reply_count":0,"_bbp_voice_count":0,"_bbp_anonymous_reply_count":0,"_bbp_topic_count_hidden":0,"_bbp_reply_count_hidden":0,"_bbp_forum_subforum_count":0,"footnotes":""},"class_list":["post-301","page","type-page","status-publish","hentry"],"post_mailing_queue_ids":[],"_links":{"self":[{"href":"https:\/\/agora.xtec.cat\/cfa-garrosa\/wp-json\/wp\/v2\/pages\/301","targetHints":{"allow":["GET"]}}],"collection":[{"href":"https:\/\/agora.xtec.cat\/cfa-garrosa\/wp-json\/wp\/v2\/pages"}],"about":[{"href":"https:\/\/agora.xtec.cat\/cfa-garrosa\/wp-json\/wp\/v2\/types\/page"}],"author":[{"embeddable":true,"href":"https:\/\/agora.xtec.cat\/cfa-garrosa\/wp-json\/wp\/v2\/users\/1"}],"replies":[{"embeddable":true,"href":"https:\/\/agora.xtec.cat\/cfa-garrosa\/wp-json\/wp\/v2\/comments?post=301"}],"version-history":[{"count":3,"href":"https:\/\/agora.xtec.cat\/cfa-garrosa\/wp-json\/wp\/v2\/pages\/301\/revisions"}],"predecessor-version":[{"id":1321,"href":"https:\/\/agora.xtec.cat\/cfa-garrosa\/wp-json\/wp\/v2\/pages\/301\/revisions\/1321"}],"up":[{"embeddable":true,"href":"https:\/\/agora.xtec.cat\/cfa-garrosa\/wp-json\/wp\/v2\/pages\/283"}],"wp:attachment":[{"href":"https:\/\/agora.xtec.cat\/cfa-garrosa\/wp-json\/wp\/v2\/media?parent=301"}],"curies":[{"name":"wp","href":"https:\/\/api.w.org\/{rel}","templated":true}]}}