{"id":299,"date":"2015-01-28T11:21:22","date_gmt":"2015-01-28T10:21:22","guid":{"rendered":"http:\/\/agora.xtec.cat\/cfa-garrosa\/?page_id=299"},"modified":"2021-05-24T11:58:38","modified_gmt":"2021-05-24T09:58:38","slug":"llengua-castellana","status":"publish","type":"page","link":"https:\/\/agora.xtec.cat\/cfa-garrosa\/ensenyaments\/ensenyaments-inicials-i-formacio-basica\/llengua-castellana\/","title":{"rendered":"Llengua castellana"},"content":{"rendered":"<div>Els <span style=\"color: #666699;\"><b>CURSOS INICIALS DE CASTELL\u00c0<\/b><\/span> \u00a0estan adre\u00e7ats a totes aquelles persones que no tenen coneixements de la llengua castellana per tal que puguin adquirir les compet\u00e8ncies comunicatives m\u00ednimes per poder desenvolupar-se en el nostre sistema social.<\/div>\n<div><\/div>\n<h3><strong>El CFA Garrosa ofereix el nivell 1 i el nivell 2 en horari de TARDA-VESPRE<\/strong><\/h3>\n<div>\n<div><u>\u00a0<\/u><\/div>\n<div><span style=\"color: #999999;\"><u>NIVELL 1<\/u><\/span><\/div>\n<div>Adre\u00e7at a persones que desconeixen la llengua castellana\u00a0i t\u00e9 com a finalitat l&#8217;adquisici\u00f3 de compet\u00e8ncies comunicatives m\u00ednimes en aquesta llengua.<\/div>\n<div>Se centra en les compet\u00e8ncies de la llengua oral, tot i que pot incorporar objectius de la llengua escrita. Correspon al nivell <strong>A1<\/strong> d&#8217;usuari definit en el <i>&#8220;Marc Europeu com\u00fa de refer\u00e8ncies per a les lleng\u00fces&#8221;.\u00a0<\/i><\/div>\n<div><\/div>\n<div><span style=\"color: #808080;\"><u>NIVELL 2<\/u><\/span><\/div>\n<div>En aquest nivell els alumnes amplien les compet\u00e8ncies en llengua oral i escrita fins al nivell <strong>A2<\/strong> d&#8217;usuari definit en el\u00a0<i>&#8220;Marc Europeu com\u00fa de refer\u00e8ncies per a les lleng\u00fces&#8221;.\u00a0<\/i><\/div>\n<div><i><a href=\"http:\/\/www.google.com\/url?q=http%3A%2F%2Fwww6.gencat.net%2Fllengcat%2Fpublicacions%2Fmarc%2Fdocs%2Fmarc_cap5.pdf&amp;sa=D&amp;sntz=1&amp;usg=AFrqEzfzk7y6eAdvsoLsIzHELjj2lWrUWQ\" target=\"_blank\" rel=\"nofollow noopener noreferrer\">\u00a0<\/a><\/i><\/div>\n<div><span style=\"color: #333399;\"><u>NIVELL 3<\/u><\/span><\/div>\n<div>\n<div>En aquest nivell els alumnes aprenen a desenvolupar-se satisfact\u00f2riament en les situacions comunicatives de la vida quotidiana. Correspon al nivell B1 d&#8217;usuari definit en el\u00a0<i>&#8220;Marc Europeu com\u00fa de refer\u00e8ncies per a les lleng\u00fces&#8221;.\u00a0<\/i><\/div>\n<\/div>\n<\/div>\n","protected":false},"excerpt":{"rendered":"<p>Els CURSOS INICIALS DE CASTELL\u00c0 \u00a0estan adre\u00e7ats a totes aquelles persones que no tenen coneixements de la llengua castellana per tal que puguin adquirir les compet\u00e8ncies comunicatives m\u00ednimes per poder desenvolupar-se en el nostre sistema social.<\/p>\n<p>El CFA Garrosa ofereix el nivell 1 i el nivell&hellip;  <a href=\"https:\/\/agora.xtec.cat\/cfa-garrosa\/ensenyaments\/ensenyaments-inicials-i-formacio-basica\/llengua-castellana\/\" title=\"Read Llengua castellana\">Llegeix m\u00e9s\u00bb<\/a><\/p>\n","protected":false},"author":1,"featured_media":0,"parent":283,"menu_order":0,"comment_status":"closed","ping_status":"closed","template":"page-templates\/side-menu.php","meta":{"_bbp_topic_count":0,"_bbp_reply_count":0,"_bbp_total_topic_count":0,"_bbp_total_reply_count":0,"_bbp_voice_count":0,"_bbp_anonymous_reply_count":0,"_bbp_topic_count_hidden":0,"_bbp_reply_count_hidden":0,"_bbp_forum_subforum_count":0,"footnotes":""},"class_list":["post-299","page","type-page","status-publish","hentry"],"post_mailing_queue_ids":[],"_links":{"self":[{"href":"https:\/\/agora.xtec.cat\/cfa-garrosa\/wp-json\/wp\/v2\/pages\/299","targetHints":{"allow":["GET"]}}],"collection":[{"href":"https:\/\/agora.xtec.cat\/cfa-garrosa\/wp-json\/wp\/v2\/pages"}],"about":[{"href":"https:\/\/agora.xtec.cat\/cfa-garrosa\/wp-json\/wp\/v2\/types\/page"}],"author":[{"embeddable":true,"href":"https:\/\/agora.xtec.cat\/cfa-garrosa\/wp-json\/wp\/v2\/users\/1"}],"replies":[{"embeddable":true,"href":"https:\/\/agora.xtec.cat\/cfa-garrosa\/wp-json\/wp\/v2\/comments?post=299"}],"version-history":[{"count":3,"href":"https:\/\/agora.xtec.cat\/cfa-garrosa\/wp-json\/wp\/v2\/pages\/299\/revisions"}],"predecessor-version":[{"id":1324,"href":"https:\/\/agora.xtec.cat\/cfa-garrosa\/wp-json\/wp\/v2\/pages\/299\/revisions\/1324"}],"up":[{"embeddable":true,"href":"https:\/\/agora.xtec.cat\/cfa-garrosa\/wp-json\/wp\/v2\/pages\/283"}],"wp:attachment":[{"href":"https:\/\/agora.xtec.cat\/cfa-garrosa\/wp-json\/wp\/v2\/media?parent=299"}],"curies":[{"name":"wp","href":"https:\/\/api.w.org\/{rel}","templated":true}]}}