{"id":296,"date":"2015-01-28T11:18:08","date_gmt":"2015-01-28T10:18:08","guid":{"rendered":"http:\/\/agora.xtec.cat\/cfa-garrosa\/?page_id=296"},"modified":"2021-05-24T12:01:24","modified_gmt":"2021-05-24T10:01:24","slug":"llengua-catalana","status":"publish","type":"page","link":"https:\/\/agora.xtec.cat\/cfa-garrosa\/ensenyaments\/ensenyaments-inicials-i-formacio-basica\/llengua-catalana\/","title":{"rendered":"Llengua catalana"},"content":{"rendered":"<h3 align=\"justify\">En aquests moments el CFA Garrosa no t\u00e9 el cursos de Catal\u00e0 en la seva oferta d&#8217;ensenyaments.<\/h3>\n<div align=\"justify\"><\/div>\n<div align=\"justify\"><\/div>\n<div align=\"justify\">Si us interessen els cursos de catal\u00e0 contacteu amb el Consorci de Normalitzaci\u00f3 Ling\u00fc\u00edstica:<\/div>\n<div align=\"justify\"><\/div>\n<div align=\"justify\">\n<h1 class=\"centre__title\">SLC de Sant Vicen\u00e7 dels Horts<\/h1>\n<p>C. de Barcelona, 16-18, 2n<br \/>\n08620 Sant Vicen\u00e7 dels Horts<br \/>\nTel. 677258351<br \/>\n<a href=\"mailto:svh@cpnl.cat\">svh@cpnl.cat<\/a><\/p>\n<ul class=\"social inline-list\">\n<li class=\"first\"><\/li>\n<li class=\"last\"><\/li>\n<\/ul>\n<p><a class=\"btn external\" href=\"http:\/\/www.google.es\/maps?f=q&amp;hl=ca&amp;geocode=&amp;q=41+23+37.0+N+2+00+39.0+E\" target=\"_blank\" rel=\"external noopener noreferrer\">Com arribar-hi<\/a><\/p>\n<div class=\"centre__info\">\n<h2 class=\"centre__subtitle\">HORARI D&#8217;ATENCI\u00d3 AL P\u00daBLIC<\/h2>\n<p>Atenci\u00f3 telef\u00f2nica de 9 a 13 h (de dilluns a divendres)<\/p>\n<\/div>\n<\/div>\n<div align=\"justify\"><\/div>\n<div align=\"justify\"><a href=\"https:\/\/www.cpnl.cat\/xarxa\/cnlcanametller\/directori\/236\/slc-de-sant-vicenc-dels-horts\" target=\"_blank\" rel=\"noopener noreferrer\">SLC Sant Vicen\u00e7 dels Horts<\/a><\/div>\n","protected":false},"excerpt":{"rendered":"<p>En aquests moments el CFA Garrosa no t\u00e9 el cursos de Catal\u00e0 en la seva oferta d&#8217;ensenyaments.<\/p>\n<p>Si us interessen els cursos de catal\u00e0 contacteu amb el Consorci de Normalitzaci\u00f3 Ling\u00fc\u00edstica:<\/p>\n<p>SLC de Sant Vicen\u00e7 dels Horts<br \/>\nC. de Barcelona, 16-18, 2n<br \/>\n08620 Sant Vicen\u00e7 dels Horts<br \/>\nTel. 677258351<br \/>\n<a href=\"mailto:svh@cpnl.cat\">svh@cpnl.cat<\/a>\n<ul&hellip;  <a href=\"https:\/\/agora.xtec.cat\/cfa-garrosa\/ensenyaments\/ensenyaments-inicials-i-formacio-basica\/llengua-catalana\/\" title=\"Read Llengua catalana\">Llegeix m\u00e9s\u00bb<\/a><\/p>\n","protected":false},"author":1,"featured_media":0,"parent":283,"menu_order":0,"comment_status":"closed","ping_status":"closed","template":"page-templates\/side-menu.php","meta":{"_bbp_topic_count":0,"_bbp_reply_count":0,"_bbp_total_topic_count":0,"_bbp_total_reply_count":0,"_bbp_voice_count":0,"_bbp_anonymous_reply_count":0,"_bbp_topic_count_hidden":0,"_bbp_reply_count_hidden":0,"_bbp_forum_subforum_count":0,"footnotes":""},"class_list":["post-296","page","type-page","status-publish","hentry"],"post_mailing_queue_ids":[],"_links":{"self":[{"href":"https:\/\/agora.xtec.cat\/cfa-garrosa\/wp-json\/wp\/v2\/pages\/296","targetHints":{"allow":["GET"]}}],"collection":[{"href":"https:\/\/agora.xtec.cat\/cfa-garrosa\/wp-json\/wp\/v2\/pages"}],"about":[{"href":"https:\/\/agora.xtec.cat\/cfa-garrosa\/wp-json\/wp\/v2\/types\/page"}],"author":[{"embeddable":true,"href":"https:\/\/agora.xtec.cat\/cfa-garrosa\/wp-json\/wp\/v2\/users\/1"}],"replies":[{"embeddable":true,"href":"https:\/\/agora.xtec.cat\/cfa-garrosa\/wp-json\/wp\/v2\/comments?post=296"}],"version-history":[{"count":4,"href":"https:\/\/agora.xtec.cat\/cfa-garrosa\/wp-json\/wp\/v2\/pages\/296\/revisions"}],"predecessor-version":[{"id":1326,"href":"https:\/\/agora.xtec.cat\/cfa-garrosa\/wp-json\/wp\/v2\/pages\/296\/revisions\/1326"}],"up":[{"embeddable":true,"href":"https:\/\/agora.xtec.cat\/cfa-garrosa\/wp-json\/wp\/v2\/pages\/283"}],"wp:attachment":[{"href":"https:\/\/agora.xtec.cat\/cfa-garrosa\/wp-json\/wp\/v2\/media?parent=296"}],"curies":[{"name":"wp","href":"https:\/\/api.w.org\/{rel}","templated":true}]}}