{"id":288,"date":"2015-01-28T11:08:02","date_gmt":"2015-01-28T10:08:02","guid":{"rendered":"http:\/\/agora.xtec.cat\/cfa-garrosa\/?page_id=288"},"modified":"2024-02-22T12:33:18","modified_gmt":"2024-02-22T11:33:18","slug":"ensenyaments-per-a-la-preparacio-de-proves-dacces","status":"publish","type":"page","link":"https:\/\/agora.xtec.cat\/cfa-garrosa\/ensenyaments\/ensenyaments-per-a-la-preparacio-de-proves-dacces\/","title":{"rendered":"Preparaci\u00f3 de proves d&#8217;acc\u00e9s"},"content":{"rendered":"<ul>\n<li>Preparaci\u00f3 a la prova d&#8217;acc\u00e9s a cicles formatius de grau superior de formaci\u00f3 professional, d&#8217;ensenyaments d&#8217;arts i esportius.\n<ul>\n<li>Horaris de MAT\u00cd.<\/li>\n<\/ul>\n<\/li>\n<li>Preparaci\u00f3 a la prova d&#8217;acc\u00e9s a la Universitat per a majors de 25 anys i de 45 anys.\n<ul>\n<li>Horari de VESPRE.<\/li>\n<\/ul>\n<\/li>\n<\/ul>\n","protected":false},"excerpt":{"rendered":"<ul>\n<li>Preparaci\u00f3 a la prova d&#8217;acc\u00e9s a cicles formatius de grau superior de formaci\u00f3 professional, d&#8217;ensenyaments d&#8217;arts i esportius.\n<ul>\n<li>Horaris de MAT\u00cd.<\/li>\n<\/ul>\n<\/li>\n<li>Preparaci\u00f3 a la prova d&#8217;acc\u00e9s a la Universitat per a majors de 25 anys i de 45 anys.\n<ul>\n<li>Horari de VESPRE.<\/li>\n<\/ul>\n<\/li>\n<\/ul>\n","protected":false},"author":1,"featured_media":0,"parent":274,"menu_order":0,"comment_status":"closed","ping_status":"closed","template":"page-templates\/side-menu.php","meta":{"_bbp_topic_count":0,"_bbp_reply_count":0,"_bbp_total_topic_count":0,"_bbp_total_reply_count":0,"_bbp_voice_count":0,"_bbp_anonymous_reply_count":0,"_bbp_topic_count_hidden":0,"_bbp_reply_count_hidden":0,"_bbp_forum_subforum_count":0,"footnotes":""},"class_list":["post-288","page","type-page","status-publish","hentry"],"post_mailing_queue_ids":[],"_links":{"self":[{"href":"https:\/\/agora.xtec.cat\/cfa-garrosa\/wp-json\/wp\/v2\/pages\/288","targetHints":{"allow":["GET"]}}],"collection":[{"href":"https:\/\/agora.xtec.cat\/cfa-garrosa\/wp-json\/wp\/v2\/pages"}],"about":[{"href":"https:\/\/agora.xtec.cat\/cfa-garrosa\/wp-json\/wp\/v2\/types\/page"}],"author":[{"embeddable":true,"href":"https:\/\/agora.xtec.cat\/cfa-garrosa\/wp-json\/wp\/v2\/users\/1"}],"replies":[{"embeddable":true,"href":"https:\/\/agora.xtec.cat\/cfa-garrosa\/wp-json\/wp\/v2\/comments?post=288"}],"version-history":[{"count":4,"href":"https:\/\/agora.xtec.cat\/cfa-garrosa\/wp-json\/wp\/v2\/pages\/288\/revisions"}],"predecessor-version":[{"id":2141,"href":"https:\/\/agora.xtec.cat\/cfa-garrosa\/wp-json\/wp\/v2\/pages\/288\/revisions\/2141"}],"up":[{"embeddable":true,"href":"https:\/\/agora.xtec.cat\/cfa-garrosa\/wp-json\/wp\/v2\/pages\/274"}],"wp:attachment":[{"href":"https:\/\/agora.xtec.cat\/cfa-garrosa\/wp-json\/wp\/v2\/media?parent=288"}],"curies":[{"name":"wp","href":"https:\/\/api.w.org\/{rel}","templated":true}]}}