{"id":286,"date":"2015-01-28T11:07:30","date_gmt":"2015-01-28T10:07:30","guid":{"rendered":"http:\/\/agora.xtec.cat\/cfa-garrosa\/?page_id=286"},"modified":"2021-05-24T12:14:11","modified_gmt":"2021-05-24T10:14:11","slug":"ensenyaments-transprofessionals","status":"publish","type":"page","link":"https:\/\/agora.xtec.cat\/cfa-garrosa\/ensenyaments\/ensenyaments-transprofessionals\/","title":{"rendered":"Lleng\u00fces i inform\u00e0tica"},"content":{"rendered":"<h4>Angl\u00e8s:<\/h4>\n<p>Nivell 1, 2 i 3 en horari de MAT\u00cd i TARDA-VESPRE.<\/p>\n<h4>Franc\u00e8s:<\/h4>\n<p>Nivell 1, 2 i 3 en horari de TARDA-VESPRE.<\/p>\n<h4>COMPETIC:<\/h4>\n<p>Nivell Inicial, 1, 2 i 3 en horari de MAT\u00cd i TARDA-VESPRE.<\/p>\n","protected":false},"excerpt":{"rendered":"<p>Angl\u00e8s:<br \/>\nNivell 1, 2 i 3 en horari de MAT\u00cd i TARDA-VESPRE.<br \/>\nFranc\u00e8s:<br \/>\nNivell 1, 2 i 3 en horari de TARDA-VESPRE.<br \/>\nCOMPETIC:<br \/>\nNivell Inicial, 1, 2 i 3 en horari de MAT\u00cd i TARDA-VESPRE.<\/p>\n","protected":false},"author":1,"featured_media":0,"parent":274,"menu_order":0,"comment_status":"closed","ping_status":"closed","template":"page-templates\/side-menu.php","meta":{"_bbp_topic_count":0,"_bbp_reply_count":0,"_bbp_total_topic_count":0,"_bbp_total_reply_count":0,"_bbp_voice_count":0,"_bbp_anonymous_reply_count":0,"_bbp_topic_count_hidden":0,"_bbp_reply_count_hidden":0,"_bbp_forum_subforum_count":0,"footnotes":""},"class_list":["post-286","page","type-page","status-publish","hentry"],"post_mailing_queue_ids":[],"_links":{"self":[{"href":"https:\/\/agora.xtec.cat\/cfa-garrosa\/wp-json\/wp\/v2\/pages\/286","targetHints":{"allow":["GET"]}}],"collection":[{"href":"https:\/\/agora.xtec.cat\/cfa-garrosa\/wp-json\/wp\/v2\/pages"}],"about":[{"href":"https:\/\/agora.xtec.cat\/cfa-garrosa\/wp-json\/wp\/v2\/types\/page"}],"author":[{"embeddable":true,"href":"https:\/\/agora.xtec.cat\/cfa-garrosa\/wp-json\/wp\/v2\/users\/1"}],"replies":[{"embeddable":true,"href":"https:\/\/agora.xtec.cat\/cfa-garrosa\/wp-json\/wp\/v2\/comments?post=286"}],"version-history":[{"count":3,"href":"https:\/\/agora.xtec.cat\/cfa-garrosa\/wp-json\/wp\/v2\/pages\/286\/revisions"}],"predecessor-version":[{"id":1330,"href":"https:\/\/agora.xtec.cat\/cfa-garrosa\/wp-json\/wp\/v2\/pages\/286\/revisions\/1330"}],"up":[{"embeddable":true,"href":"https:\/\/agora.xtec.cat\/cfa-garrosa\/wp-json\/wp\/v2\/pages\/274"}],"wp:attachment":[{"href":"https:\/\/agora.xtec.cat\/cfa-garrosa\/wp-json\/wp\/v2\/media?parent=286"}],"curies":[{"name":"wp","href":"https:\/\/api.w.org\/{rel}","templated":true}]}}