{"id":265,"date":"2015-01-27T17:28:56","date_gmt":"2015-01-27T16:28:56","guid":{"rendered":"http:\/\/agora.xtec.cat\/cfa-garrosa\/?page_id=265"},"modified":"2024-01-09T18:46:34","modified_gmt":"2024-01-09T17:46:34","slug":"organitzacio-interna","status":"publish","type":"page","link":"https:\/\/agora.xtec.cat\/cfa-garrosa\/el-centre\/organitzacio-interna\/","title":{"rendered":"Organitzaci\u00f3 interna"},"content":{"rendered":"<ul>\n<li>Equip directiu\n<ul>\n<li>Director\/a &#8211; Blanca Costa<\/li>\n<li>Cap d&#8217;Estudis &#8211; Alicia G\u00f3mez<\/li>\n<li>Secret\u00e0ria &#8211; Administradora &#8211; N\u00faria Saperas<\/li>\n<\/ul>\n<\/li>\n<\/ul>\n<ul>\n<li>Coordinacions\n<ul>\n<li>Compet\u00e8ncies Societat i Informaci\u00f3 &#8211; Rafa Cord\u00f3n<\/li>\n<li>Ensenyaments inicials i b\u00e0sics &#8211; Cristina Sagu\u00e9s<\/li>\n<li>Formaci\u00f3 B\u00e0sica &#8211; Paula Hernando<\/li>\n<li>Inform\u00e0tica &#8211; Dolors Gen\u00e9<\/li>\n<li>Ling\u00fc\u00edstica, Integraci\u00f3 i Cohesi\u00f3 (LIC) &#8211; Josep Peris<\/li>\n<li>Proves d&#8217;acc\u00e9s &#8211; Dolors Roset<\/li>\n<li>Riscos Laborals &#8211; Ganesh Gabarr\u00f3<\/li>\n<li>COCOBE: Noem\u00ed Serrano<\/li>\n<\/ul>\n<\/li>\n<\/ul>\n<ul>\n<li>Consell escolar<\/li>\n<\/ul>\n<ul>\n<li>Assemblea de delegats de classe<\/li>\n<\/ul>\n<ul>\n<li>PAS\n<ul>\n<li>Secret\u00e0ria &#8211; Raquel Garc\u00eda<\/li>\n<\/ul>\n<\/li>\n<\/ul>\n","protected":false},"excerpt":{"rendered":"<ul>\n<li>Equip directiu\n<ul>\n<li>Director\/a &#8211; Blanca Costa<\/li>\n<li>Cap d&#8217;Estudis &#8211; Alicia G\u00f3mez<\/li>\n<li>Secret\u00e0ria &#8211; Administradora &#8211; N\u00faria Saperas<\/li>\n<\/ul>\n<\/li>\n<\/ul>\n<ul>\n<li>Coordinacions\n<ul>\n<li>Compet\u00e8ncies Societat i Informaci\u00f3 &#8211; Rafa Cord\u00f3n<\/li>\n<li>Ensenyaments inicials i b\u00e0sics &#8211; Cristina Sagu\u00e9s<\/li>\n<li>Formaci\u00f3 B\u00e0sica &#8211; Paula Hernando<\/li>\n<li>Inform\u00e0tica &#8211; Dolors Gen\u00e9<\/li>\n<li>Ling\u00fc\u00edstica, Integraci\u00f3 i Cohesi\u00f3 (LIC) &#8211; Josep Peris<\/li>\n<li>Proves d&#8217;acc\u00e9s &#8211; Dolors Roset<\/li>\n<li>Riscos Laborals&hellip;  <a href=\"https:\/\/agora.xtec.cat\/cfa-garrosa\/el-centre\/organitzacio-interna\/\" title=\"Read Organitzaci\u00f3 interna\">Llegeix m\u00e9s\u00bb<\/a><br \/>\n","protected":false},"author":1,"featured_media":0,"parent":261,"menu_order":40,"comment_status":"closed","ping_status":"closed","template":"page-templates\/side-menu.php","meta":{"_bbp_topic_count":0,"_bbp_reply_count":0,"_bbp_total_topic_count":0,"_bbp_total_reply_count":0,"_bbp_voice_count":0,"_bbp_anonymous_reply_count":0,"_bbp_topic_count_hidden":0,"_bbp_reply_count_hidden":0,"_bbp_forum_subforum_count":0,"footnotes":""},"class_list":["post-265","page","type-page","status-publish","hentry"],"post_mailing_queue_ids":[],"_links":{"self":[{"href":"https:\/\/agora.xtec.cat\/cfa-garrosa\/wp-json\/wp\/v2\/pages\/265","targetHints":{"allow":["GET"]}}],"collection":[{"href":"https:\/\/agora.xtec.cat\/cfa-garrosa\/wp-json\/wp\/v2\/pages"}],"about":[{"href":"https:\/\/agora.xtec.cat\/cfa-garrosa\/wp-json\/wp\/v2\/types\/page"}],"author":[{"embeddable":true,"href":"https:\/\/agora.xtec.cat\/cfa-garrosa\/wp-json\/wp\/v2\/users\/1"}],"replies":[{"embeddable":true,"href":"https:\/\/agora.xtec.cat\/cfa-garrosa\/wp-json\/wp\/v2\/comments?post=265"}],"version-history":[{"count":4,"href":"https:\/\/agora.xtec.cat\/cfa-garrosa\/wp-json\/wp\/v2\/pages\/265\/revisions"}],"predecessor-version":[{"id":2045,"href":"https:\/\/agora.xtec.cat\/cfa-garrosa\/wp-json\/wp\/v2\/pages\/265\/revisions\/2045"}],"up":[{"embeddable":true,"href":"https:\/\/agora.xtec.cat\/cfa-garrosa\/wp-json\/wp\/v2\/pages\/261"}],"wp:attachment":[{"href":"https:\/\/agora.xtec.cat\/cfa-garrosa\/wp-json\/wp\/v2\/media?parent=265"}],"curies":[{"name":"wp","href":"https:\/\/api.w.org\/{rel}","templated":true}]}}