{"id":261,"date":"2015-01-27T17:25:01","date_gmt":"2015-01-27T16:25:01","guid":{"rendered":"http:\/\/agora.xtec.cat\/cfa-garrosa\/?page_id=261"},"modified":"2017-05-31T16:07:53","modified_gmt":"2017-05-31T14:07:53","slug":"el-centre","status":"publish","type":"page","link":"https:\/\/agora.xtec.cat\/cfa-garrosa\/el-centre\/","title":{"rendered":"El Centre"},"content":{"rendered":"<p>El CFA Garrosa \u00e9s l\u2019\u00fanic centre de formaci\u00f3 d\u2019adults Sant Vicen\u00e7 dels Horts i at\u00e9n les necessitats del municipi i altres del voltant que no en tenen com Torrelles de Llobregat, Pallej\u00e0, Sant Andreu de la Barca, Corbera, Cervell\u00f3, La Palma de Cervell\u00f3<\/p>\n<p>El nostre centre comparteix edifici \u00a0amb altres depend\u00e8ncies municipals i l\u2019EAIA, per\u00f2 amb una distribuci\u00f3 espaial que garanteix la total autonomia.<\/p>\n<h5><a href=\"http:\/\/agora.xtec.cat\/cfa-garrosa\/wp-content\/uploads\/usu662\/2014\/09\/MG_7120.jpg\"><img loading=\"lazy\" decoding=\"async\" class=\"wp-image-406 aligncenter\" src=\"http:\/\/agora.xtec.cat\/cfa-garrosa\/wp-content\/uploads\/usu662\/2014\/09\/MG_7120.jpg\" alt=\"_MG_7120\" width=\"331\" height=\"221\" \/><\/a><\/h5>\n<p>La ubicaci\u00f3 dintre del municipi la podrien qualificar d\u2019id\u00f2nia, ja que est\u00e0 molt c\u00e8ntric i est\u00e0 molt proper de l\u2019estaci\u00f3 dels FGC i al costat de la parada dels autobusos urbans e interurbans.<\/p>\n","protected":false},"excerpt":{"rendered":"<p>El CFA Garrosa \u00e9s l\u2019\u00fanic centre de formaci\u00f3 d\u2019adults Sant Vicen\u00e7 dels Horts i at\u00e9n les necessitats del municipi i altres del voltant que no en tenen com Torrelles de Llobregat, Pallej\u00e0, Sant Andreu de la Barca, Corbera, Cervell\u00f3, La Palma de Cervell\u00f3<br \/>\nEl nostre centre&hellip;  <a href=\"https:\/\/agora.xtec.cat\/cfa-garrosa\/el-centre\/\" title=\"Read El Centre\">Llegeix m\u00e9s\u00bb<\/a><\/p>\n","protected":false},"author":1,"featured_media":0,"parent":0,"menu_order":0,"comment_status":"closed","ping_status":"closed","template":"page-templates\/side-menu.php","meta":{"_bbp_topic_count":0,"_bbp_reply_count":0,"_bbp_total_topic_count":0,"_bbp_total_reply_count":0,"_bbp_voice_count":0,"_bbp_anonymous_reply_count":0,"_bbp_topic_count_hidden":0,"_bbp_reply_count_hidden":0,"_bbp_forum_subforum_count":0,"footnotes":""},"class_list":["post-261","page","type-page","status-publish","hentry"],"post_mailing_queue_ids":[],"_links":{"self":[{"href":"https:\/\/agora.xtec.cat\/cfa-garrosa\/wp-json\/wp\/v2\/pages\/261","targetHints":{"allow":["GET"]}}],"collection":[{"href":"https:\/\/agora.xtec.cat\/cfa-garrosa\/wp-json\/wp\/v2\/pages"}],"about":[{"href":"https:\/\/agora.xtec.cat\/cfa-garrosa\/wp-json\/wp\/v2\/types\/page"}],"author":[{"embeddable":true,"href":"https:\/\/agora.xtec.cat\/cfa-garrosa\/wp-json\/wp\/v2\/users\/1"}],"replies":[{"embeddable":true,"href":"https:\/\/agora.xtec.cat\/cfa-garrosa\/wp-json\/wp\/v2\/comments?post=261"}],"version-history":[{"count":3,"href":"https:\/\/agora.xtec.cat\/cfa-garrosa\/wp-json\/wp\/v2\/pages\/261\/revisions"}],"predecessor-version":[{"id":666,"href":"https:\/\/agora.xtec.cat\/cfa-garrosa\/wp-json\/wp\/v2\/pages\/261\/revisions\/666"}],"wp:attachment":[{"href":"https:\/\/agora.xtec.cat\/cfa-garrosa\/wp-json\/wp\/v2\/media?parent=261"}],"curies":[{"name":"wp","href":"https:\/\/api.w.org\/{rel}","templated":true}]}}