{"id":21,"date":"2014-09-17T16:14:14","date_gmt":"2014-09-17T16:14:14","guid":{"rendered":"http:\/\/agora.xtec.cat\/cfa-garrosa\/?page_id=21"},"modified":"2015-11-19T14:28:49","modified_gmt":"2015-11-19T13:28:49","slug":"on-som","status":"publish","type":"page","link":"https:\/\/agora.xtec.cat\/cfa-garrosa\/el-centre\/on-som\/","title":{"rendered":"On som"},"content":{"rendered":"<h5 style=\"color: #666666; text-align: justify;\"><strong>CFA Garrosa<\/strong><\/h5>\n<p style=\"color: #666666; text-align: justify;\">Passatge Pau Vila 7<\/p>\n<p style=\"color: #666666; text-align: justify;\">08620-Sant Vicen\u00e7 dels Horts<\/p>\n<p style=\"color: #666666;\">Tel 936 566 951<br \/>\n<b><a href=\"mailto:a8055440@xtec.cat\">a8055440@xtec.cat<\/a><\/b><\/p>\n<p><strong>AV\u00cdS: Aquest Passatge est\u00e0 sota el pont de la via del tren que creua el carrer Rafael Casanova, cantonada amb carrer Anselm Clav\u00e9 i carrer Sant Miquel.<\/strong><\/p>\n<p>&nbsp;<\/p>\n<p><strong><span style=\"text-decoration: underline;\">Com arribar-hi:<\/span><\/strong> <strong><br \/>\n<b><iframe loading=\"lazy\" style=\"border: 0;\" src=\"https:\/\/www.google.com\/maps\/embed?pb=!1m18!1m12!1m3!1d2993.2242508926265!2d2.0076451153451598!3d41.39093607926386!2m3!1f0!2f0!3f0!3m2!1i1024!2i768!4f13.1!3m3!1m2!1s0x12a49ae706a5789f%3A0x69180765d128108c!2sPassatge+Pau+Vila%2C+08620+Sant+Vicen%C3%A7+dels+Horts%2C+Barcelona!5e0!3m2!1sca!2ses!4v1447939625066\" width=\"600\" height=\"450\" frameborder=\"0\" allowfullscreen=\"allowfullscreen\"><\/iframe><\/b><\/strong><\/p>\n<p><strong><b>Es pot arribar<\/b><br \/>\n<\/strong><\/p>\n<div>\n<ul>\n<li><a href=\"http:\/\/www.fgc.cat\/cat\/llobregat-anoia.asp\" rel=\"nofollow\"><b>En tren<\/b><\/a><\/li>\n<\/ul>\n<div>A la linea Baix\u00a0Llobregat-Anoia dels F.G.C. es troba l&#8217;estaci\u00f3 de sant Vicen\u00e7 dels Horts. Aqu\u00ed tenen parada els trens de la linia\u00a0<b>S33, S4, S8, R5, R6<\/b>.\u00a0Per consultar horaris i altra \u00a0informaci\u00f3 podeu fer clic sobre\u00a0<a href=\"http:\/\/www.fgc.cat\/cat\/index.asp\" rel=\"nofollow\">aquest enlla\u00e7<\/a><\/div>\n<\/div>\n<div>\n<ul>\n<li><a href=\"http:\/\/www.svh.es\/?go=7e31f3307a71c7628f6f2d751b399de654f3ebd3ad308dcdfe7e9ec4ea69307ee671b884007fa65bccf1b2966d0308e54cb139d681de34540d05a3e6d2a3d0d91da58fa064cdfe70427c6d3b8640cdf0\" rel=\"nofollow\"><b>En b\u00fas urb\u00e0<\/b><\/a><\/li>\n<\/ul>\n<div>La parada m\u00e9s propera \u00e9s &#8220;Garro-La Pobla&#8221;. A les l\u00ednies 5 i 6 l&#8217;estaci\u00f3 m\u00e9s propera \u00e9s &#8220;Estaci\u00f3 FGC Sant Vicen\u00e7 dels Horts&#8221;<\/div>\n<\/div>\n<div>\n<ul>\n<li><b><a href=\"http:\/\/www.solerisauret.com\/transport-urba-i-interurba\/interurbanes\/linies-i-parades.html\" rel=\"nofollow\">En b\u00fas interurb\u00e0<\/a><\/b><\/li>\n<\/ul>\n<div>L&#8217;empresa Soler i Sauret t\u00e9 serveis d&#8217;autobusos<b>\u00a0(L60, L61,L62)<\/b>\u00a0que connecten Sant\u00a0Vicen\u00e7 dels Horts amb d&#8217;altres poblacions.\u00a0La parada m\u00e9s propera al CFA Garrosa \u00e9s al <b>carrer\u00a0Sant Miquel<\/b><\/div>\n<div><b>\u00a0<\/b><\/div>\n<\/div>\n","protected":false},"excerpt":{"rendered":"<p>CFA Garrosa<br \/>\nPassatge Pau Vila 7<br \/>\n08620-Sant Vicen\u00e7 dels Horts<br \/>\nTel 936 566 951<br \/>\n<a href=\"mailto:a8055440@xtec.cat\">a8055440@xtec.cat<\/a><br \/>\nAV\u00cdS: Aquest Passatge est\u00e0 sota el pont de la via del tren que creua el carrer Rafael Casanova, cantonada amb carrer Anselm Clav\u00e9 i carrer Sant Miquel.<br \/>\n&nbsp;<br \/>\nCom arribar-hi: <\/p>\n<p>Es pot arribar<\/p>\n<ul>\n<li><a href=\"http:\/\/www.fgc.cat\/cat\/llobregat-anoia.asp\" rel=\"nofollow\">En tren<\/a><\/li>\n<\/ul>\n<p>A&hellip;  <a href=\"https:\/\/agora.xtec.cat\/cfa-garrosa\/el-centre\/on-som\/\" title=\"Read On som\">Llegeix m\u00e9s\u00bb<\/a><\/p>\n","protected":false},"author":1,"featured_media":0,"parent":261,"menu_order":10,"comment_status":"closed","ping_status":"closed","template":"page-templates\/side-menu.php","meta":{"_bbp_topic_count":0,"_bbp_reply_count":0,"_bbp_total_topic_count":0,"_bbp_total_reply_count":0,"_bbp_voice_count":0,"_bbp_anonymous_reply_count":0,"_bbp_topic_count_hidden":0,"_bbp_reply_count_hidden":0,"_bbp_forum_subforum_count":0,"footnotes":""},"class_list":["post-21","page","type-page","status-publish","hentry"],"post_mailing_queue_ids":[],"_links":{"self":[{"href":"https:\/\/agora.xtec.cat\/cfa-garrosa\/wp-json\/wp\/v2\/pages\/21","targetHints":{"allow":["GET"]}}],"collection":[{"href":"https:\/\/agora.xtec.cat\/cfa-garrosa\/wp-json\/wp\/v2\/pages"}],"about":[{"href":"https:\/\/agora.xtec.cat\/cfa-garrosa\/wp-json\/wp\/v2\/types\/page"}],"author":[{"embeddable":true,"href":"https:\/\/agora.xtec.cat\/cfa-garrosa\/wp-json\/wp\/v2\/users\/1"}],"replies":[{"embeddable":true,"href":"https:\/\/agora.xtec.cat\/cfa-garrosa\/wp-json\/wp\/v2\/comments?post=21"}],"version-history":[{"count":3,"href":"https:\/\/agora.xtec.cat\/cfa-garrosa\/wp-json\/wp\/v2\/pages\/21\/revisions"}],"predecessor-version":[{"id":412,"href":"https:\/\/agora.xtec.cat\/cfa-garrosa\/wp-json\/wp\/v2\/pages\/21\/revisions\/412"}],"up":[{"embeddable":true,"href":"https:\/\/agora.xtec.cat\/cfa-garrosa\/wp-json\/wp\/v2\/pages\/261"}],"wp:attachment":[{"href":"https:\/\/agora.xtec.cat\/cfa-garrosa\/wp-json\/wp\/v2\/media?parent=21"}],"curies":[{"name":"wp","href":"https:\/\/api.w.org\/{rel}","templated":true}]}}