{"id":660,"date":"2015-11-17T18:44:38","date_gmt":"2015-11-17T17:44:38","guid":{"rendered":"http:\/\/agora.xtec.cat\/cfa-espiteus\/?page_id=660"},"modified":"2025-01-10T13:26:09","modified_gmt":"2025-01-10T12:26:09","slug":"asseguranca-escolar","status":"publish","type":"page","link":"https:\/\/agora.xtec.cat\/cfa-espiteus\/secretaria\/asseguranca-escolar\/","title":{"rendered":"Asseguran\u00e7a escolar"},"content":{"rendered":"<p>&nbsp;<\/p>\n<p><strong>ASSIST\u00c8NCIA SANIT\u00c0RIA EN CAS D&#8217;ACCIDENT ESCOLAR I ASSEGURAN\u00c7A ESCOLAR OBLIGAT\u00d2RIA<\/strong><\/p>\n<p>Els estudiants menors de 28 anys que cursin estudis oficials, des de 3r d&#8217;ESO fins al 3r cicle universitari, estaran protegits per l&#8217;<a href=\"http:\/\/www.seg-social.es\/Internet_1\/Trabajadores\/PrestacionesPension10935\/PrestacionesdelSegu28622\/index.htm\">asseguran\u00e7a escolar obligat\u00f2ria<\/a>.<\/p>\n<p>Queden inclosos, tamb\u00e9, els estudiants menors de 28 anys que cursen el segon curs d&#8217;educaci\u00f3 secund\u00e0ria per a persones adultes.<\/p>\n<p>Els estudiants del curs de formaci\u00f3 espec\u00edfic per a l&#8217;acc\u00e9s als cicles de grau mitj\u00e0 i grau superior, a l&#8217;efecte \u00fanicament d&#8217;incloure&#8217;ls en el r\u00e8gim de l&#8217;asseguran\u00e7a escolar, seran considerats alumnes dels cicles formatius de grau mitj\u00e0.<\/p>\n<p>Els alumnes dels programes de formaci\u00f3 i inserci\u00f3, als efectes \u00fanicament de la inclusi\u00f3 en el r\u00e8gim de l&#8217;asseguran\u00e7a escolar, seran considerats com a alumnes de cicles de formaci\u00f3 professional b\u00e0sica.<\/p>\n<p>Tots els centres que imparteixin els ensenyaments que estiguin inclosos en l&#8217;asseguran\u00e7a escolar obligat\u00f2ria han de liquidar la quota corresponent i informar els beneficiaris i\/o fam\u00edlies de l&#8217;exist\u00e8ncia i cobertures d&#8217;aquesta.<\/p>\n<p>L&#8217;asseguran\u00e7a escolar obligat\u00f2ria cobreix l&#8217;accident escolar, la malaltia i l&#8217;infortuni familiar.<\/p>\n<p>L&#8217;accident escolar d\u00f3na dret a l&#8217;assist\u00e8ncia m\u00e8dica i farmac\u00e8utica i a les indemnitzacions o a la pensi\u00f3 que corresponguin, segons la incapacitat produ\u00efda per l&#8217;accident, i tamb\u00e9 a la indemnitzaci\u00f3 de despeses de sepeli en cas de mort.<\/p>\n<p>Les accions per reclamar les prestacions derivades de l&#8217;accident escolar prescriuen al\u00a0cap d&#8217;un any d&#8217;haver-se produ\u00eft l&#8217;accident.<\/p>\n<p>En cas d&#8217;accident escolar, els estudiants s&#8217;han d&#8217;adre\u00e7ar als centres sanitaris p\u00fablics del seu municipi o als centres sanitaris concertats o autoritzats per la Direcci\u00f3 General de l&#8217;INSS. Aquest servei no suposa cap despesa per a l&#8217;estudiant.<\/p>\n<p>Si en la poblaci\u00f3 on es produeix l&#8217;accident no hi ha cap metge o un centre sanitari p\u00fablic o concertat, o si es tracta d&#8217;una assist\u00e8ncia urgent justificada degudament, l&#8217;estudiant haur\u00e0 d&#8217;assumir les despeses, en primera inst\u00e0ncia, per\u00f2 tindr\u00e0 dret a rebre&#8217;n l&#8217;abonament amb posterioritat.<\/p>\n<p>Els alumnes fills de col\u00b7lectius que pertanyin a la Mutualitat General de Funcionaris Civils de l&#8217;Estat (MUFACE) que necessitin atenci\u00f3 sanit\u00e0ria d&#8217;urg\u00e8ncia hauran d&#8217;adre\u00e7ar-se, en primera inst\u00e0ncia, als facultatius de l&#8217;entitat a la qual estan adscrits o als serveis d&#8217;urg\u00e8ncia que constin en el cat\u00e0leg de serveis de la seva mutualitat. Els alumnes que, per decisi\u00f3 pr\u00f2pia (alumnes majors d&#8217;edat) o dels familiars, utilitzin altres mitjans no concertats per MUFACE, hauran d&#8217;abonar, sense dret a reintegrament per part d&#8217;aquesta, les despeses que puguin ocasionar-se, llevat dels sup\u00f2sits i amb els requisits que s&#8217;estableixin en el concert per a l&#8217;assist\u00e8ncia urgent de car\u00e0cter vital.<\/p>\n<p>Aquestes despeses es podran reclamar posteriorment a trav\u00e9s de l&#8217;asseguran\u00e7a escolar obligat\u00f2ria.<\/p>\n<p>La prestaci\u00f3 per malaltia compr\u00e8n l&#8217;assist\u00e8ncia farmac\u00e8utica i l&#8217;assist\u00e8ncia m\u00e8dica i inclou l&#8217;hospitalitzaci\u00f3 quan escaigui. Aix\u00ed mateix, s&#8217;hi inclouen les indemnitzacions per despeses de sepeli en cas de mort.<\/p>\n<p>La prestaci\u00f3 per infortuni familiar t\u00e9 per objecte assegurar la continu\u00eftat dels estudis ja iniciats per l&#8217;estudiant, quan concorrin circumst\u00e0ncies que ocasionin la impossibilitat de prosseguir-los com a conseq\u00fc\u00e8ncia directa de la situaci\u00f3 econ\u00f2mica sobrevinguda en la seva llar.<\/p>\n<p>Quan es produeixin despla\u00e7aments a pa\u00efsos membres de la Uni\u00f3 Europea cal tramitar la TSE (targeta sanit\u00e0ria europea). Els despla\u00e7aments a qualsevol altre pa\u00eds fora d&#8217;Espanya no estan protegits per l&#8217;asseguran\u00e7a escolar obligat\u00f2ria.<\/p>\n<p>La documentaci\u00f3 necess\u00e0ria per acudir a un centre autoritzat o concertat \u00e9s la seg\u00fcent:<\/p>\n<ul>\n<li><a href=\"http:\/\/www.seg-social.es\/prdi00\/groups\/public\/documents\/binario\/101916.pdf\">Sol\u00b7licitud original <\/a>emplenada en tots els apartats necessaris (1, 2, 3 i 4 si cal), signada pel pare, mare o tutor o tutora legal de l&#8217;estudiant o pel mateix estudiant si \u00e9s major d&#8217;edat.<\/li>\n<li>Fotoc\u00f2pia del DNI, NIE o passaport en vigor de l&#8217;estudiant, si \u00e9s major d&#8217;edat, o fotoc\u00f2pia compulsada del DNI i llibre de fam\u00edlia de l&#8217;adult sol\u00b7licitant, si l&#8217;estudiant \u00e9s menor d&#8217;edat.<\/li>\n<li>Justificant d&#8217;haver abonat la quota de l&#8217;asseguran\u00e7a escolar del curs<\/li>\n<\/ul>\n<p><a href=\"http:\/\/agora.xtec.cat\/cfa-espiteus\/wp-content\/uploads\/usu71\/2015\/11\/Fullet\u00f3-informatiu.pdf\">FULLET\u00d3 INFORMATIU<\/a><\/p>\n<p><a href=\"http:\/\/www.seg-social.es\/Internet_2\/Masinformacion\/TramitesyGestiones\/Seguroescolar\/index.htm\" target=\"_blank\" rel=\"noopener\">TR\u00c0MITS I GESTIONS<\/a><\/p>\n","protected":false},"excerpt":{"rendered":"<p>&nbsp;<br \/>\nASSIST\u00c8NCIA SANIT\u00c0RIA EN CAS D&#8217;ACCIDENT ESCOLAR I ASSEGURAN\u00c7A ESCOLAR OBLIGAT\u00d2RIA<br \/>\nEls estudiants menors de 28 anys que cursin estudis oficials, des de 3r d&#8217;ESO fins al 3r cicle universitari, estaran protegits per l&#8217;<a href=\"http:\/\/www.seg-social.es\/Internet_1\/Trabajadores\/PrestacionesPension10935\/PrestacionesdelSegu28622\/index.htm\">asseguran\u00e7a escolar obligat\u00f2ria<\/a>.<br \/>\nQueden inclosos, tamb\u00e9, els estudiants menors de 28 anys que cursen&hellip;  <a href=\"https:\/\/agora.xtec.cat\/cfa-espiteus\/secretaria\/asseguranca-escolar\/\" title=\"Read Asseguran\u00e7a escolar\">Llegeix m\u00e9s\u00bb<\/a><\/p>\n","protected":false},"author":4,"featured_media":0,"parent":3686,"menu_order":6,"comment_status":"closed","ping_status":"closed","template":"page-templates\/side-menu.php","meta":{"_bbp_topic_count":0,"_bbp_reply_count":0,"_bbp_total_topic_count":0,"_bbp_total_reply_count":0,"_bbp_voice_count":0,"_bbp_anonymous_reply_count":0,"_bbp_topic_count_hidden":0,"_bbp_reply_count_hidden":0,"_bbp_forum_subforum_count":0,"footnotes":""},"class_list":["post-660","page","type-page","status-publish","hentry"],"post_mailing_queue_ids":[],"_links":{"self":[{"href":"https:\/\/agora.xtec.cat\/cfa-espiteus\/wp-json\/wp\/v2\/pages\/660","targetHints":{"allow":["GET"]}}],"collection":[{"href":"https:\/\/agora.xtec.cat\/cfa-espiteus\/wp-json\/wp\/v2\/pages"}],"about":[{"href":"https:\/\/agora.xtec.cat\/cfa-espiteus\/wp-json\/wp\/v2\/types\/page"}],"author":[{"embeddable":true,"href":"https:\/\/agora.xtec.cat\/cfa-espiteus\/wp-json\/wp\/v2\/users\/4"}],"replies":[{"embeddable":true,"href":"https:\/\/agora.xtec.cat\/cfa-espiteus\/wp-json\/wp\/v2\/comments?post=660"}],"version-history":[{"count":5,"href":"https:\/\/agora.xtec.cat\/cfa-espiteus\/wp-json\/wp\/v2\/pages\/660\/revisions"}],"predecessor-version":[{"id":3798,"href":"https:\/\/agora.xtec.cat\/cfa-espiteus\/wp-json\/wp\/v2\/pages\/660\/revisions\/3798"}],"up":[{"embeddable":true,"href":"https:\/\/agora.xtec.cat\/cfa-espiteus\/wp-json\/wp\/v2\/pages\/3686"}],"wp:attachment":[{"href":"https:\/\/agora.xtec.cat\/cfa-espiteus\/wp-json\/wp\/v2\/media?parent=660"}],"curies":[{"name":"wp","href":"https:\/\/api.w.org\/{rel}","templated":true}]}}