{"id":4086,"date":"2025-05-19T13:27:01","date_gmt":"2025-05-19T11:27:01","guid":{"rendered":"https:\/\/agora.xtec.cat\/cfa-espiteus\/?page_id=4086"},"modified":"2025-05-20T10:55:00","modified_gmt":"2025-05-20T08:55:00","slug":"curs-especific-dacces-als-cicles-de-grau-mitja-cam","status":"publish","type":"page","link":"https:\/\/agora.xtec.cat\/cfa-espiteus\/ensenyaments\/ensenyaments-per-a-la-preparacio-de-proves-dacces\/curs-especific-dacces-als-cicles-de-grau-mitja-cam\/","title":{"rendered":"Curs de formaci\u00f3 preparatori per a l\u2019acc\u00e9s a cicles formatius de grau mitj\u00e0 (CAM)"},"content":{"rendered":"<p>Aquest curs permet l\u2019acc\u00e9s directe als cicles de grau mitj\u00e0 de formaci\u00f3 professional a les persones que el superin.<\/p>\n<p>&nbsp;<\/p>\n<p><strong>HORARIS DEL CURS 2025-2026<\/strong><\/p>\n<p>Dilluns, 16:00 \u2013 18:00h<\/p>\n<p>Dimarts a dijous, 16:00 \u2013 20:00h<\/p>\n<p>&nbsp;<\/p>\n<p><span style=\"color: #008000;\"><strong>Hores anuals i temporitzaci\u00f3:\u00a0<\/strong><\/span>El curs t\u00e9 car\u00e0cter anual i una durada prevista de 33 setmanes.<\/p>\n<p><span style=\"color: #008000;\"><strong>Hores setmanals:<\/strong> <\/span>14 hores distribu\u00efdes de la seg\u00fcent manera:<\/p>\n<ul>\n<li style=\"list-style-type: none;\">\n<ul>\n<li>Llengua catalana: 2 hores<\/li>\n<li>Llengua castellana: 2 hores<\/li>\n<li>Llengua anglesa: 2 hores<\/li>\n<li>Ci\u00e8ncies socials i ciutadania: 1 hora<\/li>\n<li>Matem\u00e0tiques: 2 hores<\/li>\n<li>Tecnologia: 2 hores<\/li>\n<li>Ci\u00e8ncies de la naturalesa: 2 hores<\/li>\n<li>Tutoria i orientaci\u00f3: 1 hora<\/li>\n<\/ul>\n<\/li>\n<\/ul>\n<p><strong style=\"color: #008000; font-family: inherit; font-size: 1em;\">Acc\u00e9s:\u00a0<\/strong><\/p>\n<ul>\n<li>Cal tenir complerts o complir 16 anys l&#8217;any d&#8217;inici del curs.<\/li>\n<li>Els alumnes d\u2019arts pl\u00e0stiques i disseny s\u2019hi poden matricular, per\u00f2 igualment hauran de presentar-se a les proves d\u2019acc\u00e9s per examinar-se de la part espec\u00edfica.<\/li>\n<\/ul>\n<p><span style=\"color: #008000;\"><strong>Qualificaci\u00f3:\u00a0<\/strong><\/span><\/p>\n<ul>\n<li>S\u2019ha de treure un m\u00ednim de 4 a cada mat\u00e8ria per poder calcular la qualificaci\u00f3 del curs.<\/li>\n<li>La qualificaci\u00f3 final de curs es calcula la mitjana aritm\u00e8tica de totes les mat\u00e8ries. S&#8217;aprova si la qualificaci\u00f3 \u00e9s igual o superior a 5.<\/li>\n<li>No es pot expedir el certificat de superaci\u00f3 del curs en cas de no haver assistit, almenys, al 80% de cada mat\u00e8ria i de la tutoria.<\/li>\n<li>Si se supera parcialment el curs, l&#8217;interessat pot repetir el curs i mantenir la qualificaci\u00f3 de les mat\u00e8ries superades.<\/li>\n<\/ul>\n","protected":false},"excerpt":{"rendered":"<p>Aquest curs permet l\u2019acc\u00e9s directe als cicles de grau mitj\u00e0 de formaci\u00f3 professional a les persones que el superin.<br \/>\n&nbsp;<br \/>\nHORARIS DEL CURS 2025-2026<br \/>\nDilluns, 16:00 \u2013 18:00h<br \/>\nDimarts a dijous, 16:00 \u2013 20:00h<br \/>\n&nbsp;<br \/>\nHores anuals i temporitzaci\u00f3:\u00a0El curs t\u00e9 car\u00e0cter anual i una durada prevista de 33 setmanes.<br \/>\nHores setmanals:&hellip;  <a href=\"https:\/\/agora.xtec.cat\/cfa-espiteus\/ensenyaments\/ensenyaments-per-a-la-preparacio-de-proves-dacces\/curs-especific-dacces-als-cicles-de-grau-mitja-cam\/\" title=\"Read Curs de formaci\u00f3 preparatori per a l\u2019acc\u00e9s a cicles formatius de grau mitj\u00e0 (CAM)\">Llegeix m\u00e9s\u00bb<\/a><\/p>\n","protected":false},"author":1,"featured_media":0,"parent":288,"menu_order":1,"comment_status":"closed","ping_status":"closed","template":"page-templates\/side-menu.php","meta":{"_bbp_topic_count":0,"_bbp_reply_count":0,"_bbp_total_topic_count":0,"_bbp_total_reply_count":0,"_bbp_voice_count":0,"_bbp_anonymous_reply_count":0,"_bbp_topic_count_hidden":0,"_bbp_reply_count_hidden":0,"_bbp_forum_subforum_count":0,"footnotes":""},"class_list":["post-4086","page","type-page","status-publish","hentry"],"post_mailing_queue_ids":[],"_links":{"self":[{"href":"https:\/\/agora.xtec.cat\/cfa-espiteus\/wp-json\/wp\/v2\/pages\/4086","targetHints":{"allow":["GET"]}}],"collection":[{"href":"https:\/\/agora.xtec.cat\/cfa-espiteus\/wp-json\/wp\/v2\/pages"}],"about":[{"href":"https:\/\/agora.xtec.cat\/cfa-espiteus\/wp-json\/wp\/v2\/types\/page"}],"author":[{"embeddable":true,"href":"https:\/\/agora.xtec.cat\/cfa-espiteus\/wp-json\/wp\/v2\/users\/1"}],"replies":[{"embeddable":true,"href":"https:\/\/agora.xtec.cat\/cfa-espiteus\/wp-json\/wp\/v2\/comments?post=4086"}],"version-history":[{"count":6,"href":"https:\/\/agora.xtec.cat\/cfa-espiteus\/wp-json\/wp\/v2\/pages\/4086\/revisions"}],"predecessor-version":[{"id":4120,"href":"https:\/\/agora.xtec.cat\/cfa-espiteus\/wp-json\/wp\/v2\/pages\/4086\/revisions\/4120"}],"up":[{"embeddable":true,"href":"https:\/\/agora.xtec.cat\/cfa-espiteus\/wp-json\/wp\/v2\/pages\/288"}],"wp:attachment":[{"href":"https:\/\/agora.xtec.cat\/cfa-espiteus\/wp-json\/wp\/v2\/media?parent=4086"}],"curies":[{"name":"wp","href":"https:\/\/api.w.org\/{rel}","templated":true}]}}