{"id":405,"date":"2015-07-21T22:10:56","date_gmt":"2015-07-21T21:10:56","guid":{"rendered":"http:\/\/agora.xtec.cat\/cfa-espiteus\/?page_id=405"},"modified":"2025-01-13T13:25:10","modified_gmt":"2025-01-13T12:25:10","slug":"documents-necessaris","status":"publish","type":"page","link":"https:\/\/agora.xtec.cat\/cfa-espiteus\/secretaria\/preinscripcio\/documents-necessaris\/","title":{"rendered":"Documentaci\u00f3 necess\u00e0ria"},"content":{"rendered":"<p><strong>DOCUMENTACI\u00d3 NECESS\u00c0RIA PER A LA PREINSCRIPCI\u00d3 I MATR\u00cdCULA<\/strong><\/p>\n<p><strong>En tots els casos<\/strong><\/p>\n<p>&#8211; Original i <strong>fotoc\u00f2pia del DNI,<\/strong> <strong>NIE o passaport<\/strong> de l\u2019alumne\/a. Si es tracta d\u2019estrangers comunitaris, document d\u2019identitat del pa\u00eds d\u2019origen.<\/p>\n<p>&#8211; De manera extraordin\u00e0ria, les dades d\u2019identificaci\u00f3 dels alumnes estrangers tamb\u00e9 es poden acreditar amb el document d\u2019identitat o la documentaci\u00f3 alternativa del pa\u00eds d\u2019origen que la persona pugui aportar.<\/p>\n<p>&nbsp;<\/p>\n<p><strong>Si l\u2019aumne\/a \u00e9s menor d\u2019edat<\/strong><\/p>\n<p>&#8211; Original i fotoc\u00f2pia de la persona sol\u00b7licitant (pare, mare, tutor\/a o guardador\/a de fet) o si la persona \u00e9s estrangera, de la targeta de resid\u00e8ncia on consta el NIE o el passaport. Si es tracta d\u2019estrangers comunitaris, document d\u2019identitat del pa\u00eds d\u2019origen.<\/p>\n<p>&#8211; Original i fotoc\u00f2pia del llibre de fam\u00edlia o altres documents relatius a la filiaci\u00f3 i el consentiment del pare o mare o tutor legal del menor. Si est\u00e0 en situaci\u00f3 d&#8217;acolliment, la resoluci\u00f3 d&#8217;acolliment del Departament de Treball, Afers Socials i Fam\u00edlies.<\/p>\n<p>&#8211;\u00a0<a href=\"https:\/\/agora.xtec.cat\/cfa-espiteus\/wp-content\/uploads\/usu71\/2019\/06\/Sol%C2%B7licitud-de-menors.pdf\" target=\"_blank\" rel=\"noopener noreferrer\">Sol\u00b7licitud de menors d&#8217;edat per cursar ensenyaments de formaci\u00f3 d&#8217;adults<\/a><\/p>\n<p>&#8211;\u00a0<a href=\"https:\/\/agora.xtec.cat\/cfa-espiteus\/wp-content\/uploads\/usu71\/2019\/06\/Autoritzaci%C3%B3-de-menors.pdf\" target=\"_blank\" rel=\"noopener noreferrer\">Autoritzaci\u00f3 de menors d&#8217;edat per cursar ensenyaments d&#8217;educaci\u00f3 d&#8217;adults<\/a><\/p>\n<p><strong><span style=\"color: #ff0000;\">Cal que l&#8217;alumne\/a vingui acompanyat del\u00a0pare, mare, tutor\/a o guardador\/a de fet perqu\u00e8 ha de signar el full d&#8217;autoritzaci\u00f3 a menors d&#8217;edat per cursar ensenyaments d&#8217;educaci\u00f3 d&#8217;adults i la fitxa d&#8217;inscripci\u00f3.<\/span><\/strong><\/p>\n<p><strong>Criteris espec\u00edfics<\/strong><\/p>\n<p>&#8211; Quan el domicili habitual que s\u2019al\u00b7lega no coincideix amb el DNI, amb el de la targeta de resid\u00e8ncia on consta el NIE o es tracta de persones estrangeres sense NIE, s\u2019acredita amb el certificat o volant municipal de conviv\u00e8ncia de l\u2019alumne\/a, on ha de constar que conviu amb la persona sol\u00b7licitant.<\/p>\n<p>&#8211; Quan per aquest criteri es consideri el domicili del lloc de treball, s\u2019acreditar\u00e0 mitjan\u00e7ant una c\u00f2pia del contracte laboral o d\u2019un certificat em\u00e8s a aquest efecte per l&#8217;empresa.<\/p>\n<p>&#8211; Qui cursi o hagi cursat els m\u00f2duls obligatoris dels programes de qualificaci\u00f3 professional inicial o un programa de formaci\u00f3 i inserci\u00f3. S\u2019acredita amb un certificat del centre on s\u2019han cursat o es cursen aquests ensenyaments.<\/p>\n<p>&#8211; Qui participi en el programa d\u2019experi\u00e8ncia professional per a l\u2019ocupaci\u00f3 juvenil a Catalunya Joves per l\u2019ocupaci\u00f3. S\u2019acredita amb un certificat del Programa.<\/p>\n","protected":false},"excerpt":{"rendered":"<p>DOCUMENTACI\u00d3 NECESS\u00c0RIA PER A LA PREINSCRIPCI\u00d3 I MATR\u00cdCULA<br \/>\nEn tots els casos<br \/>\n&#8211; Original i fotoc\u00f2pia del DNI, NIE o passaport de l\u2019alumne\/a. Si es tracta d\u2019estrangers comunitaris, document d\u2019identitat del pa\u00eds d\u2019origen.<br \/>\n&#8211; De manera extraordin\u00e0ria, les dades d\u2019identificaci\u00f3 dels alumnes estrangers tamb\u00e9 es poden acreditar amb&hellip;  <a href=\"https:\/\/agora.xtec.cat\/cfa-espiteus\/secretaria\/preinscripcio\/documents-necessaris\/\" title=\"Read Documentaci\u00f3 necess\u00e0ria\">Llegeix m\u00e9s\u00bb<\/a><\/p>\n","protected":false},"author":1,"featured_media":0,"parent":63,"menu_order":2,"comment_status":"closed","ping_status":"closed","template":"page-templates\/side-menu.php","meta":{"_bbp_topic_count":0,"_bbp_reply_count":0,"_bbp_total_topic_count":0,"_bbp_total_reply_count":0,"_bbp_voice_count":0,"_bbp_anonymous_reply_count":0,"_bbp_topic_count_hidden":0,"_bbp_reply_count_hidden":0,"_bbp_forum_subforum_count":0,"footnotes":""},"class_list":["post-405","page","type-page","status-publish","hentry"],"post_mailing_queue_ids":[],"_links":{"self":[{"href":"https:\/\/agora.xtec.cat\/cfa-espiteus\/wp-json\/wp\/v2\/pages\/405","targetHints":{"allow":["GET"]}}],"collection":[{"href":"https:\/\/agora.xtec.cat\/cfa-espiteus\/wp-json\/wp\/v2\/pages"}],"about":[{"href":"https:\/\/agora.xtec.cat\/cfa-espiteus\/wp-json\/wp\/v2\/types\/page"}],"author":[{"embeddable":true,"href":"https:\/\/agora.xtec.cat\/cfa-espiteus\/wp-json\/wp\/v2\/users\/1"}],"replies":[{"embeddable":true,"href":"https:\/\/agora.xtec.cat\/cfa-espiteus\/wp-json\/wp\/v2\/comments?post=405"}],"version-history":[{"count":6,"href":"https:\/\/agora.xtec.cat\/cfa-espiteus\/wp-json\/wp\/v2\/pages\/405\/revisions"}],"predecessor-version":[{"id":3820,"href":"https:\/\/agora.xtec.cat\/cfa-espiteus\/wp-json\/wp\/v2\/pages\/405\/revisions\/3820"}],"up":[{"embeddable":true,"href":"https:\/\/agora.xtec.cat\/cfa-espiteus\/wp-json\/wp\/v2\/pages\/63"}],"wp:attachment":[{"href":"https:\/\/agora.xtec.cat\/cfa-espiteus\/wp-json\/wp\/v2\/media?parent=405"}],"curies":[{"name":"wp","href":"https:\/\/api.w.org\/{rel}","templated":true}]}}