{"id":3795,"date":"2025-01-10T13:25:31","date_gmt":"2025-01-10T12:25:31","guid":{"rendered":"https:\/\/agora.xtec.cat\/cfa-espiteus\/?page_id=3795"},"modified":"2025-01-13T15:45:00","modified_gmt":"2025-01-13T14:45:00","slug":"acreditacio-catala","status":"publish","type":"page","link":"https:\/\/agora.xtec.cat\/cfa-espiteus\/secretaria\/acreditacio-catala\/","title":{"rendered":"Acreditaci\u00f3 catal\u00e0"},"content":{"rendered":"<h2>Nivell C1 de catal\u00e0<\/h2>\n<p>CFA Es Piteus <strong>nom\u00e9s<\/strong> pot acreditar el nivell C1 de catal\u00e0 a <strong>alumnes que hagin finalitzat el GESO al nostre centre.<\/strong><\/p>\n<p>Cal complir els seg\u00fcents requisits:<\/p>\n<table>\n<tbody>\n<tr style=\"height: 59px;\">\n<td style=\"height: 59px; width: 113.188px;\">\n<h4><strong>T\u00edtol<\/strong><\/h4>\n<\/td>\n<td style=\"height: 59px; width: 481.125px;\">\n<h4><strong>A Catalunya cal haver estudiat &#8230;<\/strong><\/h4>\n<\/td>\n<td style=\"height: 59px; width: 393.688px;\">\n<h4><strong>Documentaci\u00f3 a presentar<\/strong><\/h4>\n<\/td>\n<\/tr>\n<tr style=\"height: 33px;\">\n<td style=\"height: 33px; width: 113.188px;\"><strong><span style=\"font-family: inherit; font-size: 0.875em;\">GESO<\/span><\/strong><\/td>\n<td style=\"height: 33px; width: 481.125px;\"><span style=\"font-family: inherit; font-size: 0.875em;\">T\u00edtol de graduaci\u00f3 en educaci\u00f3 secund\u00e0ria obtingut a centres i aules de formaci\u00f3 de persones adultes, sempre que s&#8217;hagin cursat almenys <strong>vuit cursos<\/strong> qualssevol entre la prim\u00e0ria i l&#8217;ESO, i que s&#8217;hagi <strong>cursat i aprovat<\/strong> l&#8217;\u00e0rea de llengua catalana als centres i aules de formaci\u00f3 de persones adultes.<\/span><\/td>\n<td style=\"height: 33px; width: 393.688px;\">\n<ul>\n<li><span style=\"font-family: inherit; font-size: 0.875em;\">DNI<\/span><\/li>\n<li><span style=\"font-family: inherit; font-size: 0.875em;\">Historial acad\u00e8mic demostrant tota l&#8217;escolaritzaci\u00f3<\/span><\/li>\n<li><span style=\"font-family: inherit; font-size: 0.875em;\">T\u00edtol de GES<\/span><\/li>\n<\/ul>\n<\/td>\n<\/tr>\n<\/tbody>\n<\/table>\n<p>&nbsp;<\/p>\n<p>Si heu finalitzat els estudis d&#8217;ESO en un institut o de GESO en una altra escola d&#8217;adults, heu de posar-vos en contacte amb el vostre centre.<\/p>\n<p>&nbsp;<\/p>\n<h2>Nivell B2 de catal\u00e0<\/h2>\n<p>Els <strong>alumnes que hagin finalitzat l&#8217; EGB al nostre centre, <\/strong>poden sol\u00b7licitar l&#8217;acreditaci\u00f3 del nivell B2 de catal\u00e0 directament a la Generalitat, al seg\u00fcent enlla\u00e7: <a href=\"https:\/\/web.gencat.cat\/ca\/tramits\/tramits-temes\/Peticio-generica\"><em>https:\/\/web.gencat.cat\/ca\/tramits\/tramits-temes\/Peticio-generica<\/em><\/a><\/p>\n<p>Cal complir els seg\u00fcents requisits:<\/p>\n<table>\n<tbody>\n<tr style=\"height: 59px;\">\n<td style=\"height: 59px; width: 113.188px;\">\n<h4><strong>T\u00edtol<\/strong><\/h4>\n<\/td>\n<td style=\"height: 59px; width: 481.125px;\">\n<h4><strong>A Catalunya cal haver estudiat &#8230;<\/strong><\/h4>\n<\/td>\n<td style=\"height: 59px; width: 393.688px;\">\n<h4><strong>Documentaci\u00f3 a adjuntar<\/strong><\/h4>\n<\/td>\n<\/tr>\n<tr style=\"height: 33px;\">\n<td style=\"height: 33px; width: 113.188px;\"><strong><span style=\"font-family: inherit; font-size: 0.875em;\">EGB<\/span><\/strong><\/td>\n<td style=\"height: 33px; width: 481.125px;\"><span style=\"font-family: inherit; font-size: 0.875em;\">&#8211; Haver nascut a partir de l&#8217;any 1972\u00a0<\/span><\/p>\n<p><span style=\"font-family: inherit; font-size: 0.875em;\">&#8211; Escolaritzaci\u00f3 complerta de l&#8217;EGB a Catalunya i finalitzada a l&#8217;Escola d&#8217;Adults<\/span><\/p>\n<p><span style=\"font-family: inherit; font-size: 0.875em;\">&#8211; Haver cursat\u00a0 almenys <strong>vuit cursos<\/strong> , i que s&#8217;hagi <strong>cursat i aprovat<\/strong> l&#8217;\u00e0rea de llengua catalana\u00a0<\/span><\/td>\n<td style=\"height: 33px; width: 393.688px;\">\n<ul>\n<li><span style=\"font-family: inherit; font-size: 0.875em;\">Llibre d&#8217;escolaritat o certificat del centre on s&#8217;han cursat els estudis<\/span><\/li>\n<li><span style=\"font-family: inherit; font-size: 0.875em;\">T\u00edtol o resguard del t\u00edtol o certificat que acrediti que s&#8217;ha obtingut la titulaci\u00f3<\/span><\/li>\n<\/ul>\n<\/td>\n<\/tr>\n<\/tbody>\n<\/table>\n<ul>\n<li style=\"list-style-type: none;\"><\/li>\n<\/ul>\n<p>&nbsp;<\/p>\n<p>Si heu finalitzat els estudis d&#8217;EGB en una altra escola, heu de posar-vos en contacte amb un institut p\u00fablic.<\/p>\n<p>&nbsp;<\/p>\n","protected":false},"excerpt":{"rendered":"<p>Nivell C1 de catal\u00e0<br \/>\nCFA Es Piteus nom\u00e9s pot acreditar el nivell C1 de catal\u00e0 a alumnes que hagin finalitzat el GESO al nostre centre.<br \/>\nCal complir els seg\u00fcents requisits:<\/p>\n<p>T\u00edtol<\/p>\n<p>A Catalunya cal haver estudiat &#8230;<\/p>\n<p>Documentaci\u00f3 a presentar<\/p>\n<p>GESO<br \/>\nT\u00edtol de graduaci\u00f3 en educaci\u00f3 secund\u00e0ria obtingut a centres i aules&hellip;  <a href=\"https:\/\/agora.xtec.cat\/cfa-espiteus\/secretaria\/acreditacio-catala\/\" title=\"Read Acreditaci\u00f3 catal\u00e0\">Llegeix m\u00e9s\u00bb<\/a><\/p>\n","protected":false},"author":1,"featured_media":0,"parent":3686,"menu_order":5,"comment_status":"closed","ping_status":"closed","template":"page-templates\/side-menu.php","meta":{"_bbp_topic_count":0,"_bbp_reply_count":0,"_bbp_total_topic_count":0,"_bbp_total_reply_count":0,"_bbp_voice_count":0,"_bbp_anonymous_reply_count":0,"_bbp_topic_count_hidden":0,"_bbp_reply_count_hidden":0,"_bbp_forum_subforum_count":0,"footnotes":""},"class_list":["post-3795","page","type-page","status-publish","hentry"],"post_mailing_queue_ids":[],"_links":{"self":[{"href":"https:\/\/agora.xtec.cat\/cfa-espiteus\/wp-json\/wp\/v2\/pages\/3795","targetHints":{"allow":["GET"]}}],"collection":[{"href":"https:\/\/agora.xtec.cat\/cfa-espiteus\/wp-json\/wp\/v2\/pages"}],"about":[{"href":"https:\/\/agora.xtec.cat\/cfa-espiteus\/wp-json\/wp\/v2\/types\/page"}],"author":[{"embeddable":true,"href":"https:\/\/agora.xtec.cat\/cfa-espiteus\/wp-json\/wp\/v2\/users\/1"}],"replies":[{"embeddable":true,"href":"https:\/\/agora.xtec.cat\/cfa-espiteus\/wp-json\/wp\/v2\/comments?post=3795"}],"version-history":[{"count":7,"href":"https:\/\/agora.xtec.cat\/cfa-espiteus\/wp-json\/wp\/v2\/pages\/3795\/revisions"}],"predecessor-version":[{"id":3832,"href":"https:\/\/agora.xtec.cat\/cfa-espiteus\/wp-json\/wp\/v2\/pages\/3795\/revisions\/3832"}],"up":[{"embeddable":true,"href":"https:\/\/agora.xtec.cat\/cfa-espiteus\/wp-json\/wp\/v2\/pages\/3686"}],"wp:attachment":[{"href":"https:\/\/agora.xtec.cat\/cfa-espiteus\/wp-json\/wp\/v2\/media?parent=3795"}],"curies":[{"name":"wp","href":"https:\/\/api.w.org\/{rel}","templated":true}]}}