{"id":3783,"date":"2025-01-10T13:08:36","date_gmt":"2025-01-10T12:08:36","guid":{"rendered":"https:\/\/agora.xtec.cat\/cfa-espiteus\/?page_id=3783"},"modified":"2025-01-10T13:23:37","modified_gmt":"2025-01-10T12:23:37","slug":"resum-dequivalencies-entre-titols-del-sistema-educatiu","status":"publish","type":"page","link":"https:\/\/agora.xtec.cat\/cfa-espiteus\/secretaria\/resum-dequivalencies-entre-titols-del-sistema-educatiu\/","title":{"rendered":"Equival\u00e8ncies t\u00edtols"},"content":{"rendered":"<h2 style=\"text-align: center;\"><strong>EQUIVAL\u00c8NCIES EN L&#8217;ESO<\/strong><\/h2>\n<table style=\"border-collapse: collapse; width: 98.5913%; height: 357px;\">\n<tbody>\n<tr style=\"height: 48px;\">\n<td style=\"width: 46.7345%; height: 48px; background-color: #cef5d0;\"><strong>T\u00edtol acreditable<\/strong><\/td>\n<td style=\"width: 9.0566%; height: 48px; background-color: #cef5d0;\"><strong>T\u00edtol equivalent<\/strong><\/td>\n<td style=\"width: 4.23297%; height: 48px; background-color: #cef5d0;\"><strong>Efectes de l&#8217;equival\u00e8ncia<\/strong><\/td>\n<td style=\"width: 14.6926%; background-color: #cef5d0; height: 48px;\"><strong>Normativa reguladora<\/strong><\/td>\n<\/tr>\n<tr style=\"height: 32px;\">\n<td style=\"width: 46.7345%; height: 32px;\">Graduat escolar<\/td>\n<td style=\"width: 9.0566%; height: 32px;\">Graduat ESO<\/td>\n<td style=\"width: 4.23297%; height: 32px;\">Efectes laborals<\/td>\n<td style=\"width: 14.6926%; height: 32px;\">Llei Org\u00e0nica 2\/2006 d\u2019Educaci\u00f3. Disposici\u00f3 addicional 31.1<\/td>\n<\/tr>\n<tr style=\"height: 32px;\">\n<td style=\"width: 46.7345%; height: 32px;\">T\u00e8cnic auxiliar<\/td>\n<td style=\"width: 9.0566%; height: 32px;\">Graduat ESO<\/td>\n<td style=\"width: 4.23297%; height: 32px;\">Tots els efectes<\/td>\n<td style=\"width: 14.6926%; height: 32px;\">Llei Org\u00e0nica 2\/2006 d\u2019Educaci\u00f3. Disposici\u00f3 addicional 31.3<\/td>\n<\/tr>\n<tr style=\"height: 32px;\">\n<td style=\"width: 46.7345%; height: 32px;\">Segon de BUP<\/td>\n<td style=\"width: 9.0566%; height: 32px;\">Graduat ESO<\/td>\n<td style=\"width: 4.23297%; height: 32px;\">Tots els efectes<\/td>\n<td style=\"width: 14.6926%; height: 32px;\">Reial Decret 986\/1991. Annex 1<\/td>\n<\/tr>\n<tr style=\"height: 32px;\">\n<td style=\"width: 46.7345%; height: 32px;\">1r i 2n BUP amb un m\u00e0xim de 2 mat\u00e8ries pendents<\/td>\n<td style=\"width: 9.0566%; height: 32px;\">Graduat ESO<\/td>\n<td style=\"width: 4.23297%; height: 32px;\">Tots els efectes<\/td>\n<td style=\"width: 14.6926%; height: 32px;\">Ordre EDU\/1603\/2009<\/td>\n<\/tr>\n<tr style=\"height: 32px;\">\n<td style=\"width: 46.7345%; height: 32px;\">2n curs del primer cicle experimental de reforma dels ensenyaments mitjans<\/td>\n<td style=\"width: 9.0566%; height: 32px;\">Graduat ESO<\/td>\n<td style=\"width: 4.23297%; height: 32px;\">Tots els efectes<\/td>\n<td style=\"width: 14.6926%; height: 32px;\">Reial Decret 986\/1991. Annex 2<\/td>\n<\/tr>\n<tr style=\"height: 25px;\">\n<td style=\"width: 46.7345%; height: 25px;\">M\u00f2dul professional de nivell 2<\/td>\n<td style=\"width: 9.0566%; height: 25px;\">Graduat ESO<\/td>\n<td style=\"width: 4.23297%; height: 25px;\">Tots els efectes<\/td>\n<td style=\"width: 14.6926%; height: 25px;\">Reial Decret 986\/1991. Annex 2<\/td>\n<\/tr>\n<tr style=\"height: 32px;\">\n<td style=\"width: 46.7345%; height: 32px;\">3r comuns pla 63 o 2n comuns experimental d\u2019Arts aplicades i oficis art\u00edstics<\/td>\n<td style=\"width: 9.0566%; height: 32px;\">Graduat ESO<\/td>\n<td style=\"width: 4.23297%; height: 32px;\">Efectes laborals<\/td>\n<td style=\"width: 14.6926%; height: 32px;\">Reial Decret 986\/1991. Annex 6<\/td>\n<\/tr>\n<tr style=\"height: 32px;\">\n<td style=\"width: 46.7345%; height: 29px;\">Prova d\u2019acc\u00e9s als cicles formatius de grau mitj\u00e0 i: a) 1r i 2n d\u2019ESO. b) Haver superat un nombre de m\u00f2duls de duraci\u00f3 dels quals sigui com a m\u00ednim la meitat de la duraci\u00f3 total del cicle formatiu.<\/td>\n<td style=\"width: 9.0566%; height: 29px;\">Graduat ESO<\/td>\n<td style=\"width: 4.23297%; height: 29px;\">Efectes laborals<\/td>\n<td style=\"width: 14.6926%; height: 29px;\">Ordre EDU\/1603\/2009. Article 3.1<\/td>\n<\/tr>\n<tr style=\"height: 63px;\">\n<td style=\"width: 46.7345%; height: 63px;\">Els t\u00edtols de Batxiller elemental derivats dels plans d\u2019estudis anteriors a la Llei 14\/1970, o en el seu defecte, la superaci\u00f3 de: a) 4 cursos complets de Batxillerat per a qualsevol dels plans d\u2019estudis anteriors a la Llei 14\/1970. b) 5 anys de Batxillerat t\u00e8cnic o laboral, sense proves de conjunt o sense rev\u00e0lida. c) 4 cursos complets d\u2019Humanitats de la carrera Eclesi\u00e0stica.<\/td>\n<td style=\"width: 9.0566%; height: 63px;\">Graduat ESO<\/td>\n<td style=\"width: 4.23297%; height: 63px;\">Efectes laborals<\/td>\n<td style=\"width: 14.6926%; height: 63px;\">Ordre EDU\/1603\/2009. Article 3.2<\/td>\n<\/tr>\n<tr style=\"height: 63px;\">\n<td style=\"width: 46.7345%; height: 63px;\">Certificat d\u2019Estudis primaris derivat de la Llei 17\/7\/1945 d\u2019Educaci\u00f3 prim\u00e0ria i la Llei 21\/12\/1965 de Reforma de l\u2019Educaci\u00f3 prim\u00e0ria expedida amb anterioritat a la finalitzaci\u00f3 del curs 1975\/76<\/td>\n<td style=\"width: 9.0566%; height: 63px;\">Graduat ESO<\/td>\n<td style=\"width: 4.23297%;\"><\/td>\n<td style=\"width: 14.6926%;\"><\/td>\n<\/tr>\n<\/tbody>\n<\/table>\n<p>&nbsp;<\/p>\n<h2 style=\"text-align: center;\"><strong>EQUIVAL\u00c8NCIES EN EL BATXILLERAT<\/strong><\/h2>\n<table style=\"border-collapse: collapse; width: 98.4939%; height: 220px;\">\n<tbody>\n<tr style=\"height: 48px;\">\n<td style=\"width: 40.8221%; height: 48px; background-color: #cef5d0;\"><strong>T\u00edtol acreditable<\/strong><\/td>\n<td style=\"width: 3.95983%; height: 48px; background-color: #cef5d0;\"><strong>T\u00edtol equivalent<\/strong><\/td>\n<td style=\"width: 4.02905%; height: 48px; background-color: #cef5d0;\"><strong>Efectes de l&#8217;equival\u00e8ncia<\/strong><\/td>\n<td style=\"width: 15.446%; background-color: #cef5d0; height: 48px;\"><strong>Normativa reguladora<\/strong><\/td>\n<\/tr>\n<tr style=\"height: 32px;\">\n<td style=\"width: 40.8221%; height: 32px;\">T\u00e8cnic o t\u00e8cnic esportiu<\/td>\n<td style=\"width: 3.95983%; height: 32px;\">Batxillerat<\/td>\n<td style=\"width: 4.02905%; height: 32px;\">Efectes laborals<\/td>\n<td style=\"width: 15.446%; height: 32px;\">Ordre EDU\/1603\/2009. Disposici\u00f3 addicional 1<\/td>\n<\/tr>\n<tr style=\"height: 32px;\">\n<td style=\"width: 40.8221%; height: 19px;\">COU (PREU + proves maduresa)<\/td>\n<td style=\"width: 3.95983%; height: 19px;\">Batxillerat<\/td>\n<td style=\"width: 4.02905%; height: 19px;\">Tots els efectes<\/td>\n<td style=\"width: 15.446%; height: 19px;\">Reial Decret 986\/1991. Annex 1.<\/td>\n<\/tr>\n<tr style=\"height: 32px;\">\n<td style=\"width: 40.8221%; height: 32px;\">BUP (Llei 14\/1970). Qualsevol t\u00edtol de Batxiller superior (general, laboral o t\u00e8cnic)<\/td>\n<td style=\"width: 3.95983%; height: 32px;\">Batxillerat<\/td>\n<td style=\"width: 4.02905%; height: 32px;\">Efectes laborals<\/td>\n<td style=\"width: 15.446%; height: 32px;\">Llei Org\u00e0nica 2\/2006 d\u2019Educaci\u00f3. Disposici\u00f3 addicional 31.2<\/td>\n<\/tr>\n<tr style=\"height: 32px;\">\n<td style=\"width: 40.8221%; height: 32px;\">Prova d\u2019Acc\u00e9s a cicles formatius de grau superior, sempre que s\u2019acrediti el t\u00edtol de Graduat ESO o equival\u00e8ncies acad\u00e8miques<\/td>\n<td style=\"width: 3.95983%; height: 32px;\">Batxillerat<\/td>\n<td style=\"width: 4.02905%; height: 32px;\">Efectes laborals<\/td>\n<td style=\"width: 15.446%; height: 32px;\">Ordre EDU\/1603\/2009. Article 4.1<\/td>\n<\/tr>\n<tr style=\"height: 32px;\">\n<td style=\"width: 40.8221%; height: 32px;\">Proves d\u2019acc\u00e9s als ensenyaments art\u00edstics superiors i algun dels requisits seg\u00fcents: 1) Estar en possessi\u00f3 del t\u00edtol de graduat ESO o equival\u00e8ncies acad\u00e8miques. 2) Haver superat almenys 15 cr\u00e8dits ECTS dels ensenyaments art\u00edstics superiors.<\/td>\n<td style=\"width: 3.95983%; height: 32px;\">Batxillerat<\/td>\n<td style=\"width: 4.02905%; height: 32px;\">Efectes laborals<\/td>\n<td style=\"width: 15.446%; height: 32px;\">Ordre EDU\/1603\/2009. Article 4.2<\/td>\n<\/tr>\n<tr style=\"height: 25px;\">\n<td style=\"width: 40.8221%; height: 25px;\">Prova d\u2019acc\u00e9s a la universitat per a majors de 25 anys i algun dels requisits seg\u00fcents: 1)\u00a0T\u00edtol de graduat ESO o equivalent laboral. 2)\u00a0Haver superat almenys 15 cr\u00e8dits ECTS dels estudis universitaris.<\/td>\n<td style=\"width: 3.95983%; height: 25px;\">Batxillerat<\/td>\n<td style=\"width: 4.02905%; height: 25px;\">Efectes laborals<\/td>\n<td style=\"width: 15.446%; height: 25px;\">Ordre EDU\/1603\/2009. Article 4.3<\/td>\n<\/tr>\n<\/tbody>\n<\/table>\n","protected":false},"excerpt":{"rendered":"<p>EQUIVAL\u00c8NCIES EN L&#8217;ESO<\/p>\n<p>T\u00edtol acreditable<br \/>\nT\u00edtol equivalent<br \/>\nEfectes de l&#8217;equival\u00e8ncia<br \/>\nNormativa reguladora<\/p>\n<p>Graduat escolar<br \/>\nGraduat ESO<br \/>\nEfectes laborals<br \/>\nLlei Org\u00e0nica 2\/2006 d\u2019Educaci\u00f3. Disposici\u00f3 addicional 31.1<\/p>\n<p>T\u00e8cnic auxiliar<br \/>\nGraduat ESO<br \/>\nTots els efectes<br \/>\nLlei Org\u00e0nica 2\/2006 d\u2019Educaci\u00f3. Disposici\u00f3 addicional 31.3<\/p>\n<p>Segon de BUP<br \/>\nGraduat ESO<br \/>\nTots els efectes<br \/>\nReial Decret 986\/1991. Annex 1<\/p>\n<p>1r i 2n BUP amb un m\u00e0xim de 2 mat\u00e8ries&hellip;  <a href=\"https:\/\/agora.xtec.cat\/cfa-espiteus\/secretaria\/resum-dequivalencies-entre-titols-del-sistema-educatiu\/\" title=\"Read Equival\u00e8ncies t\u00edtols\">Llegeix m\u00e9s\u00bb<\/a><\/p>\n","protected":false},"author":1,"featured_media":0,"parent":3686,"menu_order":4,"comment_status":"closed","ping_status":"closed","template":"page-templates\/side-menu.php","meta":{"_bbp_topic_count":0,"_bbp_reply_count":0,"_bbp_total_topic_count":0,"_bbp_total_reply_count":0,"_bbp_voice_count":0,"_bbp_anonymous_reply_count":0,"_bbp_topic_count_hidden":0,"_bbp_reply_count_hidden":0,"_bbp_forum_subforum_count":0,"footnotes":""},"class_list":["post-3783","page","type-page","status-publish","hentry"],"post_mailing_queue_ids":[],"_links":{"self":[{"href":"https:\/\/agora.xtec.cat\/cfa-espiteus\/wp-json\/wp\/v2\/pages\/3783","targetHints":{"allow":["GET"]}}],"collection":[{"href":"https:\/\/agora.xtec.cat\/cfa-espiteus\/wp-json\/wp\/v2\/pages"}],"about":[{"href":"https:\/\/agora.xtec.cat\/cfa-espiteus\/wp-json\/wp\/v2\/types\/page"}],"author":[{"embeddable":true,"href":"https:\/\/agora.xtec.cat\/cfa-espiteus\/wp-json\/wp\/v2\/users\/1"}],"replies":[{"embeddable":true,"href":"https:\/\/agora.xtec.cat\/cfa-espiteus\/wp-json\/wp\/v2\/comments?post=3783"}],"version-history":[{"count":7,"href":"https:\/\/agora.xtec.cat\/cfa-espiteus\/wp-json\/wp\/v2\/pages\/3783\/revisions"}],"predecessor-version":[{"id":3794,"href":"https:\/\/agora.xtec.cat\/cfa-espiteus\/wp-json\/wp\/v2\/pages\/3783\/revisions\/3794"}],"up":[{"embeddable":true,"href":"https:\/\/agora.xtec.cat\/cfa-espiteus\/wp-json\/wp\/v2\/pages\/3686"}],"wp:attachment":[{"href":"https:\/\/agora.xtec.cat\/cfa-espiteus\/wp-json\/wp\/v2\/media?parent=3783"}],"curies":[{"name":"wp","href":"https:\/\/api.w.org\/{rel}","templated":true}]}}