{"id":3683,"date":"2025-01-09T10:34:41","date_gmt":"2025-01-09T09:34:41","guid":{"rendered":"https:\/\/agora.xtec.cat\/cfa-espiteus\/?page_id=3683"},"modified":"2025-07-04T12:00:52","modified_gmt":"2025-07-04T10:00:52","slug":"preinscripcio-al-cfa-es-piteus-24-25","status":"publish","type":"page","link":"https:\/\/agora.xtec.cat\/cfa-espiteus\/secretaria\/preinscripcio\/preinscripcio-al-cfa-es-piteus-24-25\/","title":{"rendered":"Preinscripci\u00f3 i matr\u00edcula. Curs 25-26"},"content":{"rendered":"<p>Clica sobre les imatges per veure la informaci\u00f3 amb m\u00e9s detall: <a href=\"https:\/\/agora.xtec.cat\/cfa-espiteus\/wp-content\/uploads\/usu71\/2023\/03\/cursor-dit.jpg\"><img loading=\"lazy\" decoding=\"async\" class=\"wp-image-3519 alignleft\" src=\"https:\/\/agora.xtec.cat\/cfa-espiteus\/wp-content\/uploads\/usu71\/2023\/03\/cursor-dit-300x300.jpg\" alt=\"\" width=\"60\" height=\"60\" srcset=\"https:\/\/agora.xtec.cat\/cfa-espiteus\/wp-content\/uploads\/usu71\/2023\/03\/cursor-dit-300x300.jpg 300w, https:\/\/agora.xtec.cat\/cfa-espiteus\/wp-content\/uploads\/usu71\/2023\/03\/cursor-dit-150x150.jpg 150w, https:\/\/agora.xtec.cat\/cfa-espiteus\/wp-content\/uploads\/usu71\/2023\/03\/cursor-dit-768x768.jpg 768w, https:\/\/agora.xtec.cat\/cfa-espiteus\/wp-content\/uploads\/usu71\/2023\/03\/cursor-dit.jpg 980w\" sizes=\"auto, (max-width: 60px) 100vw, 60px\" \/><\/a><\/p>\n<table style=\"border-collapse: collapse; width: 63.5968%;\">\n<tbody>\n<tr>\n<td style=\"width: 284.328px;\"><a href=\"https:\/\/agora.xtec.cat\/cfa-espiteus\/wp-content\/uploads\/usu71\/2025\/07\/1.jpg\"><img loading=\"lazy\" decoding=\"async\" class=\"aligncenter size-medium wp-image-4164\" src=\"https:\/\/agora.xtec.cat\/cfa-espiteus\/wp-content\/uploads\/usu71\/2025\/07\/1-212x300.jpg\" alt=\"\" width=\"212\" height=\"300\" srcset=\"https:\/\/agora.xtec.cat\/cfa-espiteus\/wp-content\/uploads\/usu71\/2025\/07\/1-212x300.jpg 212w, https:\/\/agora.xtec.cat\/cfa-espiteus\/wp-content\/uploads\/usu71\/2025\/07\/1-724x1024.jpg 724w, https:\/\/agora.xtec.cat\/cfa-espiteus\/wp-content\/uploads\/usu71\/2025\/07\/1-768x1086.jpg 768w, https:\/\/agora.xtec.cat\/cfa-espiteus\/wp-content\/uploads\/usu71\/2025\/07\/1-1086x1536.jpg 1086w, https:\/\/agora.xtec.cat\/cfa-espiteus\/wp-content\/uploads\/usu71\/2025\/07\/1.jpg 1414w\" sizes=\"auto, (max-width: 212px) 100vw, 212px\" \/><\/a><\/td>\n<td style=\"width: 308.297px;\"><a href=\"https:\/\/agora.xtec.cat\/cfa-espiteus\/wp-content\/uploads\/usu71\/2025\/07\/2.jpg\"><img loading=\"lazy\" decoding=\"async\" class=\"aligncenter size-medium wp-image-4165\" src=\"https:\/\/agora.xtec.cat\/cfa-espiteus\/wp-content\/uploads\/usu71\/2025\/07\/2-212x300.jpg\" alt=\"\" width=\"212\" height=\"300\" srcset=\"https:\/\/agora.xtec.cat\/cfa-espiteus\/wp-content\/uploads\/usu71\/2025\/07\/2-212x300.jpg 212w, https:\/\/agora.xtec.cat\/cfa-espiteus\/wp-content\/uploads\/usu71\/2025\/07\/2-724x1024.jpg 724w, https:\/\/agora.xtec.cat\/cfa-espiteus\/wp-content\/uploads\/usu71\/2025\/07\/2-768x1086.jpg 768w, https:\/\/agora.xtec.cat\/cfa-espiteus\/wp-content\/uploads\/usu71\/2025\/07\/2-1086x1536.jpg 1086w, https:\/\/agora.xtec.cat\/cfa-espiteus\/wp-content\/uploads\/usu71\/2025\/07\/2.jpg 1414w\" sizes=\"auto, (max-width: 212px) 100vw, 212px\" \/><\/a><\/td>\n<td style=\"width: 283.359px;\"><a href=\"https:\/\/agora.xtec.cat\/cfa-espiteus\/wp-content\/uploads\/usu71\/2025\/07\/3.jpg\"><img loading=\"lazy\" decoding=\"async\" class=\"aligncenter size-medium wp-image-4166\" src=\"https:\/\/agora.xtec.cat\/cfa-espiteus\/wp-content\/uploads\/usu71\/2025\/07\/3-212x300.jpg\" alt=\"\" width=\"212\" height=\"300\" srcset=\"https:\/\/agora.xtec.cat\/cfa-espiteus\/wp-content\/uploads\/usu71\/2025\/07\/3-212x300.jpg 212w, https:\/\/agora.xtec.cat\/cfa-espiteus\/wp-content\/uploads\/usu71\/2025\/07\/3-724x1024.jpg 724w, https:\/\/agora.xtec.cat\/cfa-espiteus\/wp-content\/uploads\/usu71\/2025\/07\/3-768x1086.jpg 768w, https:\/\/agora.xtec.cat\/cfa-espiteus\/wp-content\/uploads\/usu71\/2025\/07\/3-1086x1536.jpg 1086w, https:\/\/agora.xtec.cat\/cfa-espiteus\/wp-content\/uploads\/usu71\/2025\/07\/3.jpg 1414w\" sizes=\"auto, (max-width: 212px) 100vw, 212px\" \/><\/a><\/td>\n<\/tr>\n<\/tbody>\n<\/table>\n<p style=\"text-align: left;\">\u00a0 \u00a0 \u00a0<a href=\"https:\/\/agora.xtec.cat\/cfa-espiteus\/wp-content\/uploads\/usu71\/2023\/03\/2-1.jpg\">\u00a0 \u00a0\u00a0<\/a><\/p>\n<p style=\"text-align: center;\"><iframe loading=\"lazy\" title=\"YouTube video player\" src=\"\/\/www.youtube.com\/embed\/aoBU3nHpA1c\" width=\"560\" height=\"315\" frameborder=\"0\" allowfullscreen=\"allowfullscreen\" data-mce-fragment=\"1\"><\/iframe><\/p>\n<p style=\"text-align: center;\"><a href=\"https:\/\/triaeducativa.gencat.cat\/ca\/al-llarg-vida\/index.html\" target=\"_blank\" rel=\"noopener\">https:\/\/triaeducativa.gencat.cat\/ca\/al-llarg-vida\/index.html<\/a><\/p>\n","protected":false},"excerpt":{"rendered":"<p>Clica sobre les imatges per veure la informaci\u00f3 amb m\u00e9s detall: <a href=\"https:\/\/agora.xtec.cat\/cfa-espiteus\/wp-content\/uploads\/usu71\/2023\/03\/cursor-dit.jpg\"><\/a><\/p>\n<p><a href=\"https:\/\/agora.xtec.cat\/cfa-espiteus\/wp-content\/uploads\/usu71\/2025\/07\/1.jpg\"><\/a><br \/>\n<a href=\"https:\/\/agora.xtec.cat\/cfa-espiteus\/wp-content\/uploads\/usu71\/2025\/07\/2.jpg\"><\/a><br \/>\n<a href=\"https:\/\/agora.xtec.cat\/cfa-espiteus\/wp-content\/uploads\/usu71\/2025\/07\/3.jpg\"><\/a><\/p>\n<p>\u00a0 \u00a0 \u00a0<a href=\"https:\/\/agora.xtec.cat\/cfa-espiteus\/wp-content\/uploads\/usu71\/2023\/03\/2-1.jpg\">\u00a0 \u00a0\u00a0<\/a><\/p>\n<p><a href=\"https:\/\/triaeducativa.gencat.cat\/ca\/al-llarg-vida\/index.html\" target=\"_blank\" rel=\"noopener\">https:\/\/triaeducativa.gencat.cat\/ca\/al-llarg-vida\/index.html<\/a><\/p>\n","protected":false},"author":1,"featured_media":0,"parent":63,"menu_order":3,"comment_status":"closed","ping_status":"closed","template":"page-templates\/side-menu.php","meta":{"_bbp_topic_count":0,"_bbp_reply_count":0,"_bbp_total_topic_count":0,"_bbp_total_reply_count":0,"_bbp_voice_count":0,"_bbp_anonymous_reply_count":0,"_bbp_topic_count_hidden":0,"_bbp_reply_count_hidden":0,"_bbp_forum_subforum_count":0,"footnotes":""},"class_list":["post-3683","page","type-page","status-publish","hentry"],"post_mailing_queue_ids":[],"_links":{"self":[{"href":"https:\/\/agora.xtec.cat\/cfa-espiteus\/wp-json\/wp\/v2\/pages\/3683","targetHints":{"allow":["GET"]}}],"collection":[{"href":"https:\/\/agora.xtec.cat\/cfa-espiteus\/wp-json\/wp\/v2\/pages"}],"about":[{"href":"https:\/\/agora.xtec.cat\/cfa-espiteus\/wp-json\/wp\/v2\/types\/page"}],"author":[{"embeddable":true,"href":"https:\/\/agora.xtec.cat\/cfa-espiteus\/wp-json\/wp\/v2\/users\/1"}],"replies":[{"embeddable":true,"href":"https:\/\/agora.xtec.cat\/cfa-espiteus\/wp-json\/wp\/v2\/comments?post=3683"}],"version-history":[{"count":4,"href":"https:\/\/agora.xtec.cat\/cfa-espiteus\/wp-json\/wp\/v2\/pages\/3683\/revisions"}],"predecessor-version":[{"id":4167,"href":"https:\/\/agora.xtec.cat\/cfa-espiteus\/wp-json\/wp\/v2\/pages\/3683\/revisions\/4167"}],"up":[{"embeddable":true,"href":"https:\/\/agora.xtec.cat\/cfa-espiteus\/wp-json\/wp\/v2\/pages\/63"}],"wp:attachment":[{"href":"https:\/\/agora.xtec.cat\/cfa-espiteus\/wp-json\/wp\/v2\/media?parent=3683"}],"curies":[{"name":"wp","href":"https:\/\/api.w.org\/{rel}","templated":true}]}}