{"id":316,"date":"2015-01-28T11:33:51","date_gmt":"2015-01-28T10:33:51","guid":{"rendered":"http:\/\/pwc-int.educacio.intranet\/agora\/mastercfa\/?page_id=316"},"modified":"2025-06-12T17:49:41","modified_gmt":"2025-06-12T15:49:41","slug":"competencia-digital-competic","status":"publish","type":"page","link":"https:\/\/agora.xtec.cat\/cfa-espiteus\/ensenyaments\/ensenyaments-transprofessionals\/competencia-digital-competic\/","title":{"rendered":"Compet\u00e8ncia digital COMPETIC"},"content":{"rendered":"<p><strong>HORARIS DEL CURS 2025-2026<\/strong><\/p>\n<ul>\n<li style=\"list-style-type: none;\">\n<ul>\n<li style=\"list-style-type: none;\">\n<ul>\n<li><span style=\"color: #000080;\"><strong>COMPETIC 1 (mat\u00ed): <span style=\"color: #ff0000;\">dimarts 10:30 &#8211; 12:30h i divendres 11:30 &#8211; 12:30h.<\/span><\/strong><\/span><\/li>\n<li><strong><span style=\"color: #333399;\"><span style=\"color: #000080;\">COMPETIC 1 (tarda):<\/span> <span style=\"color: #ff0000;\">dilluns 17:00 &#8211; 19:00h i dimecres 17:00 &#8211; 18:00h.<\/span><\/span><\/strong><\/li>\n<li><strong><span style=\"color: #333399;\"><span style=\"color: #000080;\">COMPETIC 2 (mat\u00ed):<\/span> <span style=\"color: #ff0000;\">dimecres 11:30 &#8211; 13:30h (+ 2h no presencials).<\/span><\/span><\/strong><\/li>\n<li><strong><span style=\"color: #333399;\"><span style=\"color: #000080;\">COMPETIC 2 (tarda):<\/span> <span style=\"color: #ff0000;\">dimarts i dijous 17:00 &#8211; 19:00h.<\/span><\/span><\/strong><\/li>\n<li><strong><span style=\"color: #333399;\"><span style=\"color: #000080;\">COMPETIC 3:<\/span> <span style=\"color: #ff0000;\">dimecres 19:00 &#8211; 21:00h\u00a0 (+ 1h no presencial).<\/span><\/span><\/strong><\/li>\n<\/ul>\n<\/li>\n<\/ul>\n<\/li>\n<\/ul>\n<p>Els ensenyaments d&#8217;inform\u00e0tica tenen com objectiu facilitar l&#8217;adquisici\u00f3 de la compet\u00e8ncia digital, entesa com la combinaci\u00f3 de coneixements, habilitats i actituds en l&#8217;\u00e0mbit de les tecnologies de la informaci\u00f3 i la comunicaci\u00f3 (TIC) per desenvolupar-se en la societat actual. S&#8217;imparteixen en quatre nivells: COMPETIC Inicial, 1, 2 i 3.<\/p>\n<p>Al CFA Es Piteus impartim els cursos de <strong>COMPETIC 1, COMPETIC 2 i COMPETIC 3.<\/strong><\/p>\n<p style=\"text-align: center;\"><strong>\u00a0 \u00a0 \u00a0 \u00a0 \u00a0 \u00a0 \u00a0 \u00a0 \u00a0 \u00a0 \u00a0 \u00a0 \u00a0\u00a0<\/strong><\/p>\n<p>&nbsp;<\/p>\n<h4><span style=\"color: #333399;\"><strong>Inform\u00e0tica COMPETIC 1\u00a0<\/strong><\/span><span style=\"color: #000000;\"><strong>(Certificat d\u2019equival\u00e8ncia ACTIC B\u00e0sic)<\/strong><\/span><\/h4>\n<p>Recull les tres compet\u00e8ncies del nivell b\u00e0sic de l&#8217;acreditaci\u00f3 de compet\u00e8ncies en tecnologies de la informaci\u00f3 i la comunicaci\u00f3 (ACTIC b\u00e0sic). No recollides a la formaci\u00f3 COMPETIC INICIAL:<\/p>\n<ul>\n<li style=\"list-style-type: none;\">\n<ul>\n<li style=\"list-style-type: none;\">\n<ul>\n<li>Cultura, participaci\u00f3 i civisme digital.<\/li>\n<li>Tractament de la informaci\u00f3 gr\u00e0fica, sonora i de la imatge en moviment<\/li>\n<li>Tractament de la informaci\u00f3 num\u00e8rica.<\/li>\n<\/ul>\n<\/li>\n<\/ul>\n<\/li>\n<\/ul>\n<p><a href=\"https:\/\/triaeducativa.gencat.cat\/ca\/estudis\/?competic-1&amp;p_id=4791\" target=\"_blank\" rel=\"noopener noreferrer\">M\u00c9S INFORMACI\u00d3<\/a><\/p>\n<h4><\/h4>\n<h4><span style=\"color: #333399;\"><strong style=\"font-family: inherit; font-size: 1em;\">Inform\u00e0tica COMPETIC 2\u00a0<\/strong><\/span><span style=\"color: #000000;\"><strong>(Certificat d&#8217;equival\u00e8ncia ACTIC Mitj\u00e0)<\/strong><\/span><\/h4>\n<p>Recull les vuit compet\u00e8ncies del nivell mitj\u00e0 de l&#8217;acreditaci\u00f3 de compet\u00e8ncies en tecnologies de la informaci\u00f3 i la comunicaci\u00f3 (ACTIC mitj\u00e0):<\/p>\n<ul>\n<li style=\"list-style-type: none;\">\n<ul>\n<li style=\"list-style-type: none;\">\n<ul>\n<li>Cultura, participaci\u00f3 i civisme digital.<\/li>\n<li>Tecnologia digital, \u00fas de l&#8217;ordinador i del sistema operatiu.<\/li>\n<li>Navegaci\u00f3 i comunicaci\u00f3 en el m\u00f3n digital.<\/li>\n<li>Tractament de la informaci\u00f3 escrita.<\/li>\n<li>Tractament de la informaci\u00f3 gr\u00e0fica, sonora i de la imatge en moviment.<\/li>\n<li>Tractament de la informaci\u00f3 num\u00e8rica.<\/li>\n<li>Tractament de les dades.<\/li>\n<li>Presentaci\u00f3 de continguts.<\/li>\n<\/ul>\n<\/li>\n<\/ul>\n<\/li>\n<\/ul>\n<p><a href=\"https:\/\/triaeducativa.gencat.cat\/ca\/estudis\/?competic-2&amp;p_id=4811\" target=\"_blank\" rel=\"noopener noreferrer\">M\u00c9S INFORMACI\u00d3<\/a><\/p>\n<h4><\/h4>\n<h4><span style=\"color: #333399;\"><strong style=\"font-family: inherit; font-size: 1em;\">Inform\u00e0tica COMPETIC 3\u00a0<\/strong><\/span><span style=\"color: #000000;\"><strong>(Certificat d&#8217;equival\u00e8ncia ACTIC Avan\u00e7at)<\/strong><\/span><\/h4>\n<p>Recull les cinc compet\u00e8ncies del nivell avan\u00e7at de l&#8217;acreditaci\u00f3 de compet\u00e8ncies en tecnologies de la informaci\u00f3 i la comunicaci\u00f3 (ACTIC avan\u00e7at)<\/p>\n<ul>\n<li style=\"list-style-type: none;\">\n<ul>\n<li style=\"list-style-type: none;\">\n<ul>\n<li><span style=\"color: #ff0000;\"><strong>Tractament de la informaci\u00f3 num\u00e8rica<\/strong><\/span><\/li>\n<li><span style=\"color: #ff0000;\"><strong>Tractament de les dades<\/strong><\/span><\/li>\n<li><span style=\"color: #000000;\">Tractament de la informaci\u00f3 escrita<\/span><\/li>\n<li><strong><span style=\"color: #ff0000;\">Tractament de la informaci\u00f3 gr\u00e0fica, sonora i de la imatge en moviment.<\/span><\/strong><\/li>\n<li><span style=\"color: #000000;\">Presentaci\u00f3 de continguts<\/span><\/li>\n<\/ul>\n<\/li>\n<\/ul>\n<\/li>\n<\/ul>\n<p>Aquest curs treballarem les compet\u00e8ncies marcades en color vermell, <strong>i nom\u00e9s caldr\u00e0 aprovar-ne un m\u00ednim de dues per obtenir el certificat.<\/strong><\/p>\n<p><a href=\"https:\/\/triaeducativa.gencat.cat\/ca\/estudis\/?competic-3&amp;p_id=4812\" target=\"_blank\" rel=\"noopener noreferrer\">M\u00c9S INFORMACI\u00d3<\/a><\/p>\n","protected":false},"excerpt":{"rendered":"<p>HORARIS DEL CURS 2025-2026<\/p>\n<ul>\n<li style=\"list-style-type: none;\">\n<ul>\n<li style=\"list-style-type: none;\">\n<ul>\n<li>COMPETIC 1 (mat\u00ed): dimarts 10:30 &#8211; 12:30h i divendres 11:30 &#8211; 12:30h.<\/li>\n<li>COMPETIC 1 (tarda): dilluns 17:00 &#8211; 19:00h i dimecres 17:00 &#8211; 18:00h.<\/li>\n<li>COMPETIC 2 (mat\u00ed): dimecres 11:30 &#8211; 13:30h (+ 2h no presencials).<\/li>\n<li>COMPETIC 2 (tarda): dimarts i dijous&hellip;  <a href=\"https:\/\/agora.xtec.cat\/cfa-espiteus\/ensenyaments\/ensenyaments-transprofessionals\/competencia-digital-competic\/\" title=\"Read Compet\u00e8ncia digital COMPETIC\">Llegeix m\u00e9s\u00bb<\/a><br \/>\n","protected":false},"author":2,"featured_media":0,"parent":286,"menu_order":3,"comment_status":"closed","ping_status":"closed","template":"page-templates\/side-menu.php","meta":{"_bbp_topic_count":0,"_bbp_reply_count":0,"_bbp_total_topic_count":0,"_bbp_total_reply_count":0,"_bbp_voice_count":0,"_bbp_anonymous_reply_count":0,"_bbp_topic_count_hidden":0,"_bbp_reply_count_hidden":0,"_bbp_forum_subforum_count":0,"footnotes":""},"class_list":["post-316","page","type-page","status-publish","hentry"],"post_mailing_queue_ids":[],"_links":{"self":[{"href":"https:\/\/agora.xtec.cat\/cfa-espiteus\/wp-json\/wp\/v2\/pages\/316","targetHints":{"allow":["GET"]}}],"collection":[{"href":"https:\/\/agora.xtec.cat\/cfa-espiteus\/wp-json\/wp\/v2\/pages"}],"about":[{"href":"https:\/\/agora.xtec.cat\/cfa-espiteus\/wp-json\/wp\/v2\/types\/page"}],"author":[{"embeddable":true,"href":"https:\/\/agora.xtec.cat\/cfa-espiteus\/wp-json\/wp\/v2\/users\/2"}],"replies":[{"embeddable":true,"href":"https:\/\/agora.xtec.cat\/cfa-espiteus\/wp-json\/wp\/v2\/comments?post=316"}],"version-history":[{"count":8,"href":"https:\/\/agora.xtec.cat\/cfa-espiteus\/wp-json\/wp\/v2\/pages\/316\/revisions"}],"predecessor-version":[{"id":4139,"href":"https:\/\/agora.xtec.cat\/cfa-espiteus\/wp-json\/wp\/v2\/pages\/316\/revisions\/4139"}],"up":[{"embeddable":true,"href":"https:\/\/agora.xtec.cat\/cfa-espiteus\/wp-json\/wp\/v2\/pages\/286"}],"wp:attachment":[{"href":"https:\/\/agora.xtec.cat\/cfa-espiteus\/wp-json\/wp\/v2\/media?parent=316"}],"curies":[{"name":"wp","href":"https:\/\/api.w.org\/{rel}","templated":true}]}}