{"id":312,"date":"2015-01-28T11:32:38","date_gmt":"2015-01-28T10:32:38","guid":{"rendered":"http:\/\/pwc-int.educacio.intranet\/agora\/mastercfa\/?page_id=312"},"modified":"2025-05-20T12:16:09","modified_gmt":"2025-05-20T10:16:09","slug":"llengua-anglesa","status":"publish","type":"page","link":"https:\/\/agora.xtec.cat\/cfa-espiteus\/ensenyaments\/ensenyaments-transprofessionals\/llengua-anglesa\/","title":{"rendered":"Llengua anglesa"},"content":{"rendered":"<p><strong>HORARIS DEL CURS 2025-2026<\/strong><\/p>\n<ul>\n<li><strong><span style=\"color: #000080;\">Llengua anglesa 1<\/span><\/strong>\n<ul>\n<li><strong>Torn de mat\u00ed: <span style=\"color: #ff0000;\">dimecres 11:30 &#8211; 13:30h i divendres 11:30 &#8211; 12:30h.<\/span><\/strong><\/li>\n<li><strong>Torn de tarda: <span style=\"color: #ff0000;\">dilluns 17:00 &#8211; 19:00h i dimecres 18:00 &#8211; 19:00h.<\/span><\/strong><\/li>\n<\/ul>\n<\/li>\n<li><strong><span style=\"color: #000080;\">Llengua anglesa 2<\/span><\/strong>\n<ul>\n<li><strong>Torn de mat\u00ed: <span style=\"color: #ff0000;\">dimarts i dijous 9:30 &#8211; 11:30h.<\/span><\/strong><\/li>\n<li><strong>Torn de tarda: <span style=\"color: #ff0000;\">dilluns i dimecres 19:00 &#8211; 21:00h.<\/span><\/strong><\/li>\n<\/ul>\n<\/li>\n<li><span style=\"color: #000080;\"><strong>Llengua anglesa 3:<\/strong><\/span>\n<ul>\n<li><strong>Torn de mat\u00ed: <span style=\"color: #ff0000;\">dimarts i dijous 11:30 -13:30h.<\/span><\/strong><\/li>\n<li><strong>Torn de tarda: <span style=\"color: #ff0000;\">dilluns i dijous 17:00 -19:00h.<\/span><\/strong><\/li>\n<\/ul>\n<\/li>\n<\/ul>\n<p>Aquests estudis tenen com a objectiu que les persones adultes assoleixin un grau de compet\u00e8ncia b\u00e0sic per a comunicar-se en llengua anglesa i s&#8217;imparteixen en tres nivells: llengua anglesa nivell 1, 2 i 3, que corresponen als nivells A1, A2.1 i A2.2 del MECR (Marc europeu com\u00fa de refer\u00e8ncia per a les lleng\u00fces).<\/p>\n<p><a href=\"https:\/\/triaeducativa.gencat.cat\/ca\/estudis\/?llengua-anglesa&amp;p_id=2350\" target=\"_blank\" rel=\"noopener noreferrer\">M\u00c9S INFORMACI\u00d3<\/a><\/p>\n","protected":false},"excerpt":{"rendered":"<p>HORARIS DEL CURS 2025-2026<\/p>\n<ul>\n<li>Llengua anglesa 1\n<ul>\n<li>Torn de mat\u00ed: dimecres 11:30 &#8211; 13:30h i divendres 11:30 &#8211; 12:30h.<\/li>\n<li>Torn de tarda: dilluns 17:00 &#8211; 19:00h i dimecres 18:00 &#8211; 19:00h.<\/li>\n<\/ul>\n<\/li>\n<li>Llengua anglesa 2\n<ul>\n<li>Torn de mat\u00ed: dimarts i dijous 9:30 &#8211; 11:30h.<\/li>\n<li>Torn de tarda: dilluns i dimecres 19:00 &#8211;&hellip;  <a href=\"https:\/\/agora.xtec.cat\/cfa-espiteus\/ensenyaments\/ensenyaments-transprofessionals\/llengua-anglesa\/\" title=\"Read Llengua anglesa\">Llegeix m\u00e9s\u00bb<\/a><br \/>\n","protected":false},"author":2,"featured_media":0,"parent":286,"menu_order":1,"comment_status":"closed","ping_status":"closed","template":"page-templates\/side-menu.php","meta":{"_bbp_topic_count":0,"_bbp_reply_count":0,"_bbp_total_topic_count":0,"_bbp_total_reply_count":0,"_bbp_voice_count":0,"_bbp_anonymous_reply_count":0,"_bbp_topic_count_hidden":0,"_bbp_reply_count_hidden":0,"_bbp_forum_subforum_count":0,"footnotes":""},"class_list":["post-312","page","type-page","status-publish","hentry"],"post_mailing_queue_ids":[],"_links":{"self":[{"href":"https:\/\/agora.xtec.cat\/cfa-espiteus\/wp-json\/wp\/v2\/pages\/312","targetHints":{"allow":["GET"]}}],"collection":[{"href":"https:\/\/agora.xtec.cat\/cfa-espiteus\/wp-json\/wp\/v2\/pages"}],"about":[{"href":"https:\/\/agora.xtec.cat\/cfa-espiteus\/wp-json\/wp\/v2\/types\/page"}],"author":[{"embeddable":true,"href":"https:\/\/agora.xtec.cat\/cfa-espiteus\/wp-json\/wp\/v2\/users\/2"}],"replies":[{"embeddable":true,"href":"https:\/\/agora.xtec.cat\/cfa-espiteus\/wp-json\/wp\/v2\/comments?post=312"}],"version-history":[{"count":7,"href":"https:\/\/agora.xtec.cat\/cfa-espiteus\/wp-json\/wp\/v2\/pages\/312\/revisions"}],"predecessor-version":[{"id":4127,"href":"https:\/\/agora.xtec.cat\/cfa-espiteus\/wp-json\/wp\/v2\/pages\/312\/revisions\/4127"}],"up":[{"embeddable":true,"href":"https:\/\/agora.xtec.cat\/cfa-espiteus\/wp-json\/wp\/v2\/pages\/286"}],"wp:attachment":[{"href":"https:\/\/agora.xtec.cat\/cfa-espiteus\/wp-json\/wp\/v2\/media?parent=312"}],"curies":[{"name":"wp","href":"https:\/\/api.w.org\/{rel}","templated":true}]}}