{"id":288,"date":"2015-01-28T11:08:02","date_gmt":"2015-01-28T10:08:02","guid":{"rendered":"http:\/\/pwc-int.educacio.intranet\/agora\/mastercfa\/?page_id=288"},"modified":"2025-05-20T12:14:37","modified_gmt":"2025-05-20T10:14:37","slug":"ensenyaments-per-a-la-preparacio-de-proves-dacces","status":"publish","type":"page","link":"https:\/\/agora.xtec.cat\/cfa-espiteus\/ensenyaments\/ensenyaments-per-a-la-preparacio-de-proves-dacces\/","title":{"rendered":"Acc\u00e9s a cicles formatius i a la universitat per a majors de 25 anys"},"content":{"rendered":"<ul>\n<li><a href=\"https:\/\/agora.xtec.cat\/cfa-espiteus\/ensenyaments\/ensenyaments-per-a-la-preparacio-de-proves-dacces\/curs-especific-dacces-als-cicles-de-grau-mitja-cam\/\">Curs espec\u00edfic d&#8217;acc\u00e9s a cicles formatius de grau mitj\u00e0 (CAM)<\/a><\/li>\n<li><a href=\"https:\/\/agora.xtec.cat\/cfa-espiteus\/ensenyaments\/ensenyaments-per-a-la-preparacio-de-proves-dacces\/curs-especific-dacces-als-cicles-de-grau-superior-cas\/\">Curs espec\u00edfic d&#8217;acc\u00e9s a cicles formatius de grau superior (CAS)<\/a><\/li>\n<li><a href=\"http:\/\/agora.xtec.cat\/cfa-espiteus\/ensenyaments\/ensenyaments-per-a-la-preparacio-de-proves-dacces\/a-cicles-formatius-de-grau-superior\/\">A cicles formatius de grau superior<\/a><\/li>\n<li><a href=\"http:\/\/agora.xtec.cat\/cfa-espiteus\/ensenyaments\/ensenyaments-per-a-la-preparacio-de-proves-dacces\/a-la-universitat-per-a-majors-de-25-anys\/\">A la universitat per a m\u00e9s grans de 25\/45 anys<\/a><\/li>\n<\/ul>\n","protected":false},"excerpt":{"rendered":"<ul>\n<li><a href=\"https:\/\/agora.xtec.cat\/cfa-espiteus\/ensenyaments\/ensenyaments-per-a-la-preparacio-de-proves-dacces\/curs-especific-dacces-als-cicles-de-grau-mitja-cam\/\">Curs espec\u00edfic d&#8217;acc\u00e9s a cicles formatius de grau mitj\u00e0 (CAM)<\/a><\/li>\n<li><a href=\"https:\/\/agora.xtec.cat\/cfa-espiteus\/ensenyaments\/ensenyaments-per-a-la-preparacio-de-proves-dacces\/curs-especific-dacces-als-cicles-de-grau-superior-cas\/\">Curs espec\u00edfic d&#8217;acc\u00e9s a cicles formatius de grau superior (CAS)<\/a><\/li>\n<li><a href=\"http:\/\/agora.xtec.cat\/cfa-espiteus\/ensenyaments\/ensenyaments-per-a-la-preparacio-de-proves-dacces\/a-cicles-formatius-de-grau-superior\/\">A cicles formatius de grau superior<\/a><\/li>\n<li><a href=\"http:\/\/agora.xtec.cat\/cfa-espiteus\/ensenyaments\/ensenyaments-per-a-la-preparacio-de-proves-dacces\/a-la-universitat-per-a-majors-de-25-anys\/\">A la universitat per a m\u00e9s grans de 25\/45 anys<\/a><\/li>\n<\/ul>\n","protected":false},"author":2,"featured_media":0,"parent":274,"menu_order":3,"comment_status":"closed","ping_status":"closed","template":"page-templates\/side-menu.php","meta":{"_bbp_topic_count":0,"_bbp_reply_count":0,"_bbp_total_topic_count":0,"_bbp_total_reply_count":0,"_bbp_voice_count":0,"_bbp_anonymous_reply_count":0,"_bbp_topic_count_hidden":0,"_bbp_reply_count_hidden":0,"_bbp_forum_subforum_count":0,"footnotes":""},"class_list":["post-288","page","type-page","status-publish","hentry"],"post_mailing_queue_ids":[],"_links":{"self":[{"href":"https:\/\/agora.xtec.cat\/cfa-espiteus\/wp-json\/wp\/v2\/pages\/288","targetHints":{"allow":["GET"]}}],"collection":[{"href":"https:\/\/agora.xtec.cat\/cfa-espiteus\/wp-json\/wp\/v2\/pages"}],"about":[{"href":"https:\/\/agora.xtec.cat\/cfa-espiteus\/wp-json\/wp\/v2\/types\/page"}],"author":[{"embeddable":true,"href":"https:\/\/agora.xtec.cat\/cfa-espiteus\/wp-json\/wp\/v2\/users\/2"}],"replies":[{"embeddable":true,"href":"https:\/\/agora.xtec.cat\/cfa-espiteus\/wp-json\/wp\/v2\/comments?post=288"}],"version-history":[{"count":6,"href":"https:\/\/agora.xtec.cat\/cfa-espiteus\/wp-json\/wp\/v2\/pages\/288\/revisions"}],"predecessor-version":[{"id":4107,"href":"https:\/\/agora.xtec.cat\/cfa-espiteus\/wp-json\/wp\/v2\/pages\/288\/revisions\/4107"}],"up":[{"embeddable":true,"href":"https:\/\/agora.xtec.cat\/cfa-espiteus\/wp-json\/wp\/v2\/pages\/274"}],"wp:attachment":[{"href":"https:\/\/agora.xtec.cat\/cfa-espiteus\/wp-json\/wp\/v2\/media?parent=288"}],"curies":[{"name":"wp","href":"https:\/\/api.w.org\/{rel}","templated":true}]}}