{"id":274,"date":"2015-01-27T17:56:20","date_gmt":"2015-01-27T16:56:20","guid":{"rendered":"http:\/\/pwc-int.educacio.intranet\/agora\/mastercfa\/?page_id=274"},"modified":"2025-05-20T11:02:02","modified_gmt":"2025-05-20T09:02:02","slug":"ensenyaments","status":"publish","type":"page","link":"https:\/\/agora.xtec.cat\/cfa-espiteus\/ensenyaments\/","title":{"rendered":"Informaci\u00f3 dels ensenyaments"},"content":{"rendered":"<h4>Ensenyaments inicials i formaci\u00f3 b\u00e0sica<\/h4>\n<ul>\n<li><a href=\"http:\/\/agora.xtec.cat\/cfa-espiteus\/ensenyaments\/ensenyaments-inicials-i-formacio-basica\/llengua-catalana\/\">Llengua catalana<\/a><\/li>\n<li><a href=\"http:\/\/agora.xtec.cat\/cfa-espiteus\/ensenyaments\/ensenyaments-inicials-i-formacio-basica\/llengua-castellana\/\">Llengua castellana<\/a><\/li>\n<li><a href=\"http:\/\/agora.xtec.cat\/cfa-espiteus\/ensenyaments\/ensenyaments-inicials-i-formacio-basica\/formacio-instrumental\/\">Cicle de formaci\u00f3 instrumental<\/a><\/li>\n<li><a href=\"http:\/\/agora.xtec.cat\/cfa-espiteus\/ensenyaments\/ensenyaments-inicials-i-formacio-basica\/graduat-en-educacio-secundaria-per-adults\/\">Graduat en educaci\u00f3 secund\u00e0ria per a persones adultes (GESO)<\/a><\/li>\n<\/ul>\n<h4>Ensenyaments transprofessionals<\/h4>\n<ul>\n<li><a href=\"http:\/\/agora.xtec.cat\/cfa-espiteus\/ensenyaments\/ensenyaments-transprofessionals\/llengua-anglesa\/\">Llengua anglesa<\/a><\/li>\n<li><a href=\"http:\/\/agora.xtec.cat\/cfa-espiteus\/ensenyaments\/ensenyaments-transprofessionals\/llengua-francesa\/\">Llengua francesa<\/a><\/li>\n<li><a href=\"http:\/\/agora.xtec.cat\/cfa-espiteus\/ensenyaments\/ensenyaments-transprofessionals\/competencia-digital-competic\/\">Compet\u00e8ncia digital COMPETIC<\/a><\/li>\n<\/ul>\n<h4>Acc\u00e9s a cicles formatius i a la universitat per a majors de 25 anys<\/h4>\n<ul>\n<li><a href=\"https:\/\/agora.xtec.cat\/cfa-espiteus\/ensenyaments\/ensenyaments-per-a-la-preparacio-de-proves-dacces\/curs-especific-dacces-als-cicles-de-grau-mitja-cam\/\">Curs de formaci\u00f3 preparatori per a l\u2019acc\u00e9s a cicles formatius de grau mitj\u00e0 (CAM)<\/a><\/li>\n<li><a href=\"https:\/\/agora.xtec.cat\/cfa-espiteus\/ensenyaments\/ensenyaments-per-a-la-preparacio-de-proves-dacces\/curs-especific-dacces-als-cicles-de-grau-superior-cas\/\">Curs de formaci\u00f3 preparatori per a l&#8217;acc\u00e9s a cicles formatius de grau superior (CAS)<\/a><\/li>\n<li><a style=\"color: #2795b6;\" href=\"http:\/\/agora.xtec.cat\/cfa-espiteus\/ensenyaments\/ensenyaments-per-a-la-preparacio-de-proves-dacces\/a-cicles-formatius-de-grau-superior\/\">Formaci\u00f3 per a les PROVES d\u2019acc\u00e9s a cicles formatius de grau superior<\/a><\/li>\n<li><a href=\"http:\/\/agora.xtec.cat\/cfa-espiteus\/ensenyaments\/ensenyaments-per-a-la-preparacio-de-proves-dacces\/a-la-universitat-per-a-majors-de-25-anys\/\">Preparaci\u00f3 per a la prova d&#8217;acc\u00e9s a la UNIVERSITAT per a MAJORS de 25 anys <\/a><\/li>\n<\/ul>\n","protected":false},"excerpt":{"rendered":"<p>Ensenyaments inicials i formaci\u00f3 b\u00e0sica<\/p>\n<ul>\n<li><a href=\"http:\/\/agora.xtec.cat\/cfa-espiteus\/ensenyaments\/ensenyaments-inicials-i-formacio-basica\/llengua-catalana\/\">Llengua catalana<\/a><\/li>\n<li><a href=\"http:\/\/agora.xtec.cat\/cfa-espiteus\/ensenyaments\/ensenyaments-inicials-i-formacio-basica\/llengua-castellana\/\">Llengua castellana<\/a><\/li>\n<li><a href=\"http:\/\/agora.xtec.cat\/cfa-espiteus\/ensenyaments\/ensenyaments-inicials-i-formacio-basica\/formacio-instrumental\/\">Cicle de formaci\u00f3 instrumental<\/a><\/li>\n<li><a href=\"http:\/\/agora.xtec.cat\/cfa-espiteus\/ensenyaments\/ensenyaments-inicials-i-formacio-basica\/graduat-en-educacio-secundaria-per-adults\/\">Graduat en educaci\u00f3 secund\u00e0ria per a persones adultes (GESO)<\/a><\/li>\n<\/ul>\n<p>Ensenyaments transprofessionals<\/p>\n<ul>\n<li><a href=\"http:\/\/agora.xtec.cat\/cfa-espiteus\/ensenyaments\/ensenyaments-transprofessionals\/llengua-anglesa\/\">Llengua anglesa<\/a><\/li>\n<li><a href=\"http:\/\/agora.xtec.cat\/cfa-espiteus\/ensenyaments\/ensenyaments-transprofessionals\/llengua-francesa\/\">Llengua francesa<\/a><\/li>\n<li><a href=\"http:\/\/agora.xtec.cat\/cfa-espiteus\/ensenyaments\/ensenyaments-transprofessionals\/competencia-digital-competic\/\">Compet\u00e8ncia digital COMPETIC<\/a><\/li>\n<\/ul>\n<p>Acc\u00e9s a cicles formatius i a la universitat per a majors de 25 anys<\/p>\n<ul>\n<li><a href=\"https:\/\/agora.xtec.cat\/cfa-espiteus\/ensenyaments\/ensenyaments-per-a-la-preparacio-de-proves-dacces\/curs-especific-dacces-als-cicles-de-grau-mitja-cam\/\">Curs de&hellip;  <a href=\"https:\/\/agora.xtec.cat\/cfa-espiteus\/ensenyaments\/\" title=\"Read Informaci\u00f3 dels ensenyaments\">Llegeix m\u00e9s\u00bb<\/a><br \/>\n","protected":false},"author":2,"featured_media":0,"parent":0,"menu_order":0,"comment_status":"closed","ping_status":"closed","template":"page-templates\/side-menu.php","meta":{"_bbp_topic_count":0,"_bbp_reply_count":0,"_bbp_total_topic_count":0,"_bbp_total_reply_count":0,"_bbp_voice_count":0,"_bbp_anonymous_reply_count":0,"_bbp_topic_count_hidden":0,"_bbp_reply_count_hidden":0,"_bbp_forum_subforum_count":0,"footnotes":""},"class_list":["post-274","page","type-page","status-publish","hentry"],"post_mailing_queue_ids":[],"_links":{"self":[{"href":"https:\/\/agora.xtec.cat\/cfa-espiteus\/wp-json\/wp\/v2\/pages\/274","targetHints":{"allow":["GET"]}}],"collection":[{"href":"https:\/\/agora.xtec.cat\/cfa-espiteus\/wp-json\/wp\/v2\/pages"}],"about":[{"href":"https:\/\/agora.xtec.cat\/cfa-espiteus\/wp-json\/wp\/v2\/types\/page"}],"author":[{"embeddable":true,"href":"https:\/\/agora.xtec.cat\/cfa-espiteus\/wp-json\/wp\/v2\/users\/2"}],"replies":[{"embeddable":true,"href":"https:\/\/agora.xtec.cat\/cfa-espiteus\/wp-json\/wp\/v2\/comments?post=274"}],"version-history":[{"count":7,"href":"https:\/\/agora.xtec.cat\/cfa-espiteus\/wp-json\/wp\/v2\/pages\/274\/revisions"}],"predecessor-version":[{"id":4124,"href":"https:\/\/agora.xtec.cat\/cfa-espiteus\/wp-json\/wp\/v2\/pages\/274\/revisions\/4124"}],"wp:attachment":[{"href":"https:\/\/agora.xtec.cat\/cfa-espiteus\/wp-json\/wp\/v2\/media?parent=274"}],"curies":[{"name":"wp","href":"https:\/\/api.w.org\/{rel}","templated":true}]}}