{"id":1548,"date":"2016-06-18T18:55:04","date_gmt":"2016-06-18T17:55:04","guid":{"rendered":"http:\/\/agora.xtec.cat\/cfa-espiteus\/?page_id=1548"},"modified":"2018-04-06T13:21:52","modified_gmt":"2018-04-06T11:21:52","slug":"proves-dacces-a-grau-superior","status":"publish","type":"page","link":"https:\/\/agora.xtec.cat\/cfa-espiteus\/recursos\/proves-dacces-a-grau-superior\/","title":{"rendered":"Proves d&#8217;acc\u00e9s a grau superior"},"content":{"rendered":"<p><a href=\"http:\/\/www.xtec.cat\/sgfp\/llicencies\/200809\/memories\/1990\/Bloc1.PDF\" target=\"_blank\" rel=\"noopener noreferrer\">Matem\u00e0tiques del curs de preparaci\u00f3 a la prova d&#8217;acc\u00e9s a grau superior. Bloc 1<\/a><\/p>\n<p><a href=\"http:\/\/agora.xtec.cat\/cfa-espiteus\/wp-content\/uploads\/usu71\/2017\/09\/UNITAT-1-Aritm\u00e8tica.pdf\" target=\"_blank\" rel=\"noopener noreferrer\">UNITAT 1<\/a>\u00a0 \u00a0 \u00a0 \u00a0\u00a0<a href=\"http:\/\/agora.xtec.cat\/cfa-espiteus\/wp-content\/uploads\/usu71\/2017\/09\/UNITAT-2-\u00c0lgebra.pdf\" target=\"_blank\" rel=\"noopener noreferrer\">UNITAT 2<\/a>\u00a0 \u00a0 \u00a0 \u00a0 <a href=\"http:\/\/agora.xtec.cat\/cfa-espiteus\/wp-content\/uploads\/usu71\/2018\/01\/UNITAT-3-Ruffini.pdf\" target=\"_blank\" rel=\"noopener noreferrer\">UNITAT 3<\/a><\/p>\n<p><a href=\"http:\/\/www.xtec.cat\/sgfp\/llicencies\/200809\/memories\/1990\/Bloc2.PDF\" target=\"_blank\" rel=\"noopener noreferrer\">Matem\u00e0tiques del curs de preparaci\u00f3 a la prova d&#8217;acc\u00e9s a grau superior. Bloc 2\u00a0<\/a><\/p>\n<p><a href=\"http:\/\/agora.xtec.cat\/cfa-espiteus\/wp-content\/uploads\/usu71\/2018\/01\/UNITAT-4-Trigonometria.pdf\" target=\"_blank\" rel=\"noopener noreferrer\">UNITAT 4<\/a>\u00a0 \u00a0 \u00a0 \u00a0 <a href=\"http:\/\/agora.xtec.cat\/cfa-espiteus\/wp-content\/uploads\/usu71\/2018\/02\/unitat5.pdf\" target=\"_blank\" rel=\"noopener noreferrer\">UNITAT 5<\/a><\/p>\n<p><a href=\"http:\/\/www.xtec.cat\/sgfp\/llicencies\/200809\/memories\/1990\/Bloc3.PDF\" target=\"_blank\" rel=\"noopener noreferrer\">Matem\u00e0tiques del curs de preparaci\u00f3 a la prova d&#8217;acc\u00e9s a grau superior. Bloc 3<\/a><\/p>\n<p><a href=\"http:\/\/agora.xtec.cat\/cfa-espiteus\/wp-content\/uploads\/usu71\/2018\/02\/unitat6.pdf\" target=\"_blank\" rel=\"noopener noreferrer\">UNITAT 6<\/a><\/p>\n<p><a href=\"http:\/\/www.xtec.cat\/sgfp\/llicencies\/200809\/memories\/1990\/Bloc4.PDF\" target=\"_blank\" rel=\"noopener noreferrer\">Matem\u00e0tiques del curs de preparaci\u00f3 a la prova d&#8217;acc\u00e9s a grau superior. Bloc 4<\/a><\/p>\n<p><a href=\"http:\/\/agora.xtec.cat\/cfa-espiteus\/wp-content\/uploads\/usu71\/2018\/04\/UNITAT-7-Estad\u00edstica.pdf\" target=\"_blank\" rel=\"noopener noreferrer\">UNITAT 7<\/a><\/p>\n","protected":false},"excerpt":{"rendered":"<p><a href=\"http:\/\/www.xtec.cat\/sgfp\/llicencies\/200809\/memories\/1990\/Bloc1.PDF\" target=\"_blank\" rel=\"noopener noreferrer\">Matem\u00e0tiques del curs de preparaci\u00f3 a la prova d&#8217;acc\u00e9s a grau superior. Bloc 1<\/a><br \/>\n<a href=\"http:\/\/agora.xtec.cat\/cfa-espiteus\/wp-content\/uploads\/usu71\/2017\/09\/UNITAT-1-Aritm\u00e8tica.pdf\" target=\"_blank\" rel=\"noopener noreferrer\">UNITAT 1<\/a>\u00a0 \u00a0 \u00a0 \u00a0\u00a0<a href=\"http:\/\/agora.xtec.cat\/cfa-espiteus\/wp-content\/uploads\/usu71\/2017\/09\/UNITAT-2-\u00c0lgebra.pdf\" target=\"_blank\" rel=\"noopener noreferrer\">UNITAT 2<\/a>\u00a0 \u00a0 \u00a0 \u00a0 <a href=\"http:\/\/agora.xtec.cat\/cfa-espiteus\/wp-content\/uploads\/usu71\/2018\/01\/UNITAT-3-Ruffini.pdf\" target=\"_blank\" rel=\"noopener noreferrer\">UNITAT 3<\/a><br \/>\n<a href=\"http:\/\/www.xtec.cat\/sgfp\/llicencies\/200809\/memories\/1990\/Bloc2.PDF\" target=\"_blank\" rel=\"noopener noreferrer\">Matem\u00e0tiques del&hellip;  <a href=\"https:\/\/agora.xtec.cat\/cfa-espiteus\/recursos\/proves-dacces-a-grau-superior\/\" title=\"Read Proves d&#8217;acc\u00e9s a grau superior\">Llegeix m\u00e9s\u00bb<\/a><\/p>\n","protected":false},"author":3,"featured_media":0,"parent":1195,"menu_order":6,"comment_status":"closed","ping_status":"closed","template":"page-templates\/side-menu.php","meta":{"_bbp_topic_count":0,"_bbp_reply_count":0,"_bbp_total_topic_count":0,"_bbp_total_reply_count":0,"_bbp_voice_count":0,"_bbp_anonymous_reply_count":0,"_bbp_topic_count_hidden":0,"_bbp_reply_count_hidden":0,"_bbp_forum_subforum_count":0,"footnotes":""},"class_list":["post-1548","page","type-page","status-publish","hentry"],"post_mailing_queue_ids":[],"_links":{"self":[{"href":"https:\/\/agora.xtec.cat\/cfa-espiteus\/wp-json\/wp\/v2\/pages\/1548","targetHints":{"allow":["GET"]}}],"collection":[{"href":"https:\/\/agora.xtec.cat\/cfa-espiteus\/wp-json\/wp\/v2\/pages"}],"about":[{"href":"https:\/\/agora.xtec.cat\/cfa-espiteus\/wp-json\/wp\/v2\/types\/page"}],"author":[{"embeddable":true,"href":"https:\/\/agora.xtec.cat\/cfa-espiteus\/wp-json\/wp\/v2\/users\/3"}],"replies":[{"embeddable":true,"href":"https:\/\/agora.xtec.cat\/cfa-espiteus\/wp-json\/wp\/v2\/comments?post=1548"}],"version-history":[{"count":3,"href":"https:\/\/agora.xtec.cat\/cfa-espiteus\/wp-json\/wp\/v2\/pages\/1548\/revisions"}],"predecessor-version":[{"id":2297,"href":"https:\/\/agora.xtec.cat\/cfa-espiteus\/wp-json\/wp\/v2\/pages\/1548\/revisions\/2297"}],"up":[{"embeddable":true,"href":"https:\/\/agora.xtec.cat\/cfa-espiteus\/wp-json\/wp\/v2\/pages\/1195"}],"wp:attachment":[{"href":"https:\/\/agora.xtec.cat\/cfa-espiteus\/wp-json\/wp\/v2\/media?parent=1548"}],"curies":[{"name":"wp","href":"https:\/\/api.w.org\/{rel}","templated":true}]}}