{"id":39,"date":"2014-09-17T16:36:44","date_gmt":"2014-09-17T16:36:44","guid":{"rendered":"http:\/\/agora.xtec.cat\/cfa-elstarongers\/?page_id=39"},"modified":"2020-05-21T10:01:38","modified_gmt":"2020-05-21T08:01:38","slug":"instal%c2%b7lacions","status":"publish","type":"page","link":"https:\/\/agora.xtec.cat\/cfa-elstarongers\/el-centre\/instal%c2%b7lacions\/","title":{"rendered":"Qu\u00e8 fem"},"content":{"rendered":"<p>En el marc de l&#8217;<strong>aprendre al llarg de tota la vida<\/strong>, les activitats de l&#8217;escola permeten a les <strong>persones adultes<\/strong> desenvolupar les seves <strong>capacitats personals i de relaci\u00f3 social<\/strong>, enriquir els seus coneixements i millorar les seves <strong>compet\u00e8ncies professionals<\/strong>, <strong>con\u00e8ixer el nostre pa\u00eds i les lleng\u00fces que s&#8217;hi parlen<\/strong>. Tamb\u00e9 poden obtenir el <strong>certificat de formaci\u00f3 instrumental<\/strong>, el <strong>t\u00edtol de graduat en educaci\u00f3 secund\u00e0ria (GES) i l&#8217;ACTIC (acreditaci\u00f3 de compet\u00e8ncies en tecnologies de la informaci\u00f3 i la comunicaci\u00f3)<\/strong>.<\/p>\n<p>Aix\u00f2 fa que a l&#8217;Escola hi participin <strong>persones amb objectius diferents<\/strong> com poden ser obtenir una titulaci\u00f3, posar-se al dia o ampliar els seus coneixements.<\/p>\n<p>A les diferents activitats hi poden accedir les persones <strong>majors de 18 anys<\/strong>.<\/p>\n<p>Els horaris poden ser de <strong>mat\u00ed, tarda o vespre<\/strong>, segons el programa o activitat.<\/p>\n<p>A m\u00e9s de les activitats de classe, l&#8217;Escola i l&#8217;Associaci\u00f3 d&#8217;alumnes organitzen -al llarg del curs- <strong>visites culturals, xerrades, celebracions festives&#8230;<\/strong> en les que hi pot participar tot l&#8217;alumnat del Centre.<\/p>\n<p><img loading=\"lazy\" decoding=\"async\" class=\"aligncenter wp-image-466 size-full\" src=\"https:\/\/agora.xtec.cat\/cfa-elstarongers\/wp-content\/uploads\/usu2184\/2020\/05\/escola_1.jpg\" alt=\"\" width=\"841\" height=\"162\" srcset=\"https:\/\/agora.xtec.cat\/cfa-elstarongers\/wp-content\/uploads\/usu2184\/2020\/05\/escola_1.jpg 841w, https:\/\/agora.xtec.cat\/cfa-elstarongers\/wp-content\/uploads\/usu2184\/2020\/05\/escola_1-300x58.jpg 300w, https:\/\/agora.xtec.cat\/cfa-elstarongers\/wp-content\/uploads\/usu2184\/2020\/05\/escola_1-768x148.jpg 768w\" sizes=\"auto, (max-width: 841px) 100vw, 841px\" \/><\/p>\n<p>&nbsp;<\/p>\n","protected":false},"excerpt":{"rendered":"<p>En el marc de l&#8217;aprendre al llarg de tota la vida, les activitats de l&#8217;escola permeten a les persones adultes desenvolupar les seves capacitats personals i de relaci\u00f3 social, enriquir els seus coneixements i millorar les seves compet\u00e8ncies professionals, con\u00e8ixer el nostre pa\u00eds i les&hellip;  <a href=\"https:\/\/agora.xtec.cat\/cfa-elstarongers\/el-centre\/instal%c2%b7lacions\/\" title=\"Read Qu\u00e8 fem\">Llegeix m\u00e9s\u00bb<\/a><\/p>\n","protected":false},"author":1,"featured_media":0,"parent":261,"menu_order":30,"comment_status":"closed","ping_status":"closed","template":"page-templates\/side-menu.php","meta":{"_bbp_topic_count":0,"_bbp_reply_count":0,"_bbp_total_topic_count":0,"_bbp_total_reply_count":0,"_bbp_voice_count":0,"_bbp_anonymous_reply_count":0,"_bbp_topic_count_hidden":0,"_bbp_reply_count_hidden":0,"_bbp_forum_subforum_count":0,"footnotes":""},"class_list":["post-39","page","type-page","status-publish","hentry"],"post_mailing_queue_ids":[],"_links":{"self":[{"href":"https:\/\/agora.xtec.cat\/cfa-elstarongers\/wp-json\/wp\/v2\/pages\/39","targetHints":{"allow":["GET"]}}],"collection":[{"href":"https:\/\/agora.xtec.cat\/cfa-elstarongers\/wp-json\/wp\/v2\/pages"}],"about":[{"href":"https:\/\/agora.xtec.cat\/cfa-elstarongers\/wp-json\/wp\/v2\/types\/page"}],"author":[{"embeddable":true,"href":"https:\/\/agora.xtec.cat\/cfa-elstarongers\/wp-json\/wp\/v2\/users\/1"}],"replies":[{"embeddable":true,"href":"https:\/\/agora.xtec.cat\/cfa-elstarongers\/wp-json\/wp\/v2\/comments?post=39"}],"version-history":[{"count":2,"href":"https:\/\/agora.xtec.cat\/cfa-elstarongers\/wp-json\/wp\/v2\/pages\/39\/revisions"}],"predecessor-version":[{"id":467,"href":"https:\/\/agora.xtec.cat\/cfa-elstarongers\/wp-json\/wp\/v2\/pages\/39\/revisions\/467"}],"up":[{"embeddable":true,"href":"https:\/\/agora.xtec.cat\/cfa-elstarongers\/wp-json\/wp\/v2\/pages\/261"}],"wp:attachment":[{"href":"https:\/\/agora.xtec.cat\/cfa-elstarongers\/wp-json\/wp\/v2\/media?parent=39"}],"curies":[{"name":"wp","href":"https:\/\/api.w.org\/{rel}","templated":true}]}}