{"id":27,"date":"2014-09-17T16:24:03","date_gmt":"2014-09-17T16:24:03","guid":{"rendered":"http:\/\/agora.xtec.cat\/cfa-elstarongers\/?page_id=27"},"modified":"2020-05-21T09:49:28","modified_gmt":"2020-05-21T07:49:28","slug":"historia","status":"publish","type":"page","link":"https:\/\/agora.xtec.cat\/cfa-elstarongers\/el-centre\/historia\/","title":{"rendered":"Hist\u00f2ria"},"content":{"rendered":"<p>L&#8217;Escola d&#8217;Adults va comen\u00e7ar les seves activitats l&#8217;any <strong>1978<\/strong>, fruit de les mobilitzacions ve\u00efnals en demanda d&#8217;<strong>escoles p\u00fabliques per a tothom<\/strong>.<\/p>\n<p>El mes d&#8217;octubre de 1978, s&#8217;aconsegueix que la <strong>Delegaci\u00f3 del MEC<\/strong> anomeni tres mestres i que l&#8217;<strong>Ajuntament de Matar\u00f3<\/strong> llogui uns locals al barri i els posi a disposici\u00f3. D&#8217;aquesta manera comen\u00e7a a funcionar l&#8217;Escola d&#8217;Adults al <strong>barri de Cerdanyola de Matar\u00f3<\/strong>.<\/p>\n<p>D&#8217;aleshores en\u00e7\u00e0 l&#8217;Escola ha anat creixent, tant en nombre d&#8217;alumnes com en nombre de mestres. <strong>El setembre de 1985 va ser inaugurat l&#8217;edifici actual<\/strong>, al carrer Mare de D\u00e9u de la Cisa, i l&#8217;Escola va passar a anomenar-se <strong>&#8220;Els Tarongers&#8221;<\/strong>.<\/p>\n<p>En el D.O.G del dia <strong>31\/05\/88<\/strong> va sortir publicada la creaci\u00f3 de l&#8217;<strong>escola com a Centre<\/strong>, amb quatre unitats de formaci\u00f3.<\/p>\n<p><img loading=\"lazy\" decoding=\"async\" class=\"aligncenter wp-image-450 size-large\" src=\"https:\/\/agora.xtec.cat\/cfa-elstarongers\/wp-content\/uploads\/usu2184\/2020\/05\/escola_pati_gespa-1024x394.jpg\" alt=\"\" width=\"1024\" height=\"394\" srcset=\"https:\/\/agora.xtec.cat\/cfa-elstarongers\/wp-content\/uploads\/usu2184\/2020\/05\/escola_pati_gespa-1024x394.jpg 1024w, https:\/\/agora.xtec.cat\/cfa-elstarongers\/wp-content\/uploads\/usu2184\/2020\/05\/escola_pati_gespa-300x115.jpg 300w, https:\/\/agora.xtec.cat\/cfa-elstarongers\/wp-content\/uploads\/usu2184\/2020\/05\/escola_pati_gespa-768x295.jpg 768w\" sizes=\"auto, (max-width: 1024px) 100vw, 1024px\" \/><\/p>\n","protected":false},"excerpt":{"rendered":"<p>L&#8217;Escola d&#8217;Adults va comen\u00e7ar les seves activitats l&#8217;any 1978, fruit de les mobilitzacions ve\u00efnals en demanda d&#8217;escoles p\u00fabliques per a tothom.<br \/>\nEl mes d&#8217;octubre de 1978, s&#8217;aconsegueix que la Delegaci\u00f3 del MEC anomeni tres mestres i que l&#8217;Ajuntament de Matar\u00f3 llogui uns locals al barri i&hellip;  <a href=\"https:\/\/agora.xtec.cat\/cfa-elstarongers\/el-centre\/historia\/\" title=\"Read Hist\u00f2ria\">Llegeix m\u00e9s\u00bb<\/a><\/p>\n","protected":false},"author":1,"featured_media":0,"parent":261,"menu_order":20,"comment_status":"closed","ping_status":"closed","template":"page-templates\/side-menu.php","meta":{"_bbp_topic_count":0,"_bbp_reply_count":0,"_bbp_total_topic_count":0,"_bbp_total_reply_count":0,"_bbp_voice_count":0,"_bbp_anonymous_reply_count":0,"_bbp_topic_count_hidden":0,"_bbp_reply_count_hidden":0,"_bbp_forum_subforum_count":0,"footnotes":""},"class_list":["post-27","page","type-page","status-publish","hentry"],"post_mailing_queue_ids":[],"_links":{"self":[{"href":"https:\/\/agora.xtec.cat\/cfa-elstarongers\/wp-json\/wp\/v2\/pages\/27","targetHints":{"allow":["GET"]}}],"collection":[{"href":"https:\/\/agora.xtec.cat\/cfa-elstarongers\/wp-json\/wp\/v2\/pages"}],"about":[{"href":"https:\/\/agora.xtec.cat\/cfa-elstarongers\/wp-json\/wp\/v2\/types\/page"}],"author":[{"embeddable":true,"href":"https:\/\/agora.xtec.cat\/cfa-elstarongers\/wp-json\/wp\/v2\/users\/1"}],"replies":[{"embeddable":true,"href":"https:\/\/agora.xtec.cat\/cfa-elstarongers\/wp-json\/wp\/v2\/comments?post=27"}],"version-history":[{"count":3,"href":"https:\/\/agora.xtec.cat\/cfa-elstarongers\/wp-json\/wp\/v2\/pages\/27\/revisions"}],"predecessor-version":[{"id":460,"href":"https:\/\/agora.xtec.cat\/cfa-elstarongers\/wp-json\/wp\/v2\/pages\/27\/revisions\/460"}],"up":[{"embeddable":true,"href":"https:\/\/agora.xtec.cat\/cfa-elstarongers\/wp-json\/wp\/v2\/pages\/261"}],"wp:attachment":[{"href":"https:\/\/agora.xtec.cat\/cfa-elstarongers\/wp-json\/wp\/v2\/media?parent=27"}],"curies":[{"name":"wp","href":"https:\/\/api.w.org\/{rel}","templated":true}]}}