{"id":265,"date":"2015-01-27T17:28:56","date_gmt":"2015-01-27T16:28:56","guid":{"rendered":"http:\/\/agora.xtec.cat\/cfa-elstarongers\/?page_id=265"},"modified":"2020-05-21T10:11:56","modified_gmt":"2020-05-21T08:11:56","slug":"organitzacio-interna","status":"publish","type":"page","link":"https:\/\/agora.xtec.cat\/cfa-elstarongers\/el-centre\/organitzacio-interna\/","title":{"rendered":"Principis educatius"},"content":{"rendered":"<p>El <strong>CFA Els Tarongers<\/strong> \u00e9s un <strong>centre p\u00fablic<\/strong> al servei de l\u2019educaci\u00f3 permanent de les <strong>persones adultes<\/strong>.<\/p>\n<p>L\u2019actuaci\u00f3 del centre va adre\u00e7ada espec\u00edficament a les persones adultes, a millorar la seva <strong>formaci\u00f3 b\u00e0sica<\/strong>, vetllant principalment perqu\u00e8 els <strong>sectors de la poblaci\u00f3 menys afavorits socialment hi tinguin acc\u00e9s<\/strong>.<\/p>\n<p>La din\u00e0mica educativa es basar\u00e0 en la <strong>comunicaci\u00f3<\/strong> i<strong> interrelaci\u00f3<\/strong> que permet el di\u00e0leg, la<strong> cooperaci\u00f3<\/strong> i la <strong>solidaritat<\/strong> entre totes les persones participants.<\/p>\n<p>El centre vol tenir un funcionament i una participaci\u00f3 <strong>plural i democr\u00e0tica<\/strong>, tal i com queda recollit en el reglament de r\u00e8gim intern.<\/p>\n<p>La tasca educativa del centre ha d\u2019ajudar a <strong>con\u00e8ixer<\/strong>, a <strong>analitzar<\/strong> i a <strong>comprendre<\/strong>, de forma cr\u00edtica i alhora constructiva, <strong>l\u2019entorn i la societat en qu\u00e8 vivim<\/strong>.<\/p>\n<p><strong>La llengua catalana \u00e9s la llengua vehicular del centre<\/strong>. El centre t\u00e9 entre els seus objectius <strong>difondre el coneixement de la llengua i la cultura catalana<\/strong>, promovent que aquesta sigui una <strong>eina de comunicaci\u00f3 quotidiana<\/strong> i que permeti el coneixement i la comprensi\u00f3 d\u2019all\u00f2 que ens envolta. \u00c9s amb aquest objectiu que el centre programa els <strong>cursos d\u2019acolliment ling\u00fc\u00edstic i d\u2019alfabetitzaci\u00f3 en catal\u00e0<\/strong>.<\/p>\n<p>L\u2019acci\u00f3 educativa va adre\u00e7ada a<strong> combatre qualsevol tipus de discriminaci\u00f3<\/strong>.<\/p>\n<p><img loading=\"lazy\" decoding=\"async\" class=\"aligncenter size-full wp-image-468\" src=\"https:\/\/agora.xtec.cat\/cfa-elstarongers\/wp-content\/uploads\/usu2184\/2020\/05\/escola_tira_2.jpg\" alt=\"\" width=\"850\" height=\"161\" srcset=\"https:\/\/agora.xtec.cat\/cfa-elstarongers\/wp-content\/uploads\/usu2184\/2020\/05\/escola_tira_2.jpg 850w, https:\/\/agora.xtec.cat\/cfa-elstarongers\/wp-content\/uploads\/usu2184\/2020\/05\/escola_tira_2-300x57.jpg 300w, https:\/\/agora.xtec.cat\/cfa-elstarongers\/wp-content\/uploads\/usu2184\/2020\/05\/escola_tira_2-768x145.jpg 768w\" sizes=\"auto, (max-width: 850px) 100vw, 850px\" \/><\/p>\n<p>El centre t\u00e9 com a objectiu potenciar un <strong>model educatiu presencial<\/strong>, en tant que considerem que aquest afavoreix el proc\u00e9s directe de comunicaci\u00f3, socialitzaci\u00f3 i cohesi\u00f3 entre totes les persones participants.<\/p>\n<p>El centre accepta els <strong>valors de l\u2019educaci\u00f3 intercultural i de di\u00e0leg entre cultures<\/strong>, davant dels canvis socials actuals que porten a un multiculturalisme creixent.<\/p>\n<p>El centre vol <strong>col\u00b7laborar amb altres centres de formaci\u00f3 de persones adultes<\/strong> i potenciar la cooperaci\u00f3 amb entitats de l\u2019entorn.<\/p>\n<p>L\u2019oferta formativa est\u00e0 basada en la <strong>diagnosi de les necessitats de la societat actual<\/strong> i, principalment, en la demanda i en les <strong>motivacions<\/strong> que mouen a les persones adultes a venir a l\u2019escola: inter\u00e8s per <strong>aprendre<\/strong>, con\u00e8ixer les <strong>noves tecnologies<\/strong>, obtenir una <strong>titulaci\u00f3<\/strong>, aprendre les <strong>lleng\u00fces i els costums del nostre pa\u00eds<\/strong>, <strong>relacionar-se<\/strong> amb altres persones&#8230;<\/p>\n<p>Les <strong>l\u00ednies metodol\u00f2giques s\u2019adequaran<\/strong> a les caracter\u00edstiques i trets espec\u00edfics dels diferents col\u00b7lectius de persones adultes.<\/p>\n<p>La metodologia est\u00e0 en la l\u00ednia de la <strong>formaci\u00f3 permanent<\/strong> que pret\u00e9n sobretot el desenvolupament de compet\u00e8ncies i d\u2019h\u00e0bits per un aprenentatge continuat. La formaci\u00f3 permanent s\u2019ent\u00e9n com el proc\u00e9s formatiu que acompanya les persones al llarg de la seva vida per poder participar activament en la transformaci\u00f3 i millora del seu entorn.<\/p>\n<p><strong>L\u2019avaluaci\u00f3 l\u2019entenem continuada<\/strong> i la contemplem com un element m\u00e9s del proc\u00e9s d\u2019aprenentatge, que permeti als alumnes ser conscients dels seus propis aven\u00e7os i de les seves aptituds i necessitats. \u00c9s en aquest sentit que considerem <strong>l\u2019autoavaluaci\u00f3 un valor important<\/strong>.<\/p>\n<p>La programaci\u00f3 de les diferents activitats t\u00e9 com a finalitat desenvolupar una educaci\u00f3 integral, basada en <strong>models no sexistes<\/strong> i d\u2019igualtat d\u2019oportunitats per a les dones; en una major integraci\u00f3 i participaci\u00f3 dels\/de les joves; en l\u2019acceptaci\u00f3 i<strong> autoestima personal<\/strong>; en el respecte del <strong>medi ambient<\/strong>, i en una<strong> orientaci\u00f3 laboral<\/strong> que afavoreixi la recerca i millora de les condicions professionals.<\/p>\n<p>Una educaci\u00f3 que respecti la <strong>diversitat<\/strong> en tots els seus aspectes i fomenti l\u2019esperit de <strong>toler\u00e0ncia<\/strong> i <strong>solidaritat<\/strong>.<\/p>\n","protected":false},"excerpt":{"rendered":"<p>El CFA Els Tarongers \u00e9s un centre p\u00fablic al servei de l\u2019educaci\u00f3 permanent de les persones adultes.<br \/>\nL\u2019actuaci\u00f3 del centre va adre\u00e7ada espec\u00edficament a les persones adultes, a millorar la seva formaci\u00f3 b\u00e0sica, vetllant principalment perqu\u00e8 els sectors de la poblaci\u00f3 menys afavorits socialment hi tinguin&hellip;  <a href=\"https:\/\/agora.xtec.cat\/cfa-elstarongers\/el-centre\/organitzacio-interna\/\" title=\"Read Principis educatius\">Llegeix m\u00e9s\u00bb<\/a><\/p>\n","protected":false},"author":1,"featured_media":0,"parent":261,"menu_order":40,"comment_status":"closed","ping_status":"closed","template":"page-templates\/side-menu.php","meta":{"_bbp_topic_count":0,"_bbp_reply_count":0,"_bbp_total_topic_count":0,"_bbp_total_reply_count":0,"_bbp_voice_count":0,"_bbp_anonymous_reply_count":0,"_bbp_topic_count_hidden":0,"_bbp_reply_count_hidden":0,"_bbp_forum_subforum_count":0,"footnotes":""},"class_list":["post-265","page","type-page","status-publish","hentry"],"post_mailing_queue_ids":[],"_links":{"self":[{"href":"https:\/\/agora.xtec.cat\/cfa-elstarongers\/wp-json\/wp\/v2\/pages\/265","targetHints":{"allow":["GET"]}}],"collection":[{"href":"https:\/\/agora.xtec.cat\/cfa-elstarongers\/wp-json\/wp\/v2\/pages"}],"about":[{"href":"https:\/\/agora.xtec.cat\/cfa-elstarongers\/wp-json\/wp\/v2\/types\/page"}],"author":[{"embeddable":true,"href":"https:\/\/agora.xtec.cat\/cfa-elstarongers\/wp-json\/wp\/v2\/users\/1"}],"replies":[{"embeddable":true,"href":"https:\/\/agora.xtec.cat\/cfa-elstarongers\/wp-json\/wp\/v2\/comments?post=265"}],"version-history":[{"count":2,"href":"https:\/\/agora.xtec.cat\/cfa-elstarongers\/wp-json\/wp\/v2\/pages\/265\/revisions"}],"predecessor-version":[{"id":470,"href":"https:\/\/agora.xtec.cat\/cfa-elstarongers\/wp-json\/wp\/v2\/pages\/265\/revisions\/470"}],"up":[{"embeddable":true,"href":"https:\/\/agora.xtec.cat\/cfa-elstarongers\/wp-json\/wp\/v2\/pages\/261"}],"wp:attachment":[{"href":"https:\/\/agora.xtec.cat\/cfa-elstarongers\/wp-json\/wp\/v2\/media?parent=265"}],"curies":[{"name":"wp","href":"https:\/\/api.w.org\/{rel}","templated":true}]}}