{"id":261,"date":"2015-01-27T17:25:01","date_gmt":"2015-01-27T16:25:01","guid":{"rendered":"http:\/\/agora.xtec.cat\/cfa-elstarongers\/?page_id=261"},"modified":"2022-11-09T16:21:31","modified_gmt":"2022-11-09T15:21:31","slug":"el-centre","status":"publish","type":"page","link":"https:\/\/agora.xtec.cat\/cfa-elstarongers\/el-centre\/","title":{"rendered":"Escola"},"content":{"rendered":"<p>El <strong>CFA Els Tarongers<\/strong> \u00e9s un <strong>centre p\u00fablic<\/strong> de <strong>formaci\u00f3 b\u00e0sica per a persones adultes<\/strong>, depenent del <strong>Departament d&#8217;Educaci\u00f3 de la Generalitat de Catalunya<\/strong>.<\/p>\n<p><img loading=\"lazy\" decoding=\"async\" class=\"aligncenter wp-image-457 size-full\" src=\"https:\/\/agora.xtec.cat\/cfa-elstarongers\/wp-content\/uploads\/usu2184\/2020\/05\/entrada_edifici_principal_elstarongers.jpg\" alt=\"\" width=\"615\" height=\"372\" srcset=\"https:\/\/agora.xtec.cat\/cfa-elstarongers\/wp-content\/uploads\/usu2184\/2020\/05\/entrada_edifici_principal_elstarongers.jpg 615w, https:\/\/agora.xtec.cat\/cfa-elstarongers\/wp-content\/uploads\/usu2184\/2020\/05\/entrada_edifici_principal_elstarongers-300x181.jpg 300w\" sizes=\"auto, (max-width: 615px) 100vw, 615px\" \/><\/p>\n","protected":false},"excerpt":{"rendered":"<p>El CFA Els Tarongers \u00e9s un centre p\u00fablic de formaci\u00f3 b\u00e0sica per a persones adultes, depenent del Departament d&#8217;Educaci\u00f3 de la Generalitat de Catalunya.<\/p>\n","protected":false},"author":1,"featured_media":0,"parent":0,"menu_order":0,"comment_status":"closed","ping_status":"closed","template":"page-templates\/side-menu.php","meta":{"_bbp_topic_count":0,"_bbp_reply_count":0,"_bbp_total_topic_count":0,"_bbp_total_reply_count":0,"_bbp_voice_count":0,"_bbp_anonymous_reply_count":0,"_bbp_topic_count_hidden":0,"_bbp_reply_count_hidden":0,"_bbp_forum_subforum_count":0,"footnotes":""},"class_list":["post-261","page","type-page","status-publish","hentry"],"post_mailing_queue_ids":[],"_links":{"self":[{"href":"https:\/\/agora.xtec.cat\/cfa-elstarongers\/wp-json\/wp\/v2\/pages\/261","targetHints":{"allow":["GET"]}}],"collection":[{"href":"https:\/\/agora.xtec.cat\/cfa-elstarongers\/wp-json\/wp\/v2\/pages"}],"about":[{"href":"https:\/\/agora.xtec.cat\/cfa-elstarongers\/wp-json\/wp\/v2\/types\/page"}],"author":[{"embeddable":true,"href":"https:\/\/agora.xtec.cat\/cfa-elstarongers\/wp-json\/wp\/v2\/users\/1"}],"replies":[{"embeddable":true,"href":"https:\/\/agora.xtec.cat\/cfa-elstarongers\/wp-json\/wp\/v2\/comments?post=261"}],"version-history":[{"count":4,"href":"https:\/\/agora.xtec.cat\/cfa-elstarongers\/wp-json\/wp\/v2\/pages\/261\/revisions"}],"predecessor-version":[{"id":1164,"href":"https:\/\/agora.xtec.cat\/cfa-elstarongers\/wp-json\/wp\/v2\/pages\/261\/revisions\/1164"}],"wp:attachment":[{"href":"https:\/\/agora.xtec.cat\/cfa-elstarongers\/wp-json\/wp\/v2\/media?parent=261"}],"curies":[{"name":"wp","href":"https:\/\/api.w.org\/{rel}","templated":true}]}}