{"id":21,"date":"2014-09-17T16:14:14","date_gmt":"2014-09-17T16:14:14","guid":{"rendered":"http:\/\/agora.xtec.cat\/cfa-elstarongers\/?page_id=21"},"modified":"2025-09-04T17:07:07","modified_gmt":"2025-09-04T15:07:07","slug":"on-som","status":"publish","type":"page","link":"https:\/\/agora.xtec.cat\/cfa-elstarongers\/el-centre\/on-som\/","title":{"rendered":"On som"},"content":{"rendered":"<p style=\"color: #666666;\"><strong>CFA Els Tarongers<br \/>\n<\/strong>Carrer de la Mare de D\u00e9u de la Cisa, 80-92<strong><br \/>\n<\/strong>08303 Matar\u00f3 (Barcelona)<br \/>\nTel. 937 994 604<br \/>\n<a href=\"mailto:cfa-elstarongers@xtec.cat\" target=\"_blank\" rel=\"noopener noreferrer\">cfa-elstarongers@xtec.cat<\/a><\/p>\n<p><strong>Horari d&#8217;atenci\u00f3 al p\u00fablic:<br \/>\n<\/strong>De dilluns a dijous de 9.00 a 12.30 h i de 15.00 a 21.00 h.<br \/>\nDivendres de 9.00 a 12.30 h.<\/p>\n<div class=\"mapouter\">\n<div class=\"gmap_canvas\"><iframe loading=\"lazy\" src=\"https:\/\/maps.google.com\/maps?q=cfa%20els%20targongers&amp;t=&amp;z=17&amp;ie=UTF8&amp;iwloc=&amp;output=embed\" width=\"600\" height=\"500\" frameborder=\"0\"><\/iframe><\/div>\n<style>.mapouter{position:relative;text-align:right;height:300px;width:400px;}.gmap_canvas {overflow:hidden;background:none!important;height:300px;width:400px;}<\/style>\n<\/div>\n<div><\/div>\n<div>\n<p><strong><br \/>\nL&#8217;Escola d&#8217;Adults Els Tarongers<\/strong> es troba al <strong>barri de Cerdanyola de Matar\u00f3<\/strong>, a la comarca del <strong>Maresme<\/strong>, dins la prov\u00edncia de <strong>Barcelona<\/strong>.<\/p>\n<p>El barri concentra m\u00e9s de 31.200 habitants, aproximadament una quarta part dels mataronins (128.291 habitants segons dades de l&#8217;1 de gener del 2019), en un redu\u00eft espai (76,70 Ha = 0,767 km<sup>2<\/sup>) fet que representa una <strong>densitat de poblaci\u00f3 for\u00e7a alta<\/strong>.<\/p>\n<p>El desenvolupament i creixement del barri \u00e9s fruit de l&#8217;<strong>allau migratori procedent de la resta de l&#8217;Estat<\/strong>, especialment els anys 60 i 70, atret pel desenvolupament industrial de la ciutat i la manca de treball en els llocs d&#8217;origen. En els darrers anys s\u00f3n tamb\u00e9 ve\u00efns del barri un gran nombre de <strong>nous immigrants procedents de diversos pa\u00efsos<\/strong>.<\/p>\n<p><strong>L&#8217;Escola d&#8217;Adults Els Tarongers<\/strong> realitza la major part dels cursos i activitats en el seu edifici principal del <strong>carrer Mare de D\u00e9u de la Cisa<\/strong>, per\u00f2 s&#8217;utilitzen altres depend\u00e8ncies del barri per poder atendre les diferents demandes i ensenyaments. Actualment s\u00f3n les de l&#8217;<strong>Escola P\u00fablica Cam\u00ed del Cros<\/strong>.<\/p>\n<\/div>\n","protected":false},"excerpt":{"rendered":"<p>CFA Els Tarongers<br \/>\nCarrer de la Mare de D\u00e9u de la Cisa, 80-92<br \/>\n08303 Matar\u00f3 (Barcelona)<br \/>\nTel. 937 994 604<br \/>\n<a href=\"mailto:cfa-elstarongers@xtec.cat\" target=\"_blank\" rel=\"noopener noreferrer\">cfa-elstarongers@xtec.cat<\/a><br \/>\nHorari d&#8217;atenci\u00f3 al p\u00fablic:<br \/>\nDe dilluns a dijous de 9.00 a 12.30 h i de 15.00 a 21.00 h.<br \/>\nDivendres de 9.00 a 12.30 h.<\/p>\n<p>.mapouter{position:relative;text-align:right;height:300px;width:400px;}.gmap_canvas {overflow:hidden;background:none!important;height:300px;width:400px;}<\/p>\n<p>L&#8217;Escola d&#8217;Adults&hellip;  <a href=\"https:\/\/agora.xtec.cat\/cfa-elstarongers\/el-centre\/on-som\/\" title=\"Read On som\">Llegeix m\u00e9s\u00bb<\/a><\/p>\n","protected":false},"author":1,"featured_media":0,"parent":261,"menu_order":1,"comment_status":"closed","ping_status":"closed","template":"page-templates\/side-menu.php","meta":{"_bbp_topic_count":0,"_bbp_reply_count":0,"_bbp_total_topic_count":0,"_bbp_total_reply_count":0,"_bbp_voice_count":0,"_bbp_anonymous_reply_count":0,"_bbp_topic_count_hidden":0,"_bbp_reply_count_hidden":0,"_bbp_forum_subforum_count":0,"footnotes":""},"class_list":["post-21","page","type-page","status-publish","hentry"],"post_mailing_queue_ids":[],"_links":{"self":[{"href":"https:\/\/agora.xtec.cat\/cfa-elstarongers\/wp-json\/wp\/v2\/pages\/21","targetHints":{"allow":["GET"]}}],"collection":[{"href":"https:\/\/agora.xtec.cat\/cfa-elstarongers\/wp-json\/wp\/v2\/pages"}],"about":[{"href":"https:\/\/agora.xtec.cat\/cfa-elstarongers\/wp-json\/wp\/v2\/types\/page"}],"author":[{"embeddable":true,"href":"https:\/\/agora.xtec.cat\/cfa-elstarongers\/wp-json\/wp\/v2\/users\/1"}],"replies":[{"embeddable":true,"href":"https:\/\/agora.xtec.cat\/cfa-elstarongers\/wp-json\/wp\/v2\/comments?post=21"}],"version-history":[{"count":6,"href":"https:\/\/agora.xtec.cat\/cfa-elstarongers\/wp-json\/wp\/v2\/pages\/21\/revisions"}],"predecessor-version":[{"id":2218,"href":"https:\/\/agora.xtec.cat\/cfa-elstarongers\/wp-json\/wp\/v2\/pages\/21\/revisions\/2218"}],"up":[{"embeddable":true,"href":"https:\/\/agora.xtec.cat\/cfa-elstarongers\/wp-json\/wp\/v2\/pages\/261"}],"wp:attachment":[{"href":"https:\/\/agora.xtec.cat\/cfa-elstarongers\/wp-json\/wp\/v2\/media?parent=21"}],"curies":[{"name":"wp","href":"https:\/\/api.w.org\/{rel}","templated":true}]}}