{"id":1802,"date":"2023-11-09T15:08:15","date_gmt":"2023-11-09T14:08:15","guid":{"rendered":"https:\/\/agora.xtec.cat\/cfa-elstarongers\/?page_id=1802"},"modified":"2023-11-13T09:50:01","modified_gmt":"2023-11-13T08:50:01","slug":"preparacio-per-la-prova-dacces-a-la-universitat-per-a-majors-de-45-anys","status":"publish","type":"page","link":"https:\/\/agora.xtec.cat\/cfa-elstarongers\/ensenyaments\/preparacio-per-la-prova-dacces-a-la-universitat-per-a-majors-de-45-anys\/","title":{"rendered":"Preparaci\u00f3 per la prova d\u2019acc\u00e9s a la universitat per a majors de 45 anys"},"content":{"rendered":"\n<h3>Requisits<\/h3>\n<p>Pots presentar-te a la prova d&#8217;acc\u00e9s a la universitat per a <strong>\u202fm\u00e9s grans de 45 anys<\/strong>\u202fsi reuneixes els requisits seg\u00fcents:\u00a0<\/p>\n<ul>\n<li>Tenir 45 anys en l&#8217;any natural en qu\u00e8 es realitza la prova.\u00a0<\/li>\n<li>No posseir cap titulaci\u00f3 o qualsevol altre requisit general d&#8217;acc\u00e9s que habiliti per accedir a la universitat.\u00a0<\/li>\n<\/ul>\n<h3>\u00a0<\/h3>\n<h3>Durada del curs i horaris<\/h3>\n<p>El curs comen\u00e7a el mes de setembre i conclou a l&#8217;abril. S\u2019imparteix als vespres, de dilluns a dijous.<\/p>\n<h3>\u00a0<\/h3>\n<h3>Contingut del curs i estructura<\/h3>\n<p>Aquestes proves tenen <strong>dues parts<\/strong>:<\/p>\n<h6>Primera part: <strong>prova escrita<\/strong><\/h6>\n<p>Consta de <strong>tres ex\u00e0mens<\/strong>:\u202f<\/p>\n<p>a.\u202fComentari de text <br \/>b.\u202fLlengua catalana <br \/>c.\u202fLlengua castellana<\/p>\n<p>Aquesta prova, un cop superada, t\u00e9 <strong>validesa indefinida<\/strong>.\u00a0<span style=\"color: #000000;\">Al <strong>CFA Els Tarongers<\/strong> podr\u00e0s preparar les tres mat\u00e8ries indicades de la <strong>prova escrita<\/strong><\/span>.<\/p>\n<h6>Segona part: <strong>entrevista personal<\/strong><\/h6>\n<p>L\u2019entrevista es realitzar\u00e0 a la universitat on vulguis accedir malgrat que la prova escrita s&#8217;hagi superat a una altra universitat del sistema catal\u00e0. Per a m\u00e9s informaci\u00f3 consulta <a href=\"https:\/\/universitats.gencat.cat\/ca\/acces-universitat\/acces-segons-perfils-estudiants\/tinc-mes-45-anys\/#estructura\" target=\"_blank\" rel=\"noopener\">aqu\u00ed<\/a>.<\/p>\n<h3>\u00a0<\/h3>\n<h3>Convocat\u00f2ries i validesa de la prova<\/h3>\n<p>La prova d&#8217;acc\u00e9s per a\u00a0<strong>m\u00e9s grans de 45 anys<\/strong>\u00a0es convoca <strong>una vegada a l&#8217;any<\/strong>. Disposes d&#8217;un <strong>nombre il\u00b7limitat de convocat\u00f2ries<\/strong> per superar-la.\u00a0Una vegada superada la prova d&#8217;acc\u00e9s, si compleixes els requisits pots presentar-te de nou en convocat\u00f2ries posteriors per <strong>millorar la qualificaci\u00f3 obtinguda<\/strong>.<\/p>\n<p>Per accedir a la universitat per la via de<strong>\u202fm\u00e9s grans de 45 anys<\/strong>\u202fcal superar la <strong>prova d&#8217;acc\u00e9s<\/strong> i fer una <strong>entrevista personal<\/strong>. La <strong>prova d&#8217;acc\u00e9s<\/strong>, un cop superada, t\u00e9 <strong>validesa indefinida<\/strong>, mentre que l&#8217;<strong>entrevista personal<\/strong>, obligat\u00f2ria i amb resoluci\u00f3 final d&#8217;apte\/a, ser\u00e0 <strong>v\u00e0lida durant tres anys<\/strong>\u00a0(l\u2019any que se supera i dos anys m\u00e9s) i \u00fanicament per al mateix estudi de grau i per a la mateixa universitat per a la qual es va superar.<\/p>\n<h3>\u00a0<\/h3>\n<h3>M\u00e9s informaci\u00f3<\/h3>\n<p>La <strong>convocat\u00f2ria<\/strong> per a la prova d\u2019acc\u00e9s i tota la <strong>informaci\u00f3 relacionada<\/strong> es troba al web <a href=\"https:\/\/universitats.gencat.cat\/ca\/acces-universitat\/acces-segons-perfils-estudiants\/tinc-mes-45-anys\/\" target=\"_blank\" rel=\"noopener\">Canal Universitats &#8211; Tinc m\u00e9s de 45 anys<\/a>.<\/p>\n","protected":false},"excerpt":{"rendered":"<p>Requisits<br \/>\nPots presentar-te a la prova d&#8217;acc\u00e9s a la universitat per a \u202fm\u00e9s grans de 45 anys\u202fsi reuneixes els requisits seg\u00fcents:\u00a0<\/p>\n<ul>\n<li>Tenir 45 anys en l&#8217;any natural en qu\u00e8 es realitza la prova.\u00a0<\/li>\n<li>No posseir cap titulaci\u00f3 o qualsevol altre requisit general d&#8217;acc\u00e9s que habiliti per accedir a&hellip;  <a href=\"https:\/\/agora.xtec.cat\/cfa-elstarongers\/ensenyaments\/preparacio-per-la-prova-dacces-a-la-universitat-per-a-majors-de-45-anys\/\" title=\"Read Preparaci\u00f3 per la prova d\u2019acc\u00e9s a la universitat per a majors de 45 anys\">Llegeix m\u00e9s\u00bb<\/a><br \/>\n","protected":false},"author":3,"featured_media":0,"parent":274,"menu_order":70,"comment_status":"closed","ping_status":"close","template":"page-templates\/side-menu.php","meta":{"_bbp_topic_count":0,"_bbp_reply_count":0,"_bbp_total_topic_count":0,"_bbp_total_reply_count":0,"_bbp_voice_count":0,"_bbp_anonymous_reply_count":0,"_bbp_topic_count_hidden":0,"_bbp_reply_count_hidden":0,"_bbp_forum_subforum_count":0,"footnotes":""},"class_list":["post-1802","page","type-page","status-publish","hentry"],"post_mailing_queue_ids":[],"_links":{"self":[{"href":"https:\/\/agora.xtec.cat\/cfa-elstarongers\/wp-json\/wp\/v2\/pages\/1802","targetHints":{"allow":["GET"]}}],"collection":[{"href":"https:\/\/agora.xtec.cat\/cfa-elstarongers\/wp-json\/wp\/v2\/pages"}],"about":[{"href":"https:\/\/agora.xtec.cat\/cfa-elstarongers\/wp-json\/wp\/v2\/types\/page"}],"author":[{"embeddable":true,"href":"https:\/\/agora.xtec.cat\/cfa-elstarongers\/wp-json\/wp\/v2\/users\/3"}],"replies":[{"embeddable":true,"href":"https:\/\/agora.xtec.cat\/cfa-elstarongers\/wp-json\/wp\/v2\/comments?post=1802"}],"version-history":[{"count":5,"href":"https:\/\/agora.xtec.cat\/cfa-elstarongers\/wp-json\/wp\/v2\/pages\/1802\/revisions"}],"predecessor-version":[{"id":1817,"href":"https:\/\/agora.xtec.cat\/cfa-elstarongers\/wp-json\/wp\/v2\/pages\/1802\/revisions\/1817"}],"up":[{"embeddable":true,"href":"https:\/\/agora.xtec.cat\/cfa-elstarongers\/wp-json\/wp\/v2\/pages\/274"}],"wp:attachment":[{"href":"https:\/\/agora.xtec.cat\/cfa-elstarongers\/wp-json\/wp\/v2\/media?parent=1802"}],"curies":[{"name":"wp","href":"https:\/\/api.w.org\/{rel}","templated":true}]}}