{"id":1789,"date":"2023-11-09T14:44:57","date_gmt":"2023-11-09T13:44:57","guid":{"rendered":"https:\/\/agora.xtec.cat\/cfa-elstarongers\/?page_id=1789"},"modified":"2023-11-13T09:37:04","modified_gmt":"2023-11-13T08:37:04","slug":"preparacio-per-la-prova-dacces-a-la-universitat-per-a-majors-de-25-anys","status":"publish","type":"page","link":"https:\/\/agora.xtec.cat\/cfa-elstarongers\/ensenyaments\/preparacio-per-la-prova-dacces-a-la-universitat-per-a-majors-de-25-anys\/","title":{"rendered":"Preparaci\u00f3 per la prova d\u2019acc\u00e9s a la universitat per a majors de 25 anys"},"content":{"rendered":"\n<h3>Requisits<\/h3>\n<p>Pots presentar-te a la prova d&#8217;acc\u00e9s a la universitat per a\u00a0<strong>m\u00e9s grans de 25 anys<\/strong>\u00a0si reuneixes els <strong>requisits<\/strong> seg\u00fcents:<\/p>\n<ul>\n<li>Tenir 25 anys en l&#8217;any natural en qu\u00e8 es realitza la prova.<\/li>\n<li>No tenir superada la PAU (o equivalent).<\/li>\n<li>No estar en possessi\u00f3 d&#8217;un t\u00edtol de t\u00e8cnic superior de formaci\u00f3 professional, d&#8217;arts pl\u00e0stiques i disseny, o d&#8217;esports (o equivalent).<\/li>\n<li>No tenir cap titulaci\u00f3 universit\u00e0ria.<\/li>\n<\/ul>\n<h3>\u00a0<\/h3>\n<h3>Durada del curs i horaris<\/h3>\n<p>El curs comen\u00e7a el mes de setembre i conclou a l&#8217;abril. S\u2019imparteix als vespres, de dilluns a dijous.<\/p>\n<h3>\u00a0<\/h3>\n<h3>Contingut del curs<\/h3>\n<p>El curs s\u2019estructura en dues parts, la\u00a0<b>part comuna<\/b>\u00a0i la\u00a0<b>part espec\u00edfica<\/b>.<\/p>\n<table>\n<tbody>\n<tr>\n<td style=\"text-align: center;\"><strong>Part Comuna<\/strong><\/td>\n<td style=\"text-align: center;\"><strong>Part espec\u00edfica<\/strong><\/td>\n<\/tr>\n<tr>\n<td><strong>\u00a0 Llengua Catalana<\/strong><br \/><strong>\u00a0 Llengua Castellana\u00a0<br \/><\/strong><b>\u00a0 Comentari de text<\/b><strong>\u00a0<\/strong><br \/><strong>\u00a0 Angl\u00e8s<\/strong><\/td>\n<td style=\"text-align: center;\"><strong>Dues mat\u00e8ries a triar d&#8217;entre les que apareguin a l\u2019opci\u00f3 que l\u2019interessi a l\u2019alumne.<br \/><br \/>\u00a0A l&#8217;escola oferim classes de l&#8217;assignatura de geografia.\u00a0<\/strong><\/td>\n<\/tr>\n<\/tbody>\n<\/table>\n<p><span style=\"color: #000000;\">Al CFA Els Tarongers oferim totes les mat\u00e8ries indicades de la <strong>part comuna<\/strong> i una <strong>mat\u00e8ria espec\u00edfica<\/strong>, aquest curs 2023-24 \u00e9s <strong>Geografia<\/strong>. L<\/span>a resta de mat\u00e8ries s\u2019han de cursar per <strong>compte propi<\/strong>.<\/p>\n<p>Per a m\u00e9s informaci\u00f3 sobre l&#8217;estructura d&#8217;aquest ensenyament consulta <a href=\"https:\/\/universitats.gencat.cat\/ca\/acces-universitat\/acces-segons-perfils-estudiants\/tinc-mes-25-anys\/index.html#estructura\" target=\"_blank\" rel=\"noopener\" data-saferedirecturl=\"https:\/\/www.google.com\/url?q=https:\/\/universitats.gencat.cat\/ca\/acces-universitat\/acces-segons-perfils-estudiants\/tinc-mes-25-anys\/index.html%23estructura&amp;source=gmail&amp;ust=1699622380962000&amp;usg=AOvVaw17JYdXNoMeX03WURZfR-4u\">aqu\u00ed<\/a>.<br \/><br \/><\/p>\n<h3>Convocat\u00f2ries i validesa de la prova<\/h3>\n<p>La prova d&#8217;acc\u00e9s per a m\u00e9s grans de 25 anys es convoca <strong>una vegada a l&#8217;any<\/strong>. Disposes d&#8217;un <strong>nombre il\u00b7limitat de convocat\u00f2ries<\/strong> per superar aquesta prova i pots presentar-te en convocat\u00f2ries posteriors per <strong>millorar la qualificaci\u00f3 obtinguda<\/strong>, si compleixes els requisits. La qualificaci\u00f3 obtinguda t\u00e9 <strong>validesa indefinida<\/strong>.<\/p>\n<h3>\u00a0<\/h3>\n<h3>M\u00e9s informaci\u00f3<\/h3>\n<p>La convocat\u00f2ria per a la prova d\u2019acc\u00e9s i tota la informaci\u00f3 relacionada es troba al web <a href=\"https:\/\/universitats.gencat.cat\/ca\/acces-universitat\/acces-segons-perfils-estudiants\/tinc-mes-25-anys\/\" target=\"_blank\" rel=\"noopener\">Canal Universitats &#8211; Tinc m\u00e9s de 25 anys<\/a>.<\/p>\n<p>\u00a0<\/p>\n<p>\u00a0<\/p>\n<p>\u00a0<\/p>\n","protected":false},"excerpt":{"rendered":"<p>Requisits<br \/>\nPots presentar-te a la prova d&#8217;acc\u00e9s a la universitat per a\u00a0m\u00e9s grans de 25 anys\u00a0si reuneixes els requisits seg\u00fcents:<\/p>\n<ul>\n<li>Tenir 25 anys en l&#8217;any natural en qu\u00e8 es realitza la prova.<\/li>\n<li>No tenir superada la PAU (o equivalent).<\/li>\n<li>No estar en possessi\u00f3 d&#8217;un t\u00edtol de t\u00e8cnic superior de&hellip;  <a href=\"https:\/\/agora.xtec.cat\/cfa-elstarongers\/ensenyaments\/preparacio-per-la-prova-dacces-a-la-universitat-per-a-majors-de-25-anys\/\" title=\"Read Preparaci\u00f3 per la prova d\u2019acc\u00e9s a la universitat per a majors de 25 anys\">Llegeix m\u00e9s\u00bb<\/a><br \/>\n","protected":false},"author":3,"featured_media":0,"parent":274,"menu_order":60,"comment_status":"closed","ping_status":"close","template":"page-templates\/side-menu.php","meta":{"_bbp_topic_count":0,"_bbp_reply_count":0,"_bbp_total_topic_count":0,"_bbp_total_reply_count":0,"_bbp_voice_count":0,"_bbp_anonymous_reply_count":0,"_bbp_topic_count_hidden":0,"_bbp_reply_count_hidden":0,"_bbp_forum_subforum_count":0,"footnotes":""},"class_list":["post-1789","page","type-page","status-publish","hentry"],"post_mailing_queue_ids":[],"_links":{"self":[{"href":"https:\/\/agora.xtec.cat\/cfa-elstarongers\/wp-json\/wp\/v2\/pages\/1789","targetHints":{"allow":["GET"]}}],"collection":[{"href":"https:\/\/agora.xtec.cat\/cfa-elstarongers\/wp-json\/wp\/v2\/pages"}],"about":[{"href":"https:\/\/agora.xtec.cat\/cfa-elstarongers\/wp-json\/wp\/v2\/types\/page"}],"author":[{"embeddable":true,"href":"https:\/\/agora.xtec.cat\/cfa-elstarongers\/wp-json\/wp\/v2\/users\/3"}],"replies":[{"embeddable":true,"href":"https:\/\/agora.xtec.cat\/cfa-elstarongers\/wp-json\/wp\/v2\/comments?post=1789"}],"version-history":[{"count":6,"href":"https:\/\/agora.xtec.cat\/cfa-elstarongers\/wp-json\/wp\/v2\/pages\/1789\/revisions"}],"predecessor-version":[{"id":1813,"href":"https:\/\/agora.xtec.cat\/cfa-elstarongers\/wp-json\/wp\/v2\/pages\/1789\/revisions\/1813"}],"up":[{"embeddable":true,"href":"https:\/\/agora.xtec.cat\/cfa-elstarongers\/wp-json\/wp\/v2\/pages\/274"}],"wp:attachment":[{"href":"https:\/\/agora.xtec.cat\/cfa-elstarongers\/wp-json\/wp\/v2\/media?parent=1789"}],"curies":[{"name":"wp","href":"https:\/\/api.w.org\/{rel}","templated":true}]}}