{"id":1596,"date":"2023-04-25T16:59:35","date_gmt":"2023-04-25T14:59:35","guid":{"rendered":"https:\/\/agora.xtec.cat\/cfa-elstarongers\/?page_id=1596"},"modified":"2023-11-09T15:00:14","modified_gmt":"2023-11-09T14:00:14","slug":"preparacio-proves-dacces-a-cicles-formatius-de-grau-superior","status":"publish","type":"page","link":"https:\/\/agora.xtec.cat\/cfa-elstarongers\/ensenyaments\/preparacio-proves-dacces-a-cicles-formatius-de-grau-superior\/","title":{"rendered":"Preparaci\u00f3 Proves d\u2019Acc\u00e9s a Cicles Formatius de Grau Superior"},"content":{"rendered":"\n<h3><b>Qu\u00e8 \u00e9s i a qui va adre\u00e7at?<\/b><\/h3>\n<p><span style=\"font-weight: 400;\">Aquest curs prepara els alumnes que volen superar la prova d&#8217;acc\u00e9s a Cicles Formatius de Grau Superior.<\/span><\/p>\n<p><span style=\"font-weight: 400;\">S&#8217;adre\u00e7a, principalment, a persones que hagin obtingut el t\u00edtol d&#8217;Educaci\u00f3 Secund\u00e0ria Obligat\u00f2ria o b\u00e9 que hagin cursat un Cicle Formatiu de Grau Mitj\u00e0 i vulguin cursar un Cicle Formatiu de Grau Superior.<\/span><\/p>\n<p><span style=\"font-weight: 400;\">Els alumnes, normalment al mes de mar\u00e7, s&#8217;han d&#8217;inscriure a la prova pagant la taxa corresponent. En aquell moment han de tenir 19 anys o complir-los al llarg de l&#8217;any.<\/span><\/p>\n<h3><b>Durada del curs i horaris<\/b><\/h3>\n<p><span style=\"font-weight: 400;\">El curs comen\u00e7a el mes de setembre i conclou el mes de maig. S&#8217;imparteix quatre matins de dilluns a divendres i \u00e9s d&#8217;assist\u00e8ncia obligat\u00f2ria (<\/span><i><span style=\"font-weight: 400;\">L&#8217;expedici\u00f3 de la certificaci\u00f3 acreditativa d&#8217;haver superat la formaci\u00f3 requereix l&#8217;assist\u00e8ncia, almenys, al 80% de les hores previstes<\/span><\/i><span style=\"font-weight: 400;\">)<\/span><\/p>\n<h3><b>Qualificaci\u00f3<\/b><\/h3>\n<p><span style=\"font-weight: 400;\">La qualificaci\u00f3 del curs, sempre que sigui de 5 punts o m\u00e9s, suposar\u00e0 un increment de fins a 2 punts en la nota de la prova d&#8217;acc\u00e9s, sempre que aquesta \u00faltima sigui de 4 punts o m\u00e9s.<\/span><\/p>\n<h3><b>Contingut del curs<\/b><\/h3>\n<p><span style=\"font-weight: 400;\">El curs s&#8217;estructura en dues parts, la <\/span><b>part comuna<\/b><span style=\"font-weight: 400;\"> i la <\/span><b>part espec\u00edfica<\/b><span style=\"font-weight: 400;\">.<\/span><\/p>\n\n\n\n<figure class=\"wp-block-table\"><table><tbody><tr><td class=\"has-text-align-center\" data-align=\"center\"><strong>Part Comuna<\/strong><\/td><td class=\"has-text-align-center\" data-align=\"center\"><strong>Part espec\u00edfica<\/strong><\/td><\/tr><tr><td class=\"has-text-align-center\" data-align=\"center\">&#8211; <strong>Llengua Catalana<\/strong><br>&#8211; <strong>Llengua Castellana<\/strong><br>&#8211; <strong>Angl\u00e8s<\/strong><br>&#8211; <strong>Matem\u00e0tiques<\/strong><\/td><td class=\"has-text-align-center\" data-align=\"center\"><strong>Dues mat\u00e8ries a triar d&#8217;entre les que apareguin a l&#8217;opci\u00f3 que l&#8217;interessi a l&#8217;alumne.<\/strong><\/td><\/tr><\/tbody><\/table><\/figure>\n\n\n\n<p>L&#8217;opci\u00f3 de la part espec\u00edfica dep\u00e8n del cicle formatiu que l&#8217;alumne vulgui estudiar. Cada cicle formatiu pertany a una determinada fam\u00edlia professional i les fam\u00edlies professional estan associades a les diverses opcions segons el quadre que es pot consultar <a href=\"http:\/\/ensenyament.gencat.cat\/web\/.content\/home\/serveis-tramits\/proves\/proves-acces\/_compartits\/opcions-materies-GS-FP.pdf\">AQU\u00cd<\/a>.<\/p>\n\n\n\n<p>Al <em>CFA Els Tarongers<\/em>, oferim totes les mat\u00e8ries indicades de la part comuna i una mat\u00e8ria espec\u00edfica. La resta de mat\u00e8ries s&#8217;han de cursar a dist\u00e0ncia a l&#8217;Institut Obert de Catalunya.<\/p>\n\n\n\n<p><strong>Prova d&#8217;acc\u00e9s<\/strong><\/p>\n\n\n\n<p>La convocat\u00f2ria per a la prova d&#8217;acc\u00e9s i tota la informaci\u00f3 relacionada es troba al web <a href=\"http:\/\/ensenyament.gencat.cat\/ca\/serveis-tramits\/proves\/proves-acces\/gs-fp\/\">http:\/\/ensenyament.gencat.cat\/ca\/serveis-tramits\/proves\/proves-acces\/gs-fp\/<\/a><\/p>\n\n\n\n<h3 class=\"wp-block-heading\">Validesa de la prova<\/h3>\n\n\n\n<p>La superaci\u00f3 de la prova possibilita l&#8217;acc\u00e9s a qualsevol cicle formatiu de grau superior que sigui af\u00ed a l&#8217;opci\u00f3 triada, per\u00f2 no \u00e9s garantia d&#8217;obtenir pla\u00e7a.<\/p>\n\n\n\n<p>No t\u00e9 caducitat i val per a tot l&#8217;estat espanyol.<\/p>\n\n\n\n<h3 class=\"wp-block-heading\"><strong>M\u00e9s informaci\u00f3<\/strong><\/h3>\n\n\n\n<p>Podeu trobar m\u00e9s informaci\u00f3 a:&nbsp;<\/p>\n\n\n\n<p><a href=\"https:\/\/triaeducativa.gencat.cat\/ca\/al-llarg-vida\/proves-acces\/\">Tria Educativa<\/a><\/p>\n\n\n\n<p><a href=\"https:\/\/ioc.xtec.cat\/educacio\/acfgs\">Acc\u00e9s als cicles de Grau Superior<\/a><\/p>\n\n\n\n<p><a href=\"http:\/\/dogc.gencat.cat\/ca\/pdogc_canals_interns\/pdogc_resultats_fitxa\/?documentId=460016&amp;language=ca_ES&amp;action=fitxa\">http:\/\/dogc.gencat.cat\/ca\/pdogc_canals_interns\/pdogc_resultats_fitxa\/?documentId=460016&amp;language=ca_ES&amp;action=fitxa<\/a><\/p>\n","protected":false},"excerpt":{"rendered":"<p>Qu\u00e8 \u00e9s i a qui va adre\u00e7at?<br \/>\nAquest curs prepara els alumnes que volen superar la prova d&#8217;acc\u00e9s a Cicles Formatius de Grau Superior.<br \/>\nS&#8217;adre\u00e7a, principalment, a persones que hagin obtingut el t\u00edtol d&#8217;Educaci\u00f3 Secund\u00e0ria Obligat\u00f2ria o b\u00e9 que hagin cursat un Cicle Formatiu de Grau Mitj\u00e0&hellip;  <a href=\"https:\/\/agora.xtec.cat\/cfa-elstarongers\/ensenyaments\/preparacio-proves-dacces-a-cicles-formatius-de-grau-superior\/\" title=\"Read Preparaci\u00f3 Proves d\u2019Acc\u00e9s a Cicles Formatius de Grau Superior\">Llegeix m\u00e9s\u00bb<\/a><\/p>\n","protected":false},"author":1,"featured_media":0,"parent":274,"menu_order":50,"comment_status":"closed","ping_status":"close","template":"page-templates\/side-menu.php","meta":{"_bbp_topic_count":0,"_bbp_reply_count":0,"_bbp_total_topic_count":0,"_bbp_total_reply_count":0,"_bbp_voice_count":0,"_bbp_anonymous_reply_count":0,"_bbp_topic_count_hidden":0,"_bbp_reply_count_hidden":0,"_bbp_forum_subforum_count":0,"footnotes":""},"class_list":["post-1596","page","type-page","status-publish","hentry"],"post_mailing_queue_ids":[],"_links":{"self":[{"href":"https:\/\/agora.xtec.cat\/cfa-elstarongers\/wp-json\/wp\/v2\/pages\/1596","targetHints":{"allow":["GET"]}}],"collection":[{"href":"https:\/\/agora.xtec.cat\/cfa-elstarongers\/wp-json\/wp\/v2\/pages"}],"about":[{"href":"https:\/\/agora.xtec.cat\/cfa-elstarongers\/wp-json\/wp\/v2\/types\/page"}],"author":[{"embeddable":true,"href":"https:\/\/agora.xtec.cat\/cfa-elstarongers\/wp-json\/wp\/v2\/users\/1"}],"replies":[{"embeddable":true,"href":"https:\/\/agora.xtec.cat\/cfa-elstarongers\/wp-json\/wp\/v2\/comments?post=1596"}],"version-history":[{"count":4,"href":"https:\/\/agora.xtec.cat\/cfa-elstarongers\/wp-json\/wp\/v2\/pages\/1596\/revisions"}],"predecessor-version":[{"id":1801,"href":"https:\/\/agora.xtec.cat\/cfa-elstarongers\/wp-json\/wp\/v2\/pages\/1596\/revisions\/1801"}],"up":[{"embeddable":true,"href":"https:\/\/agora.xtec.cat\/cfa-elstarongers\/wp-json\/wp\/v2\/pages\/274"}],"wp:attachment":[{"href":"https:\/\/agora.xtec.cat\/cfa-elstarongers\/wp-json\/wp\/v2\/media?parent=1596"}],"curies":[{"name":"wp","href":"https:\/\/api.w.org\/{rel}","templated":true}]}}