{"id":1592,"date":"2023-04-25T16:49:25","date_gmt":"2023-04-25T14:49:25","guid":{"rendered":"https:\/\/agora.xtec.cat\/cfa-elstarongers\/?page_id=1592"},"modified":"2023-04-25T16:49:26","modified_gmt":"2023-04-25T14:49:26","slug":"ges","status":"publish","type":"page","link":"https:\/\/agora.xtec.cat\/cfa-elstarongers\/ensenyaments\/ges\/","title":{"rendered":"GES"},"content":{"rendered":"\n<p><span style=\"font-weight: 400;\">Aquests estudis permeten completar els ensenyaments b\u00e0sics i obtenir el t\u00edtol de graduat en educaci\u00f3 secund\u00e0ria obligat\u00f2ria (GESO).<\/span><\/p>\n<p><span style=\"font-weight: 400;\">Els continguts s&#8217;estructuren en <\/span><b>dos nivells<\/b><span style=\"font-weight: 400;\"> i <\/span><b>tres \u00e0mbits<\/b><span style=\"font-weight: 400;\">:<\/span><\/p>\n<p><b>\u00c0mbit de la comunicaci\u00f3<\/b><\/p>\n<p><span style=\"font-weight: 400;\">&#8211; llengua i literatura catalanes<\/span><span style=\"font-weight: 400;\"><br \/><\/span><span style=\"font-weight: 400;\">&#8211; llengua i literatura castellanes<\/span><span style=\"font-weight: 400;\"><br \/><\/span><span style=\"font-weight: 400;\">&#8211; llengua estrangera<\/span><\/p>\n<p><b>\u00c0mbit cientificotecnol\u00f2gic<\/b><\/p>\n<p><span style=\"font-weight: 400;\">&#8211; matem\u00e0tiques<\/span><span style=\"font-weight: 400;\"><br \/><\/span><span style=\"font-weight: 400;\">&#8211; ci\u00e8ncies de la naturalesa<\/span><span style=\"font-weight: 400;\"><br \/><\/span><span style=\"font-weight: 400;\">&#8211; tecnologia<\/span><span style=\"font-weight: 400;\"><br \/><\/span><span style=\"font-weight: 400;\">&#8211; f\u00edsica i qu\u00edmica<\/span><span style=\"font-weight: 400;\"><br \/><\/span><span style=\"font-weight: 400;\">&#8211; biologia i geologia<\/span><\/p>\n<p><b>\u00c0mbit social<\/b><\/p>\n<p><span style=\"font-weight: 400;\">&#8211; ci\u00e8ncies socials (educaci\u00f3 per a la ciutadania i moviments migratoris)<\/span><span style=\"font-weight: 400;\"><br \/><\/span><span style=\"font-weight: 400;\">&#8211; geografia i hist\u00f2ria<\/span><\/p>\n<p><span style=\"font-weight: 400;\">Poden accedir a aquests estudis totes les persones que tenen m\u00e9s de 18 anys o b\u00e9 els compleixen durant l&#8217;any natural en qu\u00e8 inicien la formaci\u00f3.<\/span><\/p>\n<p><span style=\"font-weight: 400;\">Hi ha grups en horari de tarda o vespre.<\/span><\/p>\n<p><span style=\"font-weight: 400;\">Les persones que superen aquesta formaci\u00f3 poden accedir als ensenyaments seg\u00fcents:<\/span><\/p>\n<p><span style=\"font-weight: 400;\">&#8211; el batxillerat,<\/span><span style=\"font-weight: 400;\"><br \/><\/span><span style=\"font-weight: 400;\">&#8211; els cicles formatius de grau mitj\u00e0,<\/span><span style=\"font-weight: 400;\"><br \/><\/span><span style=\"font-weight: 400;\">&#8211; la preparaci\u00f3 per a les proves d&#8217;acc\u00e9s als cicles formatius de grau superior i<\/span><span style=\"font-weight: 400;\"><br \/><\/span><span style=\"font-weight: 400;\">&#8211; la preparaci\u00f3 per a les proves d&#8217;acc\u00e9s a la universitat per a les persones m\u00e9s grans de 25 anys.<\/span><\/p>\n<p>\u00a0<\/p>\n","protected":false},"excerpt":{"rendered":"<p>Aquests estudis permeten completar els ensenyaments b\u00e0sics i obtenir el t\u00edtol de graduat en educaci\u00f3 secund\u00e0ria obligat\u00f2ria (GESO).<br \/>\nEls continguts s&#8217;estructuren en dos nivells i tres \u00e0mbits:<br \/>\n\u00c0mbit de la comunicaci\u00f3<br \/>\n&#8211; llengua i literatura catalanes&#8211; llengua i literatura castellanes&#8211; llengua estrangera<br \/>\n\u00c0mbit cientificotecnol\u00f2gic<br \/>\n&#8211; matem\u00e0tiques&#8211; ci\u00e8ncies de la naturalesa&#8211;&hellip;  <a href=\"https:\/\/agora.xtec.cat\/cfa-elstarongers\/ensenyaments\/ges\/\" title=\"Read GES\">Llegeix m\u00e9s\u00bb<\/a><\/p>\n","protected":false},"author":1,"featured_media":0,"parent":274,"menu_order":40,"comment_status":"closed","ping_status":"close","template":"page-templates\/side-menu.php","meta":{"_bbp_topic_count":0,"_bbp_reply_count":0,"_bbp_total_topic_count":0,"_bbp_total_reply_count":0,"_bbp_voice_count":0,"_bbp_anonymous_reply_count":0,"_bbp_topic_count_hidden":0,"_bbp_reply_count_hidden":0,"_bbp_forum_subforum_count":0,"footnotes":""},"class_list":["post-1592","page","type-page","status-publish","hentry"],"post_mailing_queue_ids":[],"_links":{"self":[{"href":"https:\/\/agora.xtec.cat\/cfa-elstarongers\/wp-json\/wp\/v2\/pages\/1592","targetHints":{"allow":["GET"]}}],"collection":[{"href":"https:\/\/agora.xtec.cat\/cfa-elstarongers\/wp-json\/wp\/v2\/pages"}],"about":[{"href":"https:\/\/agora.xtec.cat\/cfa-elstarongers\/wp-json\/wp\/v2\/types\/page"}],"author":[{"embeddable":true,"href":"https:\/\/agora.xtec.cat\/cfa-elstarongers\/wp-json\/wp\/v2\/users\/1"}],"replies":[{"embeddable":true,"href":"https:\/\/agora.xtec.cat\/cfa-elstarongers\/wp-json\/wp\/v2\/comments?post=1592"}],"version-history":[{"count":1,"href":"https:\/\/agora.xtec.cat\/cfa-elstarongers\/wp-json\/wp\/v2\/pages\/1592\/revisions"}],"predecessor-version":[{"id":1593,"href":"https:\/\/agora.xtec.cat\/cfa-elstarongers\/wp-json\/wp\/v2\/pages\/1592\/revisions\/1593"}],"up":[{"embeddable":true,"href":"https:\/\/agora.xtec.cat\/cfa-elstarongers\/wp-json\/wp\/v2\/pages\/274"}],"wp:attachment":[{"href":"https:\/\/agora.xtec.cat\/cfa-elstarongers\/wp-json\/wp\/v2\/media?parent=1592"}],"curies":[{"name":"wp","href":"https:\/\/api.w.org\/{rel}","templated":true}]}}