{"id":1590,"date":"2023-04-25T16:46:38","date_gmt":"2023-04-25T14:46:38","guid":{"rendered":"https:\/\/agora.xtec.cat\/cfa-elstarongers\/?page_id=1590"},"modified":"2023-04-25T16:46:38","modified_gmt":"2023-04-25T14:46:38","slug":"formacio-instrumental","status":"publish","type":"page","link":"https:\/\/agora.xtec.cat\/cfa-elstarongers\/ensenyaments\/formacio-instrumental\/","title":{"rendered":"Formaci\u00f3 Instrumental"},"content":{"rendered":"\n<p><span style=\"font-weight: 400;\">L&#8217;objectiu d&#8217;aquests estudis \u00e9s que les persones adultes aprenguin a llegir, escriure i fer c\u00e0lculs elementals.<\/span><\/p>\n<p><span style=\"font-weight: 400;\">La superaci\u00f3 d&#8217;aquests estudis permet l&#8217;obtenci\u00f3 del certificat de formaci\u00f3 instrumental.<\/span><\/p>\n<p><span style=\"font-weight: 400;\">Els continguts d&#8217;aquesta formaci\u00f3 s&#8217;organitzen en quatre <\/span><b>nivells<\/b><span style=\"font-weight: 400;\">:<\/span><\/p>\n<p><span style=\"font-weight: 400;\">&#8211; <\/span><b>Primer cicle (1r i 2n nivell)<\/b><span style=\"font-weight: 400;\">, en qu\u00e8 l&#8217;aprenentatge se centra en l&#8217;adquisici\u00f3 dels mecanismes fonamentals de lectura i escriptura i de c\u00e0lcul, a m\u00e9s de nocions elementals sobre l&#8217;entorn social i natural i les noves tecnologies.<\/span><\/p>\n<p><span style=\"font-weight: 400;\">&#8211; <\/span><b>Segon cicle (3r i 4t nivell),<\/b><span style=\"font-weight: 400;\"> en qu\u00e8 es centra en consolidar aquests mecanismes i els coneixements que expliquen l&#8217;entorn, i en el qual s&#8217;amplien els coneixements anteriors fins a assolir els objectius generals del cicle.<\/span><\/p>\n<p><span style=\"font-weight: 400;\">El desenvolupament curricular per a l&#8217;assoliment de les compet\u00e8ncies clau est\u00e0 estructurat en tres \u00e0rees curriculars (ling\u00fc\u00edstica; matem\u00e0tica; medi natural, social i cultural) i dues compet\u00e8ncies transversals (digital; personal, social i laboral).<\/span><\/p>\n<p><span style=\"font-weight: 400;\">La durada aproximada d&#8217;aquesta formaci\u00f3 \u00e9s de 980 hores. Aix\u00f2 no obstant, segons els coneixements previs, les necessitats formatives, i els ritmes d&#8217;aprenentatge de l&#8217;alumnat, la durada pot ser m\u00e9s llarga o menys.<\/span><\/p>\n<p><span style=\"font-weight: 400;\">Poden accedir a aquests estudis totes les persones que tenen m\u00e9s de 18 anys o b\u00e9 els compleixen durant l&#8217;any natural en qu\u00e8 inicien la formaci\u00f3.<\/span><\/p>\n<p><span style=\"font-weight: 400;\">Hi ha grups en horari de mat\u00ed o vespre. Les classes s\u00f3n de quatre dies a la setmana, segons el nivell, i durant tot el curs escolar.<\/span><\/p>\n","protected":false},"excerpt":{"rendered":"<p>L&#8217;objectiu d&#8217;aquests estudis \u00e9s que les persones adultes aprenguin a llegir, escriure i fer c\u00e0lculs elementals.<br \/>\nLa superaci\u00f3 d&#8217;aquests estudis permet l&#8217;obtenci\u00f3 del certificat de formaci\u00f3 instrumental.<br \/>\nEls continguts d&#8217;aquesta formaci\u00f3 s&#8217;organitzen en quatre nivells:<br \/>\n&#8211; Primer cicle (1r i 2n nivell), en qu\u00e8 l&#8217;aprenentatge se centra en&hellip;  <a href=\"https:\/\/agora.xtec.cat\/cfa-elstarongers\/ensenyaments\/formacio-instrumental\/\" title=\"Read Formaci\u00f3 Instrumental\">Llegeix m\u00e9s\u00bb<\/a><\/p>\n","protected":false},"author":1,"featured_media":0,"parent":274,"menu_order":30,"comment_status":"closed","ping_status":"close","template":"page-templates\/side-menu.php","meta":{"_bbp_topic_count":0,"_bbp_reply_count":0,"_bbp_total_topic_count":0,"_bbp_total_reply_count":0,"_bbp_voice_count":0,"_bbp_anonymous_reply_count":0,"_bbp_topic_count_hidden":0,"_bbp_reply_count_hidden":0,"_bbp_forum_subforum_count":0,"footnotes":""},"class_list":["post-1590","page","type-page","status-publish","hentry"],"post_mailing_queue_ids":[],"_links":{"self":[{"href":"https:\/\/agora.xtec.cat\/cfa-elstarongers\/wp-json\/wp\/v2\/pages\/1590","targetHints":{"allow":["GET"]}}],"collection":[{"href":"https:\/\/agora.xtec.cat\/cfa-elstarongers\/wp-json\/wp\/v2\/pages"}],"about":[{"href":"https:\/\/agora.xtec.cat\/cfa-elstarongers\/wp-json\/wp\/v2\/types\/page"}],"author":[{"embeddable":true,"href":"https:\/\/agora.xtec.cat\/cfa-elstarongers\/wp-json\/wp\/v2\/users\/1"}],"replies":[{"embeddable":true,"href":"https:\/\/agora.xtec.cat\/cfa-elstarongers\/wp-json\/wp\/v2\/comments?post=1590"}],"version-history":[{"count":1,"href":"https:\/\/agora.xtec.cat\/cfa-elstarongers\/wp-json\/wp\/v2\/pages\/1590\/revisions"}],"predecessor-version":[{"id":1591,"href":"https:\/\/agora.xtec.cat\/cfa-elstarongers\/wp-json\/wp\/v2\/pages\/1590\/revisions\/1591"}],"up":[{"embeddable":true,"href":"https:\/\/agora.xtec.cat\/cfa-elstarongers\/wp-json\/wp\/v2\/pages\/274"}],"wp:attachment":[{"href":"https:\/\/agora.xtec.cat\/cfa-elstarongers\/wp-json\/wp\/v2\/media?parent=1590"}],"curies":[{"name":"wp","href":"https:\/\/api.w.org\/{rel}","templated":true}]}}