{"id":1588,"date":"2023-04-25T16:45:42","date_gmt":"2023-04-25T14:45:42","guid":{"rendered":"https:\/\/agora.xtec.cat\/cfa-elstarongers\/?page_id=1588"},"modified":"2023-04-25T16:45:43","modified_gmt":"2023-04-25T14:45:43","slug":"llengua-anglesa","status":"publish","type":"page","link":"https:\/\/agora.xtec.cat\/cfa-elstarongers\/ensenyaments\/llengua-anglesa\/","title":{"rendered":"Llengua Anglesa"},"content":{"rendered":"\n<p><span style=\"font-weight: 400;\">Aquests estudis permeten que les persones adultes assoleixin un grau de compet\u00e8ncia comunicativa b\u00e0sica en angl\u00e8s.<\/span><\/p>\n<p><span style=\"font-weight: 400;\">Els ensenyaments estan distribu\u00efts en <\/span><b>tres nivells<\/b><span style=\"font-weight: 400;\"> (angl\u00e8s 1, angl\u00e8s 2 i angl\u00e8s 3), que es corresponen amb els nivells A1, A2.1 i A2.2 respectivament, del MECR-Marc Europeu Com\u00fa de Refer\u00e8ncia per a les Lleng\u00fces.<\/span><\/p>\n<p><span style=\"font-weight: 400;\">En aquests cursos es treballen les habilitats de comprensi\u00f3 i expressi\u00f3 orals i escrites que permeten fer front a situacions ling\u00fc\u00edstiques de la vida quotidiana i comunicar-se de forma b\u00e0sica en un entorn pluriling\u00fce i multicultural.<\/span><\/p>\n<p><span style=\"font-weight: 400;\">Hi ha grups en <\/span><b>horari<\/b><span style=\"font-weight: 400;\"> de mat\u00ed\/tarda\/vespre. Les classes s\u00f3n de dos dies a la setmana, durant tot el curs escolar.<\/span><\/p>\n<p><span style=\"font-weight: 400;\">Poden accedir a aquests estudis totes les persones que tenen m\u00e9s de 18 anys o b\u00e9 els compleixen durant l&#8217;any natural en qu\u00e8 inicien la formaci\u00f3.<\/span><\/p>\n","protected":false},"excerpt":{"rendered":"<p>Aquests estudis permeten que les persones adultes assoleixin un grau de compet\u00e8ncia comunicativa b\u00e0sica en angl\u00e8s.<br \/>\nEls ensenyaments estan distribu\u00efts en tres nivells (angl\u00e8s 1, angl\u00e8s 2 i angl\u00e8s 3), que es corresponen amb els nivells A1, A2.1 i A2.2 respectivament, del MECR-Marc Europeu Com\u00fa de&hellip;  <a href=\"https:\/\/agora.xtec.cat\/cfa-elstarongers\/ensenyaments\/llengua-anglesa\/\" title=\"Read Llengua Anglesa\">Llegeix m\u00e9s\u00bb<\/a><\/p>\n","protected":false},"author":1,"featured_media":0,"parent":274,"menu_order":0,"comment_status":"closed","ping_status":"close","template":"page-templates\/side-menu.php","meta":{"_bbp_topic_count":0,"_bbp_reply_count":0,"_bbp_total_topic_count":0,"_bbp_total_reply_count":0,"_bbp_voice_count":0,"_bbp_anonymous_reply_count":0,"_bbp_topic_count_hidden":0,"_bbp_reply_count_hidden":0,"_bbp_forum_subforum_count":0,"footnotes":""},"class_list":["post-1588","page","type-page","status-publish","hentry"],"post_mailing_queue_ids":[],"_links":{"self":[{"href":"https:\/\/agora.xtec.cat\/cfa-elstarongers\/wp-json\/wp\/v2\/pages\/1588","targetHints":{"allow":["GET"]}}],"collection":[{"href":"https:\/\/agora.xtec.cat\/cfa-elstarongers\/wp-json\/wp\/v2\/pages"}],"about":[{"href":"https:\/\/agora.xtec.cat\/cfa-elstarongers\/wp-json\/wp\/v2\/types\/page"}],"author":[{"embeddable":true,"href":"https:\/\/agora.xtec.cat\/cfa-elstarongers\/wp-json\/wp\/v2\/users\/1"}],"replies":[{"embeddable":true,"href":"https:\/\/agora.xtec.cat\/cfa-elstarongers\/wp-json\/wp\/v2\/comments?post=1588"}],"version-history":[{"count":1,"href":"https:\/\/agora.xtec.cat\/cfa-elstarongers\/wp-json\/wp\/v2\/pages\/1588\/revisions"}],"predecessor-version":[{"id":1589,"href":"https:\/\/agora.xtec.cat\/cfa-elstarongers\/wp-json\/wp\/v2\/pages\/1588\/revisions\/1589"}],"up":[{"embeddable":true,"href":"https:\/\/agora.xtec.cat\/cfa-elstarongers\/wp-json\/wp\/v2\/pages\/274"}],"wp:attachment":[{"href":"https:\/\/agora.xtec.cat\/cfa-elstarongers\/wp-json\/wp\/v2\/media?parent=1588"}],"curies":[{"name":"wp","href":"https:\/\/api.w.org\/{rel}","templated":true}]}}