{"id":1556,"date":"2023-04-18T19:04:16","date_gmt":"2023-04-18T17:04:16","guid":{"rendered":"https:\/\/agora.xtec.cat\/cfa-elstarongers\/?page_id=1556"},"modified":"2023-04-18T19:04:16","modified_gmt":"2023-04-18T17:04:16","slug":"enllacos","status":"publish","type":"page","link":"https:\/\/agora.xtec.cat\/cfa-elstarongers\/enllacos\/","title":{"rendered":"Enlla\u00e7os"},"content":{"rendered":"\n<h3 class=\"page-header item-title\"><a href=\"http:\/\/elstarongers.cat\/enllacos\/26-institucions-organismes-i-associacions.html\">Institucions, Organismes i Associacions\u00a0<\/a><\/h3>\n<p><em>En aquests apartat hi trobareu l&#8217;enlla\u00e7 a llocs web d&#8217;institucions, organismes i associacions que promouen l&#8217;educaci\u00f3 permanent i la formaci\u00f3 de persones adultes, tan d&#8217;\u00e0mbit local com internacional.<\/em><\/p>\n<h3 class=\"page-header item-title\"><a href=\"http:\/\/elstarongers.cat\/enllacos\/27-portals-i-recursos-educatius.html\">Portals i Recursos educatius<\/a><\/h3>\n<p><em>Des d&#8217;aquest apartat podeu accedir a portals i llocs web de car\u00e0cter educatiu i trobar recursos per a l&#8217;autoformaci\u00f3, aix\u00ed informacions diverses sobre la formaci\u00f3 de persones adultes.<\/em><\/p>\n<h3 class=\"page-header item-title\"><a href=\"http:\/\/elstarongers.cat\/enllacos\/28-enllacos-locals.html\">Enlla\u00e7os locals<\/a>\u00a0<\/h3>\n<div id=\"content_main\" class=\"span9\">\n<div class=\"content-main-inner \">\n<div id=\"yt_component\" class=\"span12\">\n<div class=\"component-inner\">\n<div class=\"categories-list\">\n<div class=\"last\">\n<div class=\"category-desc\">\n<p><em>En aquest apartat hi trobareu l&#8217;enlla\u00e7 a portals o llocs web d&#8217;inter\u00e8s ciutad\u00e0 i mataron\u00ed.<\/em><\/p>\n<\/div>\n<\/div>\n<\/div>\n<\/div>\n<\/div>\n<\/div>\n<\/div>\n<div id=\"content_right\" class=\"span3\">\n<div class=\"content-right-in\">\n<div id=\"right\" class=\"span12\">\n<div class=\"module  bg-pattern2 clearfix\">\n<div class=\"modcontent clearfix\">\n<div class=\"modcontent-inner clearfix\">\u00a0<\/div>\n<\/div>\n<\/div>\n<\/div>\n<\/div>\n<\/div>\n","protected":false},"excerpt":{"rendered":"<p><a href=\"http:\/\/elstarongers.cat\/enllacos\/26-institucions-organismes-i-associacions.html\">Institucions, Organismes i Associacions\u00a0<\/a><br \/>\nEn aquests apartat hi trobareu l&#8217;enlla\u00e7 a llocs web d&#8217;institucions, organismes i associacions que promouen l&#8217;educaci\u00f3 permanent i la formaci\u00f3 de persones adultes, tan d&#8217;\u00e0mbit local com internacional.<br \/>\n<a href=\"http:\/\/elstarongers.cat\/enllacos\/27-portals-i-recursos-educatius.html\">Portals i Recursos educatius<\/a><br \/>\nDes d&#8217;aquest apartat podeu accedir a portals i llocs web&hellip;  <a href=\"https:\/\/agora.xtec.cat\/cfa-elstarongers\/enllacos\/\" title=\"Read Enlla\u00e7os\">Llegeix m\u00e9s\u00bb<\/a><\/p>\n","protected":false},"author":1,"featured_media":0,"parent":0,"menu_order":0,"comment_status":"closed","ping_status":"close","template":"","meta":{"_bbp_topic_count":0,"_bbp_reply_count":0,"_bbp_total_topic_count":0,"_bbp_total_reply_count":0,"_bbp_voice_count":0,"_bbp_anonymous_reply_count":0,"_bbp_topic_count_hidden":0,"_bbp_reply_count_hidden":0,"_bbp_forum_subforum_count":0,"footnotes":""},"class_list":["post-1556","page","type-page","status-publish","hentry"],"post_mailing_queue_ids":[],"_links":{"self":[{"href":"https:\/\/agora.xtec.cat\/cfa-elstarongers\/wp-json\/wp\/v2\/pages\/1556","targetHints":{"allow":["GET"]}}],"collection":[{"href":"https:\/\/agora.xtec.cat\/cfa-elstarongers\/wp-json\/wp\/v2\/pages"}],"about":[{"href":"https:\/\/agora.xtec.cat\/cfa-elstarongers\/wp-json\/wp\/v2\/types\/page"}],"author":[{"embeddable":true,"href":"https:\/\/agora.xtec.cat\/cfa-elstarongers\/wp-json\/wp\/v2\/users\/1"}],"replies":[{"embeddable":true,"href":"https:\/\/agora.xtec.cat\/cfa-elstarongers\/wp-json\/wp\/v2\/comments?post=1556"}],"version-history":[{"count":1,"href":"https:\/\/agora.xtec.cat\/cfa-elstarongers\/wp-json\/wp\/v2\/pages\/1556\/revisions"}],"predecessor-version":[{"id":1558,"href":"https:\/\/agora.xtec.cat\/cfa-elstarongers\/wp-json\/wp\/v2\/pages\/1556\/revisions\/1558"}],"wp:attachment":[{"href":"https:\/\/agora.xtec.cat\/cfa-elstarongers\/wp-json\/wp\/v2\/media?parent=1556"}],"curies":[{"name":"wp","href":"https:\/\/api.w.org\/{rel}","templated":true}]}}