{"id":1552,"date":"2023-04-18T19:01:58","date_gmt":"2023-04-18T17:01:58","guid":{"rendered":"https:\/\/agora.xtec.cat\/cfa-elstarongers\/?page_id=1552"},"modified":"2026-05-06T18:40:34","modified_gmt":"2026-05-06T16:40:34","slug":"cohesio-i-convivencia","status":"publish","type":"page","link":"https:\/\/agora.xtec.cat\/cfa-elstarongers\/serveis\/cohesio-i-convivencia\/","title":{"rendered":"Cohesi\u00f3 i Conviv\u00e8ncia"},"content":{"rendered":"\n<p><em>Hem apr\u00e8s a volar com els ocells, a nedar com els peixos,<\/em><br><em>per\u00f2 no hem apr\u00e8s l&#8217;art de viure junts, com a germans.<\/em><br>(Martin Luther King)<\/p>\n<p>A l\u2019escola, el curs 2010-2011, ens vam trobar persones origin\u00e0ries de 20 pa\u00efsos diferents. Aix\u00f2 \u00e9s aix\u00ed des de fa un bon grapat d\u2019anys i, de ben segur, que continuar\u00e0 essent aix\u00ed. Volem viure la diversitat i en la diversitat, com una font de riquesa i de coneixement i no com un motiu d\u2019inquietud ni d\u2019enfrontament. Amb una base fortament assentada en els valors democr\u00e0tics i en els drets humans que no pot deixar espai per a cap tipus de discriminaci\u00f3.<\/p>\n<p>Un dels objectius de l\u2019escola que recull el Projecte Educatiu \u00e9s:<\/p>\n<p><em>Fer de l\u2019escola un lloc de conviv\u00e8ncia, d&#8217;investigaci\u00f3, d\u2019aprenentatge, de formaci\u00f3 permanent, que esdevingui un espai de coneixement i d\u2019an\u00e0lisi vinculat a la realitat de les persones que hi participen i a les seves necessitats.<\/em><\/p>\n<p>Dos dels Principis d\u2019Identitat de l\u2019escola recollits al Projecte Educatiu diuen:<\/p>\n<p><em>L\u2019actuaci\u00f3 educativa es basar\u00e0 en la comunicaci\u00f3 i interrelaci\u00f3 que permet el di\u00e0leg, la cooperaci\u00f3 i la solidaritat entre totes les persones participants.<\/em><\/p>\n<p><em>Una educaci\u00f3 que respecti la diversitat en tots els seus aspectes i fomenti l\u2019esperit de toler\u00e0ncia i solidaritat.<\/em><\/p>\n<p>La nostra terra ha estat hist\u00f2ricament terra d\u2019arribada, de pas i d\u2019acollida i volem que continu\u00ef sent aix\u00ed. Per\u00f2, perqu\u00e8 aix\u00ed sigui, hem d\u2019incorporar a la nostra vida quotidiana la voluntat d\u2019aconseguir-ho.<\/p>\n<p>Tot un seguit de circumst\u00e0ncies ens han portat a adherir-nos a la xarxa internacional d\u2019<a href=\"http:\/\/www.acpp.com\/accion_social_educar.htm\" target=\"_blank\" rel=\"noopener\"><strong><em>Escoles sense Racisme<\/em><\/strong><\/a>, perqu\u00e8 creiem que&nbsp;<em>Tots som iguals i, alhora, tots som diferents<\/em>. Volem treballar contra qualsevol tipus de discriminaci\u00f3, contra els t\u00f2pics i prejudicis que ens fan cada cop m\u00e9s individualistes i menys solidaris. Us convidem a col\u00b7laborar amb nosaltres!<\/p>\n\n\n\n<figure class=\"wp-block-image size-large\"><a href=\"https:\/\/agora.xtec.cat\/cfa-elstarongers\/wp-content\/uploads\/usu2184\/2023\/04\/Captura-13.png\"><img loading=\"lazy\" decoding=\"async\" width=\"805\" height=\"193\" src=\"https:\/\/agora.xtec.cat\/cfa-elstarongers\/wp-content\/uploads\/usu2184\/2023\/04\/Captura-13.png\" alt=\"\" class=\"wp-image-1553\" srcset=\"https:\/\/agora.xtec.cat\/cfa-elstarongers\/wp-content\/uploads\/usu2184\/2023\/04\/Captura-13.png 805w, https:\/\/agora.xtec.cat\/cfa-elstarongers\/wp-content\/uploads\/usu2184\/2023\/04\/Captura-13-300x72.png 300w, https:\/\/agora.xtec.cat\/cfa-elstarongers\/wp-content\/uploads\/usu2184\/2023\/04\/Captura-13-768x184.png 768w\" sizes=\"auto, (max-width: 805px) 100vw, 805px\" \/><\/a><\/figure>\n\n\n","protected":false},"excerpt":{"rendered":"<p>Hem apr\u00e8s a volar com els ocells, a nedar com els peixos,per\u00f2 no hem apr\u00e8s l&#8217;art de viure junts, com a germans.(Martin Luther King)<br \/>\nA l\u2019escola, el curs 2010-2011, ens vam trobar persones origin\u00e0ries de 20 pa\u00efsos diferents. Aix\u00f2 \u00e9s aix\u00ed des de fa un bon&hellip;  <a href=\"https:\/\/agora.xtec.cat\/cfa-elstarongers\/serveis\/cohesio-i-convivencia\/\" title=\"Read Cohesi\u00f3 i Conviv\u00e8ncia\">Llegeix m\u00e9s\u00bb<\/a><\/p>\n","protected":false},"author":1,"featured_media":0,"parent":63,"menu_order":4,"comment_status":"closed","ping_status":"closed","template":"page-templates\/side-menu.php","meta":{"_bbp_topic_count":0,"_bbp_reply_count":0,"_bbp_total_topic_count":0,"_bbp_total_reply_count":0,"_bbp_voice_count":0,"_bbp_anonymous_reply_count":0,"_bbp_topic_count_hidden":0,"_bbp_reply_count_hidden":0,"_bbp_forum_subforum_count":0,"footnotes":""},"class_list":["post-1552","page","type-page","status-publish","hentry"],"post_mailing_queue_ids":[],"_links":{"self":[{"href":"https:\/\/agora.xtec.cat\/cfa-elstarongers\/wp-json\/wp\/v2\/pages\/1552","targetHints":{"allow":["GET"]}}],"collection":[{"href":"https:\/\/agora.xtec.cat\/cfa-elstarongers\/wp-json\/wp\/v2\/pages"}],"about":[{"href":"https:\/\/agora.xtec.cat\/cfa-elstarongers\/wp-json\/wp\/v2\/types\/page"}],"author":[{"embeddable":true,"href":"https:\/\/agora.xtec.cat\/cfa-elstarongers\/wp-json\/wp\/v2\/users\/1"}],"replies":[{"embeddable":true,"href":"https:\/\/agora.xtec.cat\/cfa-elstarongers\/wp-json\/wp\/v2\/comments?post=1552"}],"version-history":[{"count":2,"href":"https:\/\/agora.xtec.cat\/cfa-elstarongers\/wp-json\/wp\/v2\/pages\/1552\/revisions"}],"predecessor-version":[{"id":1576,"href":"https:\/\/agora.xtec.cat\/cfa-elstarongers\/wp-json\/wp\/v2\/pages\/1552\/revisions\/1576"}],"up":[{"embeddable":true,"href":"https:\/\/agora.xtec.cat\/cfa-elstarongers\/wp-json\/wp\/v2\/pages\/63"}],"wp:attachment":[{"href":"https:\/\/agora.xtec.cat\/cfa-elstarongers\/wp-json\/wp\/v2\/media?parent=1552"}],"curies":[{"name":"wp","href":"https:\/\/api.w.org\/{rel}","templated":true}]}}