{"id":1547,"date":"2023-04-18T18:58:26","date_gmt":"2023-04-18T16:58:26","guid":{"rendered":"https:\/\/agora.xtec.cat\/cfa-elstarongers\/?page_id=1547"},"modified":"2026-05-06T18:40:08","modified_gmt":"2026-05-06T16:40:08","slug":"lassociacio-damics-i-alumnes-del-cfa-els-tarongers","status":"publish","type":"page","link":"https:\/\/agora.xtec.cat\/cfa-elstarongers\/serveis\/lassociacio-damics-i-alumnes-del-cfa-els-tarongers\/","title":{"rendered":"L&#8217;Associaci\u00f3 d&#8217;amics i alumnes del CFA Els Tarongers"},"content":{"rendered":"\n<p class=\"text4c\">L&#8217;<em>Associaci\u00f3 d&#8217;amics i alumnes del CFA Els Tarongers&nbsp;<\/em>\u00e9s una associaci\u00f3 legalment constituida inscrita en el Registre d&#8217;Associacions de la Generalitat de Catalunya, amb el n\u00fam. 26837 de la secci\u00f3 1a. del Registre de Barcelona.<\/p>\n<p><strong>L&#8217;Associaci\u00f3<\/strong>&nbsp;va n\u00e9ixer el juny de 2002 per iniciativa d&#8217;un grup d&#8217;alumnes i ex-alumnes que van pensar que havien de fer quelcom per tal que, un cop finalitzada la seva estada al centre, poguessin seguir vinculats a l&#8217;escola i participar de les seves activitats.<\/p>\n<p>Els&nbsp;<strong>principals objectius<\/strong>&nbsp;de l&#8217;Associaci\u00f3 s\u00f3n:<\/p>\n<p>&#8211;&nbsp;<span class=\"text\">Estimular, promoure, organitzar i difondre activitats que donin resposta a les necessitats formatives i educatives de les persones adultes.<\/span><\/p>\n<p><span class=\"text\">&#8211; Donar a con\u00e8ixer les Escoles d&#8217;Adults com a centres de formaci\u00f3 i divulgador de la cultura.<\/span><\/p>\n<p><span class=\"text\">&#8211; Promoure tota mena de relacions i col.laboracions amb altres organitzacions, entitats i associacions c\u00edviques que tinguin objectius similars.<\/span><\/p>\n<p><span class=\"text\">&#8211; Facilitar l&#8217;exercici dels drets que la legislaci\u00f3 vigent reconeix a favor dels alumnes.<\/span><\/p>\n<p><span class=\"text\">&#8211; Impulsar la participaci\u00f3 i col.laboraci\u00f3 activa dels seus membres en els treballs educatius que formen part del projecte educatiu del CFA Els&nbsp; Tarongers, com tamb\u00e9 en les activitats complement\u00e0ries i\/o extraescolars que els diferents organs de gesti\u00f3 del CFA Els Tarongers programi i organitzi.<\/span><\/p>\n\n\n\n<figure class=\"wp-block-image size-large\"><img loading=\"lazy\" decoding=\"async\" width=\"804\" height=\"145\" src=\"https:\/\/agora.xtec.cat\/cfa-elstarongers\/wp-content\/uploads\/usu2184\/2023\/04\/Captura-12.png\" alt=\"\" class=\"wp-image-1548\" srcset=\"https:\/\/agora.xtec.cat\/cfa-elstarongers\/wp-content\/uploads\/usu2184\/2023\/04\/Captura-12.png 804w, https:\/\/agora.xtec.cat\/cfa-elstarongers\/wp-content\/uploads\/usu2184\/2023\/04\/Captura-12-300x54.png 300w, https:\/\/agora.xtec.cat\/cfa-elstarongers\/wp-content\/uploads\/usu2184\/2023\/04\/Captura-12-768x139.png 768w\" sizes=\"auto, (max-width: 804px) 100vw, 804px\" \/><\/figure>\n\n\n","protected":false},"excerpt":{"rendered":"<p>L&#8217;Associaci\u00f3 d&#8217;amics i alumnes del CFA Els Tarongers&nbsp;\u00e9s una associaci\u00f3 legalment constituida inscrita en el Registre d&#8217;Associacions de la Generalitat de Catalunya, amb el n\u00fam. 26837 de la secci\u00f3 1a. del Registre de Barcelona.<br \/>\nL&#8217;Associaci\u00f3&nbsp;va n\u00e9ixer el juny de 2002 per iniciativa d&#8217;un grup d&#8217;alumnes i&hellip;  <a href=\"https:\/\/agora.xtec.cat\/cfa-elstarongers\/serveis\/lassociacio-damics-i-alumnes-del-cfa-els-tarongers\/\" title=\"Read L&#8217;Associaci\u00f3 d&#8217;amics i alumnes del CFA Els Tarongers\">Llegeix m\u00e9s\u00bb<\/a><\/p>\n","protected":false},"author":1,"featured_media":0,"parent":63,"menu_order":3,"comment_status":"closed","ping_status":"closed","template":"page-templates\/side-menu.php","meta":{"_bbp_topic_count":0,"_bbp_reply_count":0,"_bbp_total_topic_count":0,"_bbp_total_reply_count":0,"_bbp_voice_count":0,"_bbp_anonymous_reply_count":0,"_bbp_topic_count_hidden":0,"_bbp_reply_count_hidden":0,"_bbp_forum_subforum_count":0,"footnotes":""},"class_list":["post-1547","page","type-page","status-publish","hentry"],"post_mailing_queue_ids":[],"_links":{"self":[{"href":"https:\/\/agora.xtec.cat\/cfa-elstarongers\/wp-json\/wp\/v2\/pages\/1547","targetHints":{"allow":["GET"]}}],"collection":[{"href":"https:\/\/agora.xtec.cat\/cfa-elstarongers\/wp-json\/wp\/v2\/pages"}],"about":[{"href":"https:\/\/agora.xtec.cat\/cfa-elstarongers\/wp-json\/wp\/v2\/types\/page"}],"author":[{"embeddable":true,"href":"https:\/\/agora.xtec.cat\/cfa-elstarongers\/wp-json\/wp\/v2\/users\/1"}],"replies":[{"embeddable":true,"href":"https:\/\/agora.xtec.cat\/cfa-elstarongers\/wp-json\/wp\/v2\/comments?post=1547"}],"version-history":[{"count":3,"href":"https:\/\/agora.xtec.cat\/cfa-elstarongers\/wp-json\/wp\/v2\/pages\/1547\/revisions"}],"predecessor-version":[{"id":1863,"href":"https:\/\/agora.xtec.cat\/cfa-elstarongers\/wp-json\/wp\/v2\/pages\/1547\/revisions\/1863"}],"up":[{"embeddable":true,"href":"https:\/\/agora.xtec.cat\/cfa-elstarongers\/wp-json\/wp\/v2\/pages\/63"}],"wp:attachment":[{"href":"https:\/\/agora.xtec.cat\/cfa-elstarongers\/wp-json\/wp\/v2\/media?parent=1547"}],"curies":[{"name":"wp","href":"https:\/\/api.w.org\/{rel}","templated":true}]}}