{"id":1205,"date":"2023-02-13T17:40:48","date_gmt":"2023-02-13T16:40:48","guid":{"rendered":"https:\/\/agora.xtec.cat\/cfa-elstarongers\/?page_id=1205"},"modified":"2024-07-04T12:37:04","modified_gmt":"2024-07-04T10:37:04","slug":"materials","status":"publish","type":"page","link":"https:\/\/agora.xtec.cat\/cfa-elstarongers\/materials\/","title":{"rendered":"Materials"},"content":{"rendered":"\n<figure class=\"wp-block-image size-large is-resized\"><a href=\"https:\/\/agora.xtec.cat\/cfa-elstarongers\/wp-content\/uploads\/usu2184\/2023\/02\/nnn-1.jpg\"><img loading=\"lazy\" decoding=\"async\" width=\"833\" height=\"832\" src=\"https:\/\/agora.xtec.cat\/cfa-elstarongers\/wp-content\/uploads\/usu2184\/2023\/02\/nnn-1.jpg\" alt=\"\" class=\"wp-image-1207\" style=\"width:170px;height:170px\" srcset=\"https:\/\/agora.xtec.cat\/cfa-elstarongers\/wp-content\/uploads\/usu2184\/2023\/02\/nnn-1.jpg 833w, https:\/\/agora.xtec.cat\/cfa-elstarongers\/wp-content\/uploads\/usu2184\/2023\/02\/nnn-1-300x300.jpg 300w, https:\/\/agora.xtec.cat\/cfa-elstarongers\/wp-content\/uploads\/usu2184\/2023\/02\/nnn-1-150x150.jpg 150w, https:\/\/agora.xtec.cat\/cfa-elstarongers\/wp-content\/uploads\/usu2184\/2023\/02\/nnn-1-768x767.jpg 768w\" sizes=\"auto, (max-width: 833px) 100vw, 833px\" \/><\/a><\/figure>\n\n\n\n<h3 class=\"wp-block-heading\"><strong>PER A L&#8217;ALFABETITZACI\u00d3 I CATAL\u00c0 INICIAL&nbsp;<\/strong><\/h3>\n\n\n\n<ul class=\"wp-block-list\">\n<li><strong><a href=\"http:\/\/pdi.weebly.com\/index.html\" target=\"_blank\" rel=\"noreferrer noopener\">Catal\u00e0 Inicial amb PDI<\/a><\/strong>&nbsp;(arxius de NoteBook)<br><em>Materials descarregables per a Pisarra Digital Interactiva(PDI) pensats per ser utilitzats als cursos de Catal\u00e0 Inicial (Acolliment Ling\u00fc\u00edstic) de les Escoles d&#8217;Adults. Segueixen el temari dels Cercles de Conversa.<\/em><\/li>\n<\/ul>\n\n\n\n<p><em><strong>Nivell<\/strong>: Catal\u00e0 Inicial i Etapa Instrumental (primer nivell)<\/em><br><em><strong>Autoria<\/strong>: Francesc Iglesias<\/em><\/p>\n\n\n\n<ul class=\"wp-block-list\">\n<li><strong><a href=\"http:\/\/catalainicial.weebly.com\/index.html\" target=\"_blank\" rel=\"noreferrer noopener\">Catal\u00e0 Inicial + alfabetitzaci\u00f3<\/a><\/strong>&nbsp;(arxius .pdf i .mp3)<a href=\"http:\/\/catalainicial.weebly.com\/index.html\" target=\"_blank\" rel=\"noreferrer noopener\"><\/a><em>Material adre\u00e7at als cursos de CATAL\u00c0 INICIAL per a persones nouvingudes no alfabetitzades. Pensat per aprendre catal\u00e0 mentre s&#8217;apr\u00e8n a llegir i escriure.<br>Es tracta d\u2019un proc\u00e9s d\u2019alfabetitzaci\u00f3 mixt, ja que combina el treball anal\u00edtic (global) amb el treball fon\u00e8tic (sil\u00b7l\u00e0bic).&nbsp;<\/em><\/li>\n<\/ul>\n\n\n\n<p><em><strong>Nivell<\/strong>: Catal\u00e0 Inicial i Etapa Instrumental (primer nivell)<\/em><br><em><strong>Autoria<\/strong>: Francesc Iglesias<\/em><\/p>\n\n\n\n<ul class=\"wp-block-list\">\n<li><a href=\"https:\/\/drive.google.com\/drive\/folders\/1kqehjBmmQEujonSawJqrvSSSxGtSH6B8?usp=sharing\" target=\"_blank\" rel=\"noreferrer noopener\"><strong>Materials per l&#8217;alfabetitzaci\u00f3 en catal\u00e0&nbsp; &nbsp;<\/strong>(arxius .odt)<br><\/a><em>Aquest material, est\u00e0 pensat per persones no alfabetitzades en cap llengua i que estiguin aprenent catal\u00e0.<\/em><br><em>Sorgeix de la necessitat de realitzar un treball sistem\u00e0tic de les diferents grafies i tractar de solucionar, de mica en mica, les mancances i defici\u00e8ncies, que presenta l&#8217;alumnat que ha anat aprenent de forma autodidacta.<\/em><\/li>\n<\/ul>\n\n\n\n<p><em><strong>Nivell<\/strong>: Catal\u00e0 Inicial i Etapa Instrumental (primer nivell)<\/em><br><em><strong>Autoria<\/strong>: Llu\u00efsa Carretero<\/em><\/p>\n\n\n\n<ul class=\"wp-block-list\">\n<li><strong><a href=\"http:\/\/alfabetitzacio.weebly.com\/\" target=\"_blank\" rel=\"noreferrer noopener\">Alfabetitzaci\u00f3 &#8211; primeres s\u00edl\u00b7labes<\/a>&nbsp;&nbsp;<\/strong>(arxius .doc)<\/li>\n<\/ul>\n\n\n\n<p><em><strong>Nivell<\/strong>: Etapa Instrumental &#8211; nivell 1 |\u00a0<strong>Idioma<\/strong>: castell\u00e0<\/em><br><em><strong>Autoria<\/strong>: Francesc Iglesias (curs 2003-04)<\/em><\/p>\n","protected":false},"excerpt":{"rendered":"<p><a href=\"https:\/\/agora.xtec.cat\/cfa-elstarongers\/wp-content\/uploads\/usu2184\/2023\/02\/nnn-1.jpg\"><\/a><\/p>\n<p>PER A L&#8217;ALFABETITZACI\u00d3 I CATAL\u00c0 INICIAL&nbsp;<\/p>\n<ul class=\"wp-block-list\">\n<li><a href=\"http:\/\/pdi.weebly.com\/index.html\" target=\"_blank\" rel=\"noreferrer noopener\">Catal\u00e0 Inicial amb PDI<\/a>&nbsp;(arxius de NoteBook)Materials descarregables per a Pisarra Digital Interactiva(PDI) pensats per ser utilitzats als cursos de Catal\u00e0 Inicial (Acolliment Ling\u00fc\u00edstic) de les Escoles d&#8217;Adults. Segueixen el temari dels Cercles de Conversa.<\/li>\n<\/ul>\n<p>Nivell:&hellip;  <a href=\"https:\/\/agora.xtec.cat\/cfa-elstarongers\/materials\/\" title=\"Read Materials\">Llegeix m\u00e9s\u00bb<\/a><\/p>\n","protected":false},"author":1,"featured_media":0,"parent":0,"menu_order":0,"comment_status":"closed","ping_status":"close","template":"","meta":{"_bbp_topic_count":0,"_bbp_reply_count":0,"_bbp_total_topic_count":0,"_bbp_total_reply_count":0,"_bbp_voice_count":0,"_bbp_anonymous_reply_count":0,"_bbp_topic_count_hidden":0,"_bbp_reply_count_hidden":0,"_bbp_forum_subforum_count":0,"footnotes":""},"class_list":["post-1205","page","type-page","status-publish","hentry"],"post_mailing_queue_ids":[],"_links":{"self":[{"href":"https:\/\/agora.xtec.cat\/cfa-elstarongers\/wp-json\/wp\/v2\/pages\/1205","targetHints":{"allow":["GET"]}}],"collection":[{"href":"https:\/\/agora.xtec.cat\/cfa-elstarongers\/wp-json\/wp\/v2\/pages"}],"about":[{"href":"https:\/\/agora.xtec.cat\/cfa-elstarongers\/wp-json\/wp\/v2\/types\/page"}],"author":[{"embeddable":true,"href":"https:\/\/agora.xtec.cat\/cfa-elstarongers\/wp-json\/wp\/v2\/users\/1"}],"replies":[{"embeddable":true,"href":"https:\/\/agora.xtec.cat\/cfa-elstarongers\/wp-json\/wp\/v2\/comments?post=1205"}],"version-history":[{"count":6,"href":"https:\/\/agora.xtec.cat\/cfa-elstarongers\/wp-json\/wp\/v2\/pages\/1205\/revisions"}],"predecessor-version":[{"id":1975,"href":"https:\/\/agora.xtec.cat\/cfa-elstarongers\/wp-json\/wp\/v2\/pages\/1205\/revisions\/1975"}],"wp:attachment":[{"href":"https:\/\/agora.xtec.cat\/cfa-elstarongers\/wp-json\/wp\/v2\/media?parent=1205"}],"curies":[{"name":"wp","href":"https:\/\/api.w.org\/{rel}","templated":true}]}}