{"id":9,"date":"2020-01-24T09:32:01","date_gmt":"2020-01-24T08:32:01","guid":{"rendered":"http:\/\/agora.xtec.cat\/cfa-carmekarr\/?page_id=9"},"modified":"2023-06-13T09:54:04","modified_gmt":"2023-06-13T07:54:04","slug":"pagina-dinici-buida","status":"publish","type":"page","link":"https:\/\/agora.xtec.cat\/cfa-carmekarr\/el-centre\/pagina-dinici-buida\/","title":{"rendered":"Ja tenim aqu\u00ed la Festa de final de curs 22-23"},"content":{"rendered":"<p>Tenim el plaer d&#8217;anunciar l&#8217;Acte Institucional i Festiu de Final de Curs 2022-23.\u00a0 Tindr\u00e0 lloc el dimarts 20 de juny al teatre de l&#8217;escola on gaudirem de sorpreses i diversi\u00f3 acompanyats de les fam\u00edlies d&#8217;alguns dels nostres alumnes.<\/p>\n<p>Tamb\u00e9 farem un reconeixement al nostre alumnat que ha cursat diferents estudis al CFA Carme Karr.<\/p>\n<div style=\"width: 1920px;\" class=\"wp-video\"><!--[if lt IE 9]><script>document.createElement('video');<\/script><![endif]-->\n<video class=\"wp-video-shortcode\" id=\"video-9-1\" width=\"1920\" height=\"1080\" preload=\"metadata\" controls=\"controls\"><source type=\"video\/mp4\" src=\"https:\/\/agora.xtec.cat\/cfa-carmekarr\/wp-content\/uploads\/usu495\/2023\/06\/invitacio-carme-karr_sOuSeO1p.mp4?_=1\" \/><a href=\"https:\/\/agora.xtec.cat\/cfa-carmekarr\/wp-content\/uploads\/usu495\/2023\/06\/invitacio-carme-karr_sOuSeO1p.mp4\">https:\/\/agora.xtec.cat\/cfa-carmekarr\/wp-content\/uploads\/usu495\/2023\/06\/invitacio-carme-karr_sOuSeO1p.mp4<\/a><\/video><\/div>\n<p>&nbsp;<\/p>\n","protected":false},"excerpt":{"rendered":"<p>Tenim el plaer d&#8217;anunciar l&#8217;Acte Institucional i Festiu de Final de Curs 2022-23.\u00a0 Tindr\u00e0 lloc el dimarts 20 de juny al teatre de l&#8217;escola on gaudirem de sorpreses i diversi\u00f3 acompanyats de les fam\u00edlies d&#8217;alguns dels nostres alumnes.<br \/>\nTamb\u00e9 farem un reconeixement al nostre alumnat que&hellip;  <a href=\"https:\/\/agora.xtec.cat\/cfa-carmekarr\/el-centre\/pagina-dinici-buida\/\" title=\"Read Ja tenim aqu\u00ed la Festa de final de curs 22-23\">Llegeix m\u00e9s\u00bb<\/a><\/p>\n","protected":false},"author":1,"featured_media":0,"parent":261,"menu_order":0,"comment_status":"closed","ping_status":"closed","template":"","meta":{"_bbp_topic_count":0,"_bbp_reply_count":0,"_bbp_total_topic_count":0,"_bbp_total_reply_count":0,"_bbp_voice_count":0,"_bbp_anonymous_reply_count":0,"_bbp_topic_count_hidden":0,"_bbp_reply_count_hidden":0,"_bbp_forum_subforum_count":0,"footnotes":""},"class_list":["post-9","page","type-page","status-publish","hentry"],"post_mailing_queue_ids":[],"_links":{"self":[{"href":"https:\/\/agora.xtec.cat\/cfa-carmekarr\/wp-json\/wp\/v2\/pages\/9","targetHints":{"allow":["GET"]}}],"collection":[{"href":"https:\/\/agora.xtec.cat\/cfa-carmekarr\/wp-json\/wp\/v2\/pages"}],"about":[{"href":"https:\/\/agora.xtec.cat\/cfa-carmekarr\/wp-json\/wp\/v2\/types\/page"}],"author":[{"embeddable":true,"href":"https:\/\/agora.xtec.cat\/cfa-carmekarr\/wp-json\/wp\/v2\/users\/1"}],"replies":[{"embeddable":true,"href":"https:\/\/agora.xtec.cat\/cfa-carmekarr\/wp-json\/wp\/v2\/comments?post=9"}],"version-history":[{"count":5,"href":"https:\/\/agora.xtec.cat\/cfa-carmekarr\/wp-json\/wp\/v2\/pages\/9\/revisions"}],"predecessor-version":[{"id":18542,"href":"https:\/\/agora.xtec.cat\/cfa-carmekarr\/wp-json\/wp\/v2\/pages\/9\/revisions\/18542"}],"up":[{"embeddable":true,"href":"https:\/\/agora.xtec.cat\/cfa-carmekarr\/wp-json\/wp\/v2\/pages\/261"}],"wp:attachment":[{"href":"https:\/\/agora.xtec.cat\/cfa-carmekarr\/wp-json\/wp\/v2\/media?parent=9"}],"curies":[{"name":"wp","href":"https:\/\/api.w.org\/{rel}","templated":true}]}}