{"id":39,"date":"2014-09-17T16:36:44","date_gmt":"2014-09-17T16:36:44","guid":{"rendered":"http:\/\/agora.xtec.cat\/cfa-carmekarr\/?page_id=39"},"modified":"2020-03-25T18:04:42","modified_gmt":"2020-03-25T17:04:42","slug":"instal%c2%b7lacions","status":"publish","type":"page","link":"https:\/\/agora.xtec.cat\/cfa-carmekarr\/el-centre\/instal%c2%b7lacions\/","title":{"rendered":"Instal\u00b7lacions"},"content":{"rendered":"<p>Els nostres espais de treball es troben ubicats al M\u00f2dul educatiu i cultural del Centre Penitenciari. S\u00f3n espais d\u2019\u00fas com\u00fa amb la resta d\u2019activitats educatives i culturals. Com a aules d\u2019\u00fas preferent disposem de 8 aules: una (Aula 6) amb una capacitat de 15 alumnes, 4 (Aules 1, 2, 3 i 4) amb una capacitat ideal de 21 persones \u2013l\u2019aula 4 dotada amb pissarra electr\u00f2nica i connexi\u00f3 a internet- i dos aules dotades amb aparells inform\u00e0tics de 15 places cadascuna, una destinada a estudis a dist\u00e0ncia (Aula d\u2019Autoformaci\u00f3) i una altra (Aula d\u2019Inform\u00e0tica) a estudis de Competic i \u00fas general dels diversos grups. Disposem tamb\u00e9 d\u2019un aula d\u2019\u00fas m\u00faltiple (Aula Polivalent) amb capacitat per a 30 persones.<\/p>\n<p>&nbsp;<\/p>\n","protected":false},"excerpt":{"rendered":"<p>Els nostres espais de treball es troben ubicats al M\u00f2dul educatiu i cultural del Centre Penitenciari. S\u00f3n espais d\u2019\u00fas com\u00fa amb la resta d\u2019activitats educatives i culturals. Com a aules d\u2019\u00fas preferent disposem de 8 aules: una (Aula 6) amb una capacitat de 15 alumnes,&hellip;  <a href=\"https:\/\/agora.xtec.cat\/cfa-carmekarr\/el-centre\/instal%c2%b7lacions\/\" title=\"Read Instal\u00b7lacions\">Llegeix m\u00e9s\u00bb<\/a><\/p>\n","protected":false},"author":1,"featured_media":0,"parent":261,"menu_order":30,"comment_status":"closed","ping_status":"closed","template":"page-templates\/side-menu.php","meta":{"_bbp_topic_count":0,"_bbp_reply_count":0,"_bbp_total_topic_count":0,"_bbp_total_reply_count":0,"_bbp_voice_count":0,"_bbp_anonymous_reply_count":0,"_bbp_topic_count_hidden":0,"_bbp_reply_count_hidden":0,"_bbp_forum_subforum_count":0,"footnotes":""},"class_list":["post-39","page","type-page","status-publish","hentry"],"post_mailing_queue_ids":[],"_links":{"self":[{"href":"https:\/\/agora.xtec.cat\/cfa-carmekarr\/wp-json\/wp\/v2\/pages\/39","targetHints":{"allow":["GET"]}}],"collection":[{"href":"https:\/\/agora.xtec.cat\/cfa-carmekarr\/wp-json\/wp\/v2\/pages"}],"about":[{"href":"https:\/\/agora.xtec.cat\/cfa-carmekarr\/wp-json\/wp\/v2\/types\/page"}],"author":[{"embeddable":true,"href":"https:\/\/agora.xtec.cat\/cfa-carmekarr\/wp-json\/wp\/v2\/users\/1"}],"replies":[{"embeddable":true,"href":"https:\/\/agora.xtec.cat\/cfa-carmekarr\/wp-json\/wp\/v2\/comments?post=39"}],"version-history":[{"count":3,"href":"https:\/\/agora.xtec.cat\/cfa-carmekarr\/wp-json\/wp\/v2\/pages\/39\/revisions"}],"predecessor-version":[{"id":2779,"href":"https:\/\/agora.xtec.cat\/cfa-carmekarr\/wp-json\/wp\/v2\/pages\/39\/revisions\/2779"}],"up":[{"embeddable":true,"href":"https:\/\/agora.xtec.cat\/cfa-carmekarr\/wp-json\/wp\/v2\/pages\/261"}],"wp:attachment":[{"href":"https:\/\/agora.xtec.cat\/cfa-carmekarr\/wp-json\/wp\/v2\/media?parent=39"}],"curies":[{"name":"wp","href":"https:\/\/api.w.org\/{rel}","templated":true}]}}